{"id":4946,"date":"2024-04-22T20:46:25","date_gmt":"2024-04-22T20:46:25","guid":{"rendered":"https:\/\/agris.rs\/wordpress\/?page_id=4946"},"modified":"2024-07-29T08:25:24","modified_gmt":"2024-07-29T08:25:24","slug":"geodezija","status":"publish","type":"page","link":"https:\/\/agris.rs\/wordpress\/?page_id=4946","title":{"rendered":"Geodezija, GIS i daljinska detekcija"},"content":{"rendered":"\n<ol>\n<li><\/li>\n<\/ol>\n\n\n\n<p>U konceptu precizne poljoprivrede od izuzetnog je zna\u010daja je da su sve informacije prostorno odre\u0111ene. Kao odgovor na ovakav zahtev se name\u0107e kori\u0161\u0107enje Geografskih informacionih sistema (GIS) u okviru koga je mogu\u0107e na adekvatan na\u010din baratati informacijama i podacima koji su prostorno odre\u0111eni.<\/p>\n\n\n\n<p>\u010clanovi tima ovog odeljenja se bave snimanjem na terenu u cilju prostornog definisanja svih pojava koje su od zna\u010daja za primenu koncepta precizne poljoprivrede. Putem geodetskog snimanja mo\u017eemo na zahtev korisnika:<\/p>\n\n\n\n<ul>\n<li>Izvr\u0161iti snimanje granica poljoprivrednih parcela i formiranje poligona (povr\u0161ina) u GIS modelu podataka<\/li>\n\n\n\n<li>Izvr\u0161iti snimanje svih prepreka na parceli (stubova dalekovoda, melioracionih kanala i ostalo) koje je neophodno mapirati za primenu navigacije po parceli.<\/li>\n\n\n\n<li>Snimanje visinske predstave (reljefa) na parceli i izrade digitalnog modela visina na parceli<\/li>\n\n\n\n<li>Izrade karata nagiba i ekspozicinja na parceli<\/li>\n\n\n\n<li>Utvr\u0111ivanje depresija na parceli \u2013 potencijalnih vodole\u017ei<\/li>\n\n\n\n<li>Snimanje parcele RGB kamerom sa bespilotne letilice i izradu ortfoto mozaika<\/li>\n\n\n\n<li>Snimanje parcele multispektralnom kamerom sa bespilotne letilice i izradu mapa refleksije i mapa raznih vegetacionih indeksa<\/li>\n\n\n\n<li>Izradu GIS modela baze podataka prema potrebama i zahtevima korisnika.<\/li>\n<\/ul>\n\n\n\n<p>Za realizaciju nabrojanih zadataka raspola\u017eemo savremenom geodetskom opremom (totalna geodetska stanica, GNSS prijemnik, bespilotne letilice opremljene RGB i multispektralnim kamerama).&nbsp;Raspolo\u017eiva oprema i znanje omogu\u0107uje snimanja sa centimetarskom ta\u010dno\u0161\u0107u (ako se koristi klasi\u010dno geodetsko snimanje, GNSS snimanje ili snimanje bespilotnom letilicom) ili ni\u017eom ta\u010dno\u0161\u0107u (ako se koriste raspolo\u017eivi satelitski snimci i drugi dostupni izvori podataka). Snimci sa bespilotne letilice sa centimetarskom ta\u010dno\u0161\u0107u omogu\u0107uju preklapanje snimaka iz razli\u010ditih vremenskih epoha i na taj na\u010dim se mogu pratiti odre\u0111ene pojave na parceli sa protokom vremena.<\/p>\n\n\n\n<div class=\"wp-block-columns is-layout-flex wp-container-core-columns-layout-1 wp-block-columns-is-layout-flex\">\n<div class=\"wp-block-column is-layout-flow wp-block-column-is-layout-flow\" style=\"flex-basis:66.66%\">\n<h2 class=\"wp-block-heading\"><a href=\"https:\/\/watermanagement.edu.rs\/centar-za-gis-i-daljinsku-detekciju\/\">Centar za geografske informacione sisteme (GIS) i daljinsku detekciju<\/a><\/h2>\n\n\n\n<p>Centar za geografske informacione sisteme (GIS) i daljinsku detekciju<br>koji je formiran na Departmanu za ure\u0111enje voda okuplja deo nau\u010dnih<br>radnika departmana koji se bave primenom ovih tehnologija u vodoprivredi<br>i poljoprivredi. Vi\u0161e o njemu mo\u017eete pro\u010ditati na&nbsp;<strong><a href=\"https:\/\/watermanagement.edu.rs\/centar-za-gis-i-daljinsku-detekciju\/\">linku.<\/a><\/strong><\/p>\n<\/div>\n\n\n\n<div class=\"wp-block-column is-layout-flow wp-block-column-is-layout-flow\" style=\"flex-basis:33.33%\">\n<figure class=\"wp-block-image size-full\"><img fetchpriority=\"high\" decoding=\"async\" width=\"629\" height=\"625\" src=\"http:\/\/agris.rs\/wordpress\/wp-content\/uploads\/2024\/01\/Logo_GIS.jpg\" alt=\"\" class=\"wp-image-3695\" srcset=\"https:\/\/agris.rs\/wordpress\/wp-content\/uploads\/2024\/01\/Logo_GIS.jpg 629w, https:\/\/agris.rs\/wordpress\/wp-content\/uploads\/2024\/01\/Logo_GIS-300x298.jpg 300w, https:\/\/agris.rs\/wordpress\/wp-content\/uploads\/2024\/01\/Logo_GIS-150x150.jpg 150w\" sizes=\"(max-width: 629px) 100vw, 629px\" \/><\/figure>\n<\/div>\n<\/div>\n\n\n\n<h2 class=\"wp-block-heading has-text-align-center\">Na\u0161 tim<\/h2>\n\n\n<div id=\"team-h\" class=\"ct-div-block\" ><img decoding=\"async\"  id=\"team-h-img\" alt=\"\" src=\"http:\/\/agris.rs\/wordpress\/wp-content\/uploads\/2024\/04\/pavel-benka-1.png\" class=\"ct-image\"\/><div id=\"team-h-content\" class=\"ct-div-block\" ><h3 id=\"headline-10-4857\" class=\"ct-headline\">Dr Pavel Benka\n<\/h3><div id=\"text_block-13-4857\" class=\"ct-text-block\" ><b>Redovni profesor&nbsp;&nbsp;<\/b><br><\/div><div id=\"team-h-bio\" class=\"ct-text-block team-h-bio\" ><div style=\"text-align: left;\">Pavel Benka je redovni profesor na Poljoprivrednom fakultetu za u\u017eu nau\u010dnu oblast Geodezija. Predaje vi\u0161e predmeta iz oblasti geodezije, geodetskog premera terena, geografskih informacionih sistema, daljinske detekcije i ure\u0111enja zemlji\u0161ne teritorije na svim nivoima studija. Oblasti njegovih istra\u017eivanja su primena GIS i daljinske detekcije u poljoprivredi i ure\u0111enju voda, efekti ure\u0111enja zemlji\u0161ne teritorije za poljoprivrednu proizvodnju. Kao autor ili koautor je objavio preko 130 nau\u010dnih i stru\u010dnih radova, u\u010destvovao je u ve\u0107em proju nau\u010dnih projekata na nacionalnom ili me\u0111unarodnom nivou.\n\n<\/div><\/div><\/div><\/div>\n\n<div id=\"team-h\" class=\"ct-div-block\" ><img decoding=\"async\"  id=\"team-h-img\" alt=\"\" src=\"http:\/\/agris.rs\/wordpress\/wp-content\/uploads\/2024\/04\/nikola-santrac-1.jpg\" class=\"ct-image\"\/><div id=\"team-h-content\" class=\"ct-div-block\" ><h3 id=\"headline-10-4857\" class=\"ct-headline\">M.Sc. Nikola Santra\u010d\n<\/h3><div id=\"text_block-13-4857\" class=\"ct-text-block\" ><b>Asistent&nbsp;&nbsp;<\/b><br><\/div><div id=\"team-h-bio\" class=\"ct-text-block team-h-bio\" ><div style=\"text-align: left;\">Master in\u017eenjer geodezije i geoinformatike. Doktorand na Fakultetu tehni\u010dkih nauka u Novom Sadu. Predaje ve\u017ebe na Poljoprivrednom fakultetu na predmetima iz oblasti geodezije i GIS-a. Pored toga se bavi istra\u017eivanjima i uslugama iz oblasti geodezije, GIS-a, fotogrametrije i daljinske detekcije.\n\n<\/div><\/div><\/div><\/div>\n\n<div id=\"team-h\" class=\"ct-div-block\" ><img decoding=\"async\"  id=\"team-h-img\" alt=\"\" src=\"http:\/\/agris.rs\/wordpress\/wp-content\/uploads\/2024\/04\/dr-rados-zemunac-1.jpg\" class=\"ct-image\"\/><div id=\"team-h-content\" class=\"ct-div-block\" ><h3 id=\"headline-10-4857\" class=\"ct-headline\">Dr Rado\u0161 Zemunac\n<\/h3><div id=\"text_block-13-4857\" class=\"ct-text-block\" ><b>Docent<\/b><br><\/div><div id=\"team-h-bio\" class=\"ct-text-block team-h-bio\" ><div style=\"text-align: left;\">Dr Rado\u0161 Zemunac je docent na Poljoprivrednom fakultetu u Novom Sadu za u\u017eu nau\u010dnu oblast Ure\u0111enje, za\u0161tita i kori\u0161\u0107enje voda. Fokus njegovog nau\u010dnog rada usmeren je na kvalitet vodnih resursa, kao i primenu GIS-a u hidrolo\u0161kim istra\u017eivanjima. Kao autor i koautor objavio je preko 40 nau\u010dnih radova razli\u010ditih kategorija, u\u010destvovao je na vi\u0161e doma\u0107ih i me\u0111unarodnih projekata i izradi jedne studije.\n\n<\/div><\/div><\/div><\/div>","protected":false},"excerpt":{"rendered":"<p>U konceptu precizne poljoprivrede od izuzetnog je zna\u010daja je da su sve informacije prostorno odre\u0111ene. Kao odgovor na ovakav zahtev se name\u0107e kori\u0161\u0107enje Geografskih informacionih sistema (GIS) u okviru koga je mogu\u0107e na adekvatan na\u010din baratati informacijama i podacima koji su prostorno odre\u0111eni. \u010clanovi tima ovog odeljenja se bave snimanjem na terenu u cilju prostornog [&hellip;]<\/p>\n","protected":false},"author":11,"featured_media":0,"parent":0,"menu_order":0,"comment_status":"closed","ping_status":"closed","template":"","meta":{"_acf_changed":false,"footnotes":""},"acf":[],"_links":{"self":[{"href":"https:\/\/agris.rs\/wordpress\/index.php?rest_route=\/wp\/v2\/pages\/4946"}],"collection":[{"href":"https:\/\/agris.rs\/wordpress\/index.php?rest_route=\/wp\/v2\/pages"}],"about":[{"href":"https:\/\/agris.rs\/wordpress\/index.php?rest_route=\/wp\/v2\/types\/page"}],"author":[{"embeddable":true,"href":"https:\/\/agris.rs\/wordpress\/index.php?rest_route=\/wp\/v2\/users\/11"}],"replies":[{"embeddable":true,"href":"https:\/\/agris.rs\/wordpress\/index.php?rest_route=%2Fwp%2Fv2%2Fcomments&post=4946"}],"version-history":[{"count":5,"href":"https:\/\/agris.rs\/wordpress\/index.php?rest_route=\/wp\/v2\/pages\/4946\/revisions"}],"predecessor-version":[{"id":5049,"href":"https:\/\/agris.rs\/wordpress\/index.php?rest_route=\/wp\/v2\/pages\/4946\/revisions\/5049"}],"wp:attachment":[{"href":"https:\/\/agris.rs\/wordpress\/index.php?rest_route=%2Fwp%2Fv2%2Fmedia&parent=4946"}],"curies":[{"name":"wp","href":"https:\/\/api.w.org\/{rel}","templated":true}]}}