{"id":4941,"date":"2024-04-22T20:31:30","date_gmt":"2024-04-22T20:31:30","guid":{"rendered":"https:\/\/agris.rs\/wordpress\/?page_id=4941"},"modified":"2024-04-22T20:40:53","modified_gmt":"2024-04-22T20:40:53","slug":"meteorologija","status":"publish","type":"page","link":"https:\/\/agris.rs\/wordpress\/?page_id=4941","title":{"rendered":"Meteorologija"},"content":{"rendered":"\n<p>Agrometeorologija, primenjena meteorologija, je interdisciplinarna holisti\u010dka nauka koja se bavi prou\u010davanjem uticaja meteorolo\u0161kih elemenata na poljoprivrednu proizvodnju. Njen zna\u010daj u poljoprivredi je neosporno velik, jer pravilno razumevanje i predvi\u0111anje vremenskih fenomena omogu\u0107ava poljoprivrednicima da donesu klju\u010dne odluke o vremenu sadnje, zalivanju, za\u0161titi useva od \u0161teto\u010dina i bolesti, kao i vremenu berbe. Agrometeorolo\u0161ke informacije poma\u017eu u pove\u0107anju prinosa, smanjenju rizika i optimizaciji resursa u poljoprivrednoj proizvodnji, \u0161to je od su\u0161tinskog zna\u010daja za globalnu ishranu i odr\u017eivu poljoprivredu.<\/p>\n\n\n\n<p>Meteorologija i klimatologija imaju dugu istoriju na Poljoprivrednom fakultetu u Novom Sadu. Grupa za meteorologiju poseban akcenat stavlja na istra\u017eivanja uticaja atmosferskih prilika na biljku i biljke na atmosferu. Kroz godine, istorija ove oblasti, kao i uspe\u0161na unutra\u0161nja i me\u0111unarodna saradnja, omogu\u0107ile su nam da sa zainteresovanima podelimo sakupljeno znanje iz oblasti agrometeorologije.<\/p>\n\n\n\n<details class=\"wp-block-details is-layout-flow wp-block-details-is-layout-flow\"><summary>Preporuke za monitoring<\/summary>\n<p>Postavljanje opreme za monitoring mikrometeorolo\u0161kih uslova u ratarskoj, povrtarskoj i vo\u0107arskoj proizvodnji ustalilo se kao primer dobre prakse, igraju\u0107i klju\u010dnu ulogu u prevenciji i upravljanju bolestima i \u0161teto\u010dinama, pobolj\u0161avaju\u0107i kvalitet i kvantitet prinosa, smanjuju\u0107i tro\u0161kove i doprinose\u0107i odr\u017eivosti poljoprivredne proizvodnje.<\/p>\n\n\n<div class=\"wpforms-container wpforms-container-full wpforms-render-modern\" id=\"wpforms-2320\"><form id=\"wpforms-form-2320\" class=\"wpforms-validate wpforms-form wpforms-ajax-form\" data-formid=\"2320\" method=\"post\" enctype=\"multipart\/form-data\" action=\"\/wordpress\/index.php?rest_route=%2Fwp%2Fv2%2Fpages%2F4941\" data-token=\"e4b98234784e5c4b5d377e4c6e1c423d\" data-token-time=\"1777667611\"><noscript class=\"wpforms-error-noscript\">Please enable JavaScript in your browser to complete this form.<\/noscript><div class=\"wpforms-hidden\" id=\"wpforms-error-noscript\">Please enable JavaScript in your browser to complete this form.<\/div><div class=\"wpforms-field-container\"><div id=\"wpforms-2320-field_0-container\" class=\"wpforms-field wpforms-field-name\" data-field-id=\"0\"><label class=\"wpforms-field-label\" for=\"wpforms-2320-field_0\">Ime <span class=\"wpforms-required-label\" aria-hidden=\"true\">*<\/span><\/label><input type=\"text\" id=\"wpforms-2320-field_0\" class=\"wpforms-field-medium wpforms-field-required\" name=\"wpforms[fields][0]\" aria-errormessage=\"wpforms-2320-field_0-error\" required><\/div><div id=\"wpforms-2320-field_1-container\" class=\"wpforms-field wpforms-field-email\" data-field-id=\"1\"><label class=\"wpforms-field-label\" for=\"wpforms-2320-field_1\">Email <span class=\"wpforms-required-label\" aria-hidden=\"true\">*<\/span><\/label><input type=\"email\" id=\"wpforms-2320-field_1\" class=\"wpforms-field-medium wpforms-field-required\" name=\"wpforms[fields][1]\" spellcheck=\"false\" aria-errormessage=\"wpforms-2320-field_1-error\" required><\/div><div id=\"wpforms-2320-field_2-container\" class=\"wpforms-field wpforms-field-textarea\" data-field-id=\"2\"><label class=\"wpforms-field-label\" for=\"wpforms-2320-field_2\">Komentar ili poruka<\/label><textarea id=\"wpforms-2320-field_2\" class=\"wpforms-field-medium\" name=\"wpforms[fields][2]\" aria-errormessage=\"wpforms-2320-field_2-error\" ><\/textarea><\/div><div id=\"wpforms-2320-field_3-container\" class=\"wpforms-field wpforms-field-text\" data-field-id=\"3\"><label class=\"wpforms-field-label\" for=\"wpforms-2320-field_3\">Latituda<\/label><input type=\"text\" id=\"wpforms-2320-field_3\" class=\"wpforms-field-medium\" name=\"wpforms[fields][3]\" aria-errormessage=\"wpforms-2320-field_3-error\" aria-describedby=\"wpforms-2320-field_3-description\" ><div id=\"wpforms-2320-field_3-description\" class=\"wpforms-field-description\">Upi\u0161i geografsku \u0161irinu u decimalnom obliku.<\/div><\/div><div id=\"wpforms-2320-field_4-container\" class=\"wpforms-field wpforms-field-text\" data-field-id=\"4\"><label class=\"wpforms-field-label\" for=\"wpforms-2320-field_4\">Longituda<\/label><input type=\"text\" id=\"wpforms-2320-field_4\" class=\"wpforms-field-medium\" name=\"wpforms[fields][4]\" aria-errormessage=\"wpforms-2320-field_4-error\" aria-describedby=\"wpforms-2320-field_4-description\" ><div id=\"wpforms-2320-field_4-description\" class=\"wpforms-field-description\">Upi\u0161i geografsku du\u017einu u decimalnom obliku.<\/div><\/div><div id=\"wpforms-2320-field_5-container\" class=\"wpforms-field wpforms-field-number-slider\" data-field-id=\"5\"><label class=\"wpforms-field-label\" for=\"wpforms-2320-field_5\">Nadmorska visina<\/label>\n<input\n\ttype=\"range\"\n\tid=\"wpforms-2320-field_5\" class=\"wpforms-field-medium\" name=\"wpforms[fields][5]\" value=\"80\" aria-errormessage=\"wpforms-2320-field_5-error\"\t\tmin=\"0\"\n\tmax=\"700\"\n\tstep=\"10\">\n\n<div class=\"wpforms-field-number-slider-hint\"\n\tdata-hint=\"Selected Value: {value}\">\n\tSelected Value: <b>80<\/b><\/div>\n<\/div><div id=\"wpforms-2320-field_6-container\" class=\"wpforms-field wpforms-field-select wpforms-field-select-style-classic\" data-field-id=\"6\"><label class=\"wpforms-field-label\" for=\"wpforms-2320-field_6\">Osnovna kultura koja se gaji <\/label><select id=\"wpforms-2320-field_6\" class=\"wpforms-field-medium\" name=\"wpforms[fields][6]\"><option value=\"Ratarska\" >Ratarska<\/option><option value=\"Povrtarska\" >Povrtarska<\/option><option value=\"Vo\u0107arska ili vinogradarska\" >Vo\u0107arska ili vinogradarska<\/option><\/select><\/div><div id=\"wpforms-2320-field_7-container\" class=\"wpforms-field wpforms-field-checkbox\" data-field-id=\"7\"><fieldset><legend class=\"wpforms-field-label\">Da li koristite neke od agrotehni\u010dkih mera?<\/legend><ul id=\"wpforms-2320-field_7\"><li class=\"choice-1 depth-1\"><input type=\"checkbox\" id=\"wpforms-2320-field_7_1\" name=\"wpforms[fields][7][]\" value=\"Navodnjavanje\" aria-errormessage=\"wpforms-2320-field_7_1-error\"  ><label class=\"wpforms-field-label-inline\" for=\"wpforms-2320-field_7_1\">Navodnjavanje<\/label><\/li><li class=\"choice-2 depth-1\"><input type=\"checkbox\" id=\"wpforms-2320-field_7_2\" name=\"wpforms[fields][7][]\" value=\"Za\u0161titne mre\u017ee\" aria-errormessage=\"wpforms-2320-field_7_2-error\"  ><label class=\"wpforms-field-label-inline\" for=\"wpforms-2320-field_7_2\">Za\u0161titne mre\u017ee<\/label><\/li><li class=\"choice-3 depth-1\"><input type=\"checkbox\" id=\"wpforms-2320-field_7_3\" name=\"wpforms[fields][7][]\" value=\"Gajenje pod folijama\" aria-errormessage=\"wpforms-2320-field_7_3-error\"  ><label class=\"wpforms-field-label-inline\" for=\"wpforms-2320-field_7_3\">Gajenje pod folijama<\/label><\/li><li class=\"choice-4 depth-1\"><input type=\"checkbox\" id=\"wpforms-2320-field_7_4\" name=\"wpforms[fields][7][]\" value=\"Ne\" aria-errormessage=\"wpforms-2320-field_7_4-error\"  ><label class=\"wpforms-field-label-inline\" for=\"wpforms-2320-field_7_4\">Ne<\/label><\/li><\/ul><\/fieldset><\/div><div id=\"wpforms-2320-field_8-container\" class=\"wpforms-field wpforms-field-textarea\" data-field-id=\"8\"><label class=\"wpforms-field-label\" for=\"wpforms-2320-field_8\">Koji je va\u0161 razlog za postavljenje monitoringa mikrometeorolo\u0161kih uslova?  <span class=\"wpforms-required-label\" aria-hidden=\"true\">*<\/span><\/label><textarea id=\"wpforms-2320-field_8\" class=\"wpforms-field-medium wpforms-field-required\" name=\"wpforms[fields][8]\" aria-errormessage=\"wpforms-2320-field_8-error\" aria-describedby=\"wpforms-2320-field_8-description\" required><\/textarea><div id=\"wpforms-2320-field_8-description\" class=\"wpforms-field-description\">Opi\u0161ite iz kog razloga \u017eelite da pratite mikrometeorolo\u0161ke uslove.<\/div><\/div><div id=\"wpforms-2320-field_9-container\" class=\"wpforms-field wpforms-field-checkbox\" data-field-id=\"9\"><fieldset><legend class=\"wpforms-field-label\">Da li se u neposrednoj blizini parcele ili na njoj nalazi<\/legend><ul id=\"wpforms-2320-field_9\"><li class=\"choice-1 depth-1\"><input type=\"checkbox\" id=\"wpforms-2320-field_9_1\" name=\"wpforms[fields][9][]\" value=\"Velika saobra\u0107ajnica\" aria-errormessage=\"wpforms-2320-field_9_1-error\"  ><label class=\"wpforms-field-label-inline\" for=\"wpforms-2320-field_9_1\">Velika saobra\u0107ajnica<\/label><\/li><li class=\"choice-2 depth-1\"><input type=\"checkbox\" id=\"wpforms-2320-field_9_2\" name=\"wpforms[fields][9][]\" value=\"Objekat ve\u0107i od 100 m2\" aria-errormessage=\"wpforms-2320-field_9_2-error\"  ><label class=\"wpforms-field-label-inline\" for=\"wpforms-2320-field_9_2\">Objekat ve\u0107i od 100 m2<\/label><\/li><li class=\"choice-3 depth-1\"><input type=\"checkbox\" id=\"wpforms-2320-field_9_3\" name=\"wpforms[fields][9][]\" value=\"Objekat manji od 100 m2\" aria-errormessage=\"wpforms-2320-field_9_3-error\"  ><label class=\"wpforms-field-label-inline\" for=\"wpforms-2320-field_9_3\">Objekat manji od 100 m2<\/label><\/li><\/ul><\/fieldset><\/div><div id=\"wpforms-2320-field_11-container\" class=\"wpforms-field wpforms-field-textarea\" data-field-id=\"11\"><label class=\"wpforms-field-label\" for=\"wpforms-2320-field_11\">Ukoliko ste na prethodno pitanje dali odgovor opi\u0161ite nam okolinu parcele sa vi\u0161e detalja.<\/label><textarea id=\"wpforms-2320-field_11\" class=\"wpforms-field-medium\" name=\"wpforms[fields][11]\" aria-errormessage=\"wpforms-2320-field_11-error\" ><\/textarea><\/div><\/div><!-- .wpforms-field-container --><div class=\"wpforms-submit-container\" ><input type=\"hidden\" name=\"wpforms[id]\" value=\"2320\"><input type=\"hidden\" name=\"page_title\" value=\"\"><input type=\"hidden\" name=\"page_url\" value=\"https:\/\/agris.rs\/wordpress\/index.php?rest_route=%2Fwp%2Fv2%2Fpages%2F4941\"><button type=\"submit\" name=\"wpforms[submit]\" id=\"wpforms-submit-2320\" class=\"wpforms-submit\" data-alt-text=\"Slanje...\" data-submit-text=\"Po\u0161alji\" aria-live=\"assertive\" value=\"wpforms-submit\">Po\u0161alji<\/button><img decoding=\"async\" src=\"https:\/\/agris.rs\/wordpress\/wp-content\/plugins\/wpforms-lite\/assets\/images\/submit-spin.svg\" class=\"wpforms-submit-spinner\" style=\"display: none;\" width=\"26\" height=\"26\" alt=\"Loading\"><\/div><\/form><\/div>  <!-- .wpforms-container -->\n<\/details>\n\n\n\n<details class=\"wp-block-details is-layout-flow wp-block-details-is-layout-flow\"><summary>Procena reprezentivnosti meteorolo\u0161kih podataka<\/summary>\n<p>Procena uklju\u010duje slede\u0107e aspekte: preuzimanje, pregled i filtriranje postoje\u0107ih podataka, statisti\u010dku analizu za razumevanje tipi\u010dnih meteorolo\u0161kih uslova i varijabilnosti, upore\u0111ivanje i rangiranje dostupnih podataka sa podacima sa referentnih meteorolo\u0161kih stanica u okolini, kao i procenu upotrebe podataka sa referentnih meteorolo\u0161kih stanica ukoliko drugi podaci nisu dostupni<\/p>\n\n\n<div class=\"wpforms-container wpforms-container-full wpforms-render-modern\" id=\"wpforms-2280\"><form id=\"wpforms-form-2280\" class=\"wpforms-validate wpforms-form wpforms-ajax-form\" data-formid=\"2280\" method=\"post\" enctype=\"multipart\/form-data\" action=\"\/wordpress\/index.php?rest_route=%2Fwp%2Fv2%2Fpages%2F4941\" data-token=\"80bbcadc14b82a42227a52dfbc6d25a9\" data-token-time=\"1777667611\"><noscript class=\"wpforms-error-noscript\">Please enable JavaScript in your browser to complete this form.<\/noscript><div class=\"wpforms-hidden\" id=\"wpforms-error-noscript\">Please enable JavaScript in your browser to complete this form.<\/div><div class=\"wpforms-field-container\"><div id=\"wpforms-2280-field_1-container\" class=\"wpforms-field wpforms-field-name\" data-field-id=\"1\"><label class=\"wpforms-field-label\" for=\"wpforms-2280-field_1\">Ime <span class=\"wpforms-required-label\" aria-hidden=\"true\">*<\/span><\/label><input type=\"text\" id=\"wpforms-2280-field_1\" class=\"wpforms-field-medium wpforms-field-required\" name=\"wpforms[fields][1]\" aria-errormessage=\"wpforms-2280-field_1-error\" required><\/div><div id=\"wpforms-2280-field_11-container\" class=\"wpforms-field wpforms-field-email\" data-field-id=\"11\"><label class=\"wpforms-field-label\" for=\"wpforms-2280-field_11\">Email <span class=\"wpforms-required-label\" aria-hidden=\"true\">*<\/span><\/label><input type=\"email\" id=\"wpforms-2280-field_11\" class=\"wpforms-field-medium wpforms-field-required\" name=\"wpforms[fields][11]\" spellcheck=\"false\" aria-errormessage=\"wpforms-2280-field_11-error\" required><\/div><div id=\"wpforms-2280-field_4-container\" class=\"wpforms-field wpforms-field-text\" data-field-id=\"4\"><label class=\"wpforms-field-label\" for=\"wpforms-2280-field_4\">Latituda <span class=\"wpforms-required-label\" aria-hidden=\"true\">*<\/span><\/label><input type=\"text\" id=\"wpforms-2280-field_4\" class=\"wpforms-field-medium wpforms-field-required\" name=\"wpforms[fields][4]\" aria-errormessage=\"wpforms-2280-field_4-error\" aria-describedby=\"wpforms-2280-field_4-description\" required><div id=\"wpforms-2280-field_4-description\" class=\"wpforms-field-description\">Upi\u0161i geografsku \u0161irinu u decimalnom obliku. <\/div><\/div><div id=\"wpforms-2280-field_5-container\" class=\"wpforms-field wpforms-field-text\" data-field-id=\"5\"><label class=\"wpforms-field-label\" for=\"wpforms-2280-field_5\">Longituda <span class=\"wpforms-required-label\" aria-hidden=\"true\">*<\/span><\/label><input type=\"text\" id=\"wpforms-2280-field_5\" class=\"wpforms-field-medium wpforms-field-required\" name=\"wpforms[fields][5]\" aria-errormessage=\"wpforms-2280-field_5-error\" aria-describedby=\"wpforms-2280-field_5-description\" required><div id=\"wpforms-2280-field_5-description\" class=\"wpforms-field-description\">Upi\u0161i geografsku du\u017einu u decimalnom obliku. <\/div><\/div><div id=\"wpforms-2280-field_12-container\" class=\"wpforms-field wpforms-field-number-slider\" data-field-id=\"12\"><label class=\"wpforms-field-label\" for=\"wpforms-2280-field_12\">Nadmorska visina<\/label>\n<input\n\ttype=\"range\"\n\tid=\"wpforms-2280-field_12\" class=\"wpforms-field-medium\" name=\"wpforms[fields][12]\" value=\"80\" aria-errormessage=\"wpforms-2280-field_12-error\"\t\tmin=\"0\"\n\tmax=\"700\"\n\tstep=\"1\">\n\n<div class=\"wpforms-field-number-slider-hint\"\n\tdata-hint=\"Selected Value: {value}\">\n\tSelected Value: <b>80<\/b><\/div>\n<\/div><div id=\"wpforms-2280-field_9-container\" class=\"wpforms-field wpforms-field-select wpforms-field-select-style-classic\" data-field-id=\"9\"><label class=\"wpforms-field-label\" for=\"wpforms-2280-field_9\">Osnovna kultura koja se gaji <span class=\"wpforms-required-label\" aria-hidden=\"true\">*<\/span><\/label><select id=\"wpforms-2280-field_9\" class=\"wpforms-field-medium wpforms-field-required\" name=\"wpforms[fields][9]\" required=\"required\"><option value=\"Ratarska\" >Ratarska<\/option><option value=\"Povrtarska\" >Povrtarska<\/option><option value=\"Vo\u0107arska\" >Vo\u0107arska<\/option><option value=\"Vinogradarska\" >Vinogradarska<\/option><\/select><\/div><div id=\"wpforms-2280-field_15-container\" class=\"wpforms-field wpforms-field-text\" data-field-id=\"15\"><label class=\"wpforms-field-label\" for=\"wpforms-2280-field_15\">Tip zemlji\u0161ta<\/label><input type=\"text\" id=\"wpforms-2280-field_15\" class=\"wpforms-field-medium\" name=\"wpforms[fields][15]\" aria-errormessage=\"wpforms-2280-field_15-error\" aria-describedby=\"wpforms-2280-field_15-description\" ><div id=\"wpforms-2280-field_15-description\" class=\"wpforms-field-description\">Ukoliko znate upi\u0161ite koji je tip zemlji\u0161ta na posmatranoj parceli.<\/div><\/div><div id=\"wpforms-2280-field_13-container\" class=\"wpforms-field wpforms-field-radio\" data-field-id=\"13\"><fieldset><legend class=\"wpforms-field-label\">Opi\u0161i okolinu <span class=\"wpforms-required-label\" aria-hidden=\"true\">*<\/span><\/legend><ul id=\"wpforms-2280-field_13\" class=\"wpforms-field-required\"><li class=\"choice-1 depth-1\"><input type=\"radio\" id=\"wpforms-2280-field_13_1\" name=\"wpforms[fields][13]\" value=\"10% oranice, 90% vocnjaci, vinogradi, pa\u0161njaci, \u0161uma\" aria-errormessage=\"wpforms-2280-field_13_1-error\" aria-describedby=\"wpforms-2280-field_13-description\" required ><label class=\"wpforms-field-label-inline\" for=\"wpforms-2280-field_13_1\">10% oranice, 90% vocnjaci, vinogradi, pa\u0161njaci, \u0161uma<\/label><\/li><li class=\"choice-2 depth-1\"><input type=\"radio\" id=\"wpforms-2280-field_13_2\" name=\"wpforms[fields][13]\" value=\"50% oranice, 50% vocnjaci, vinogradi, pa\u0161njaci, \u0161uma\" aria-errormessage=\"wpforms-2280-field_13_2-error\" aria-describedby=\"wpforms-2280-field_13-description\" required ><label class=\"wpforms-field-label-inline\" for=\"wpforms-2280-field_13_2\">50% oranice, 50% vocnjaci, vinogradi, pa\u0161njaci, \u0161uma<\/label><\/li><li class=\"choice-3 depth-1\"><input type=\"radio\" id=\"wpforms-2280-field_13_3\" name=\"wpforms[fields][13]\" value=\"90% oranice, 10% vocnjaci, vinogradi, pa\u0161njaci, \u0161uma\" aria-errormessage=\"wpforms-2280-field_13_3-error\" aria-describedby=\"wpforms-2280-field_13-description\" required ><label class=\"wpforms-field-label-inline\" for=\"wpforms-2280-field_13_3\">90% oranice, 10% vocnjaci, vinogradi, pa\u0161njaci, \u0161uma<\/label><\/li><\/ul><div id=\"wpforms-2280-field_13-description\" class=\"wpforms-field-description\">Izaberi odgovor koji najvi\u0161e opisuje okolinu parcele.<\/div><\/fieldset><\/div><div id=\"wpforms-2280-field_14-container\" class=\"wpforms-field wpforms-field-select wpforms-field-select-style-classic\" data-field-id=\"14\"><label class=\"wpforms-field-label\" for=\"wpforms-2280-field_14\">Da li je parcela u neposrednoj blizini reke ili jezera? <\/label><select id=\"wpforms-2280-field_14\" class=\"wpforms-field-medium\" name=\"wpforms[fields][14]\"><option value=\"Da\" >Da<\/option><option value=\"Ne\" >Ne<\/option><\/select><div id=\"wpforms-2280-field_14-description\" class=\"wpforms-field-description\">na manje od 10 km<\/div><\/div><div id=\"wpforms-2280-field_16-container\" class=\"wpforms-field wpforms-field-text\" data-field-id=\"16\"><label class=\"wpforms-field-label\" for=\"wpforms-2280-field_16\">Dodatno<\/label><input type=\"text\" id=\"wpforms-2280-field_16\" class=\"wpforms-field-medium\" name=\"wpforms[fields][16]\" aria-errormessage=\"wpforms-2280-field_16-error\" aria-describedby=\"wpforms-2280-field_16-description\" ><div id=\"wpforms-2280-field_16-description\" class=\"wpforms-field-description\">Ukoliko imate ne\u0161to da dodate, npr. blizina velike saobra\u0107ajnice, ili objekta ve\u0107ih razmera upi\u0161ite.<\/div><\/div><\/div><!-- .wpforms-field-container --><div class=\"wpforms-submit-container\" ><input type=\"hidden\" name=\"wpforms[id]\" value=\"2280\"><input type=\"hidden\" name=\"page_title\" value=\"\"><input type=\"hidden\" name=\"page_url\" value=\"https:\/\/agris.rs\/wordpress\/index.php?rest_route=%2Fwp%2Fv2%2Fpages%2F4941\"><button type=\"submit\" name=\"wpforms[submit]\" id=\"wpforms-submit-2280\" class=\"wpforms-submit\" data-alt-text=\"\u0160aljem...\" data-submit-text=\"Po\u0161alji\" aria-live=\"assertive\" value=\"wpforms-submit\">Po\u0161alji<\/button><img decoding=\"async\" src=\"https:\/\/agris.rs\/wordpress\/wp-content\/plugins\/wpforms-lite\/assets\/images\/submit-spin.svg\" class=\"wpforms-submit-spinner\" style=\"display: none;\" width=\"26\" height=\"26\" alt=\"Loading\"><\/div><\/form><\/div>  <!-- .wpforms-container -->\n<\/details>\n","protected":false},"excerpt":{"rendered":"<p>Agrometeorologija, primenjena meteorologija, je interdisciplinarna holisti\u010dka nauka koja se bavi prou\u010davanjem uticaja meteorolo\u0161kih elemenata na poljoprivrednu proizvodnju. Njen zna\u010daj u poljoprivredi je neosporno velik, jer pravilno razumevanje i predvi\u0111anje vremenskih fenomena omogu\u0107ava poljoprivrednicima da donesu klju\u010dne odluke o vremenu sadnje, zalivanju, za\u0161titi useva od \u0161teto\u010dina i bolesti, kao i vremenu berbe. Agrometeorolo\u0161ke informacije poma\u017eu u [&hellip;]<\/p>\n","protected":false},"author":11,"featured_media":4942,"parent":0,"menu_order":0,"comment_status":"closed","ping_status":"closed","template":"","meta":{"_acf_changed":false,"footnotes":""},"acf":[],"_links":{"self":[{"href":"https:\/\/agris.rs\/wordpress\/index.php?rest_route=\/wp\/v2\/pages\/4941"}],"collection":[{"href":"https:\/\/agris.rs\/wordpress\/index.php?rest_route=\/wp\/v2\/pages"}],"about":[{"href":"https:\/\/agris.rs\/wordpress\/index.php?rest_route=\/wp\/v2\/types\/page"}],"author":[{"embeddable":true,"href":"https:\/\/agris.rs\/wordpress\/index.php?rest_route=\/wp\/v2\/users\/11"}],"replies":[{"embeddable":true,"href":"https:\/\/agris.rs\/wordpress\/index.php?rest_route=%2Fwp%2Fv2%2Fcomments&post=4941"}],"version-history":[{"count":2,"href":"https:\/\/agris.rs\/wordpress\/index.php?rest_route=\/wp\/v2\/pages\/4941\/revisions"}],"predecessor-version":[{"id":4945,"href":"https:\/\/agris.rs\/wordpress\/index.php?rest_route=\/wp\/v2\/pages\/4941\/revisions\/4945"}],"wp:featuredmedia":[{"embeddable":true,"href":"https:\/\/agris.rs\/wordpress\/index.php?rest_route=\/wp\/v2\/media\/4942"}],"wp:attachment":[{"href":"https:\/\/agris.rs\/wordpress\/index.php?rest_route=%2Fwp%2Fv2%2Fmedia&parent=4941"}],"curies":[{"name":"wp","href":"https:\/\/api.w.org\/{rel}","templated":true}]}}