{"id":4936,"date":"2024-04-22T20:19:02","date_gmt":"2024-04-22T20:19:02","guid":{"rendered":"https:\/\/agris.rs\/wordpress\/?page_id=4936"},"modified":"2024-04-22T20:21:31","modified_gmt":"2024-04-22T20:21:31","slug":"ratarstvo","status":"publish","type":"page","link":"https:\/\/agris.rs\/wordpress\/?page_id=4936","title":{"rendered":"Ratarstvo"},"content":{"rendered":"\n<p>Te\u017enja za konstatnim pove\u0107anjem prinosa i pobolj\u0161anja efikasnosti proizvodnje u uslovima izmenjenih klimatskih uslova nametnula je nove izazove koji poljoprivredu sve vi\u0161e usmeravaju ka kori\u0161\u0107enju inovativnih re\u0161enja uz uva\u017eavanje specfi\u010dnosti svake parcele, godine i usmeravanje agrothenike na specifi\u010dne zahteva biljaka (sorti\/hibrida). Otuda unapre\u0111enje poljoprivredne proizvodnje mo\u017ee da se o\u010dekuje u pravcu \u0161to ve\u0107e kontrole ekolo\u0161kih uslova proizvodnje kroz precizno definisanje koli\u010dine hraniva, vode i svetlosti u skladu sa njenim zahtevima. Me\u0111utim ono \u0161to predhodi svakoj proizvodnji predstavlja upoznavanje sa vladaju\u0107im agroekolo\u0161kim uslovima rejona i pogodnostima koje on pru\u017ea za odre\u0111en sistem poljoprivredene proizvodnje. Uskla\u0111ivanjem sa postoje\u0107im agroeko\u0161kim uslovima kroz odabir odgovaraju\u0107eg sistema ratarenja (plodored, obrada, \u0111ubrenje) obezbe\u0111uje se dugoro\u010dno stabilizacija proizvodnih uslova i na taj na\u010din pribli\u017eavamo se ostvarivanju zacrtanog cilja.&nbsp;Grupa okupljena oko \u201cratarstva\u201d nudi holisti\u010dki pristup kroz&nbsp;razli\u010dita re\u0161enja koja mogu da usmere proizvodnju u pravcu ostvarenja ve\u0107ih&nbsp;prinosa i efikasnosti proizvodnje kori\u0161enjem najsavremenih nau\u010dnih rezultata iz&nbsp;ove oblasti i integralni pristup proizvodnji kreiraju\u0107i individulana re\u0161enja za razli\u010dite korisnike.<\/p>\n\n\n\n<p><strong>REJONIZACIJA<\/strong><\/p>\n\n\n\n<p>Iako je terirorija AP Vojvodine relativno malo geografsko podru\u010dje postoji velika raznovrsnost vladaju\u0107ih uslova proizvodnje \u0161to pru\u017ea velike mogu\u0107nosti za kombinovanje i implemantaciju razli\u010ditih proizvodnih strategija i metoda.&nbsp; Dosada\u0161nje aktivnosti u rajoniozaciji i mapiranju koje su sprovedene nisu imale mogu\u0107nost kori\u0161\u0107enja digitalnih i informacionih tehnologija.&nbsp;<\/p>\n\n\n\n<p>Primena platforme AGRIS-a&nbsp; \u0107e omogu\u0107iti br\u017ei horizontalni i vertikalni protok podataka pove\u0107ati preciznost rejonizacije i usmeravanje rejonizacije u skladu sa zahtevima korisnika. \u041aombinovanjem i analizom raspolo\u017eivih informacija o klimatskim karakteristikama, reljefa, zemlji\u0161nim svojstvima, visini prinosa i drugih baza podataka korisnicima \u0107e biti omogu\u0107eno da dobiju preporuke o mogu\u0107nosti gajenja razli\u010ditih ratarskih useva, njihove zastupljenosti u sistemu proizvodnje i sortimenta (rane ili kasne sorte i hibridi). Na osnovu rejonizacije korisnici \u0107e dobijati preliminarne informacije (verovatno\u0107u) ostvarenja potencijalnog prinosa uz primenu odgovoraju\u0107e agrotehnike.&nbsp;<\/p>\n\n\n\n<p>Rejonizacija \u0107e se bazirati na kriti\u010dnim vrednostima za rapolo\u017eive podloge u mapiranju koje \u0107e biti rangirane prema va\u017enosti u proizvodnji. Na osnovu kriterijuma koji \u0107e biti definisani za razli\u010dite rejone gajanja i na osnovu predhodno postignutih prinosa i kriti\u010dnih ograni\u010denja modelovanje potencijalnih prinosa gajenih useva \u0107e pru\u017eiti informacije i neopohonih aktivnostim koje je potrebno preduzeti u cilju pove\u0107anja stabilnosti prinosa. Uvo\u0111enje rejonizacije \u0107e doprineti da se efikasnije koriste specifi\u010dnosti proizvodnog podru\u010dja i bolje iskoriste komparativne prednosti pojedinih lokaliteta.<\/p>\n\n\n\n<p>Na rasploganju su slede\u0107e usluge:<\/p>\n\n\n\n<ol>\n<li>Postavljanje, pra\u0107enje i analiza biolo\u0161kih eksperimenta (ogleda) u za\u0161ti\u0107enom prostoru<\/li>\n\n\n\n<li>Analiza i definisanje tehnolo\u0161ke karte proizvodenje na gazdinstu i kreiranje \u201csistema ratarenja\u201d u zavinosti od uslova proizvodnje<\/li>\n\n\n\n<li>Uskla\u0111ivanje postoje\u0107e tehnologijie proizvodnje ekolo\u0161kim uslovima i stanju na gazdintvu<\/li>\n\n\n\n<li>Podr\u0161ka odr\u017eivim sistemima poljoprivrede kroz unapre\u0111enje procesa agoekolo\u0161ke tranzicije<\/li>\n\n\n\n<li>Kreiranje i pra\u0107enje perioda konverzije prilikom otpo\u010dinjanja sertifikacije\u00a0 kontrole u organskoj poljoprivredi<\/li>\n\n\n\n<li>Pomo\u0107 prilikom diverzifikacije proizvodnje (zasnivanje me\u0111uuseva, zdru\u017enih useva i sl.)<\/li>\n<\/ol>\n","protected":false},"excerpt":{"rendered":"<p>Te\u017enja za konstatnim pove\u0107anjem prinosa i pobolj\u0161anja efikasnosti proizvodnje u uslovima izmenjenih klimatskih uslova nametnula je nove izazove koji poljoprivredu sve vi\u0161e usmeravaju ka kori\u0161\u0107enju inovativnih re\u0161enja uz uva\u017eavanje specfi\u010dnosti svake parcele, godine i usmeravanje agrothenike na specifi\u010dne zahteva biljaka (sorti\/hibrida). Otuda unapre\u0111enje poljoprivredne proizvodnje mo\u017ee da se o\u010dekuje u pravcu \u0161to ve\u0107e kontrole ekolo\u0161kih [&hellip;]<\/p>\n","protected":false},"author":11,"featured_media":4937,"parent":0,"menu_order":0,"comment_status":"closed","ping_status":"closed","template":"","meta":{"_acf_changed":false,"footnotes":""},"acf":[],"_links":{"self":[{"href":"https:\/\/agris.rs\/wordpress\/index.php?rest_route=\/wp\/v2\/pages\/4936"}],"collection":[{"href":"https:\/\/agris.rs\/wordpress\/index.php?rest_route=\/wp\/v2\/pages"}],"about":[{"href":"https:\/\/agris.rs\/wordpress\/index.php?rest_route=\/wp\/v2\/types\/page"}],"author":[{"embeddable":true,"href":"https:\/\/agris.rs\/wordpress\/index.php?rest_route=\/wp\/v2\/users\/11"}],"replies":[{"embeddable":true,"href":"https:\/\/agris.rs\/wordpress\/index.php?rest_route=%2Fwp%2Fv2%2Fcomments&post=4936"}],"version-history":[{"count":2,"href":"https:\/\/agris.rs\/wordpress\/index.php?rest_route=\/wp\/v2\/pages\/4936\/revisions"}],"predecessor-version":[{"id":4940,"href":"https:\/\/agris.rs\/wordpress\/index.php?rest_route=\/wp\/v2\/pages\/4936\/revisions\/4940"}],"wp:featuredmedia":[{"embeddable":true,"href":"https:\/\/agris.rs\/wordpress\/index.php?rest_route=\/wp\/v2\/media\/4937"}],"wp:attachment":[{"href":"https:\/\/agris.rs\/wordpress\/index.php?rest_route=%2Fwp%2Fv2%2Fmedia&parent=4936"}],"curies":[{"name":"wp","href":"https:\/\/api.w.org\/{rel}","templated":true}]}}