{"id":4912,"date":"2024-04-22T19:24:05","date_gmt":"2024-04-22T19:24:05","guid":{"rendered":"https:\/\/agris.rs\/wordpress\/?page_id=4912"},"modified":"2024-05-16T18:24:47","modified_gmt":"2024-05-16T18:24:47","slug":"vocarstvo-i-vinogradarstvo","status":"publish","type":"page","link":"https:\/\/agris.rs\/wordpress\/?page_id=4912","title":{"rendered":"Vo\u0107arstvo i vinogradarstvo"},"content":{"rendered":"\n<p>Za ekspanziju vo\u0107arstva u Srbiji u prethodne dve decenije zaslu\u017eno je znanje. Na\u0161 tim profesora i saradnika i\u0161ao je u najrazvijene vo\u0107arske regije Evrope i \u0161ire, ali se znanje i iskustvo sticalo i na Oglednom polju i u vo\u0107njacima \u0161irom Srbije. Nimalo nije zapostavljena ni nauka, te smo tako kroz veliki broj ogleda i zavr\u0161enih doktorskih disertacija spojili teorijski i prakti\u010dni deo i na\u0161li primenu u vo\u0107arsko-vinogradarskoj proizvodnji. Vo\u0107arstvo i vinogradarstvo su veoma kompleksne grane privrede koje podrazumevaju proizvodnju punu izazova, me\u0111utim, poznavanje najsavremenijih svetskih trendova, primena znanja i pravilno odabran sortiment jesu oslonac uspe\u0161ne intenzivne vo\u0107arske ili vinogradarske proizvodnje.<\/p>\n\n\n\n<p>Vi\u0161e o uslugama, izra\u0111enim projektima, aktivnostima i referencama mo\u017eete pro\u010ditati ispod.<\/p>\n\n\n\n<h2 class=\"wp-block-heading has-text-align-center\">Servisi<\/h2>\n\n\n\n<div class=\"wp-block-columns is-layout-flex wp-container-core-columns-layout-1 wp-block-columns-is-layout-flex\">\n<div class=\"wp-block-column is-layout-flow wp-block-column-is-layout-flow\"><div id=\"div_block-2-4847\" class=\"ct-div-block\" ><img decoding=\"async\"  id=\"image-3-4847\" alt=\"\" src=\"http:\/\/agris.rs\/wordpress\/wp-content\/uploads\/2024\/04\/projektovanje-zasada-vocnjaka-vinograda.jpg\" class=\"ct-image\"\/><div id=\"div_block-4-4847\" class=\"ct-div-block\" ><h3 id=\"headline-5-4847\" class=\"ct-headline\">Projektovanje i podizanje zasada vo\u0107aka i vinove<\/h3><div id=\"text_block-6-4847\" class=\"ct-text-block\" >Ukoliko \u017eelite da proizvodnja ide u pravom smeru za po\u010detak je veoma bitno imati dobar projekat sa predlo\u017eenim sortimentom prilago\u0111enom lokalitetu podizanja zasada.\n\n<\/div><div id=\"div_block-8-4847\" class=\"ct-div-block\" ><a id=\"link_text-7-4847\" class=\"ct-link-text\" href=\"https:\/\/agris.rs\/wordpress\/?page_id=3866\" target=\"_self\"  >Saznaj vi\u0161e<\/a><div id=\"fancy_icon-10-4847\" class=\"ct-fancy-icon\" ><svg id=\"svg-fancy_icon-10-4847\"><use xlink:href=\"#FontAwesomeicon-arrow-right\"><\/use><\/svg><\/div><\/div><\/div><\/div><\/div>\n\n\n\n<div class=\"wp-block-column is-layout-flow wp-block-column-is-layout-flow\"><div id=\"div_block-2-4847\" class=\"ct-div-block\" ><img decoding=\"async\"  id=\"image-3-4847\" alt=\"\" src=\"http:\/\/agris.rs\/wordpress\/wp-content\/uploads\/2024\/04\/ispitivanje-bioloske-efikasnosti.jpg\" class=\"ct-image\"\/><div id=\"div_block-4-4847\" class=\"ct-div-block\" ><h3 id=\"headline-5-4847\" class=\"ct-headline\">Ispitivanje biolo\u0161ke efikasnosti preparata u vo\u0107arstvu i vinogradarstvu<\/h3><div id=\"text_block-6-4847\" class=\"ct-text-block\" >Postavka, pra\u0107enje i analiza poljskih ogleda u vi\u0161egodi\u0161njim zasadima svih kontinentalnih vo\u0107nih vrsta<\/div><div id=\"div_block-8-4847\" class=\"ct-div-block\" ><a id=\"link_text-7-4847\" class=\"ct-link-text\" href=\"https:\/\/agris.rs\/wordpress\/?page_id=3922\" target=\"_self\"  >Saznaj vi\u0161e<\/a><div id=\"fancy_icon-10-4847\" class=\"ct-fancy-icon\" ><svg id=\"svg-fancy_icon-10-4847\"><use xlink:href=\"#FontAwesomeicon-arrow-right\"><\/use><\/svg><\/div><\/div><\/div><\/div><\/div>\n<\/div>\n\n\n\n<div class=\"wp-block-columns is-layout-flex wp-container-core-columns-layout-2 wp-block-columns-is-layout-flex\">\n<div class=\"wp-block-column is-layout-flow wp-block-column-is-layout-flow\"><div id=\"div_block-2-4847\" class=\"ct-div-block\" ><img decoding=\"async\"  id=\"image-3-4847\" alt=\"\" src=\"http:\/\/agris.rs\/wordpress\/wp-content\/uploads\/2024\/04\/savetodavne-usluge-vocarska-proizvodnja.jpg\" class=\"ct-image\"\/><div id=\"div_block-4-4847\" class=\"ct-div-block\" ><h3 id=\"headline-5-4847\" class=\"ct-headline\">Savetodavne usluge u vo\u0107arskoj proizvodnji<\/h3><div id=\"text_block-6-4847\" class=\"ct-text-block\" >Savetodavne usluge odnose se na \u010ditav proizvodni proces od momenta sadnje i u periodu plodono\u0161enja.<\/div><div id=\"div_block-8-4847\" class=\"ct-div-block\" ><a id=\"link_text-7-4847\" class=\"ct-link-text\" href=\"https:\/\/agris.rs\/wordpress\/?page_id=3915\" target=\"_self\"  >Saznaj vi\u0161e<\/a><div id=\"fancy_icon-10-4847\" class=\"ct-fancy-icon\" ><svg id=\"svg-fancy_icon-10-4847\"><use xlink:href=\"#FontAwesomeicon-arrow-right\"><\/use><\/svg><\/div><\/div><\/div><\/div><\/div>\n\n\n\n<div class=\"wp-block-column is-layout-flow wp-block-column-is-layout-flow\"><div id=\"div_block-2-4847\" class=\"ct-div-block\" ><img decoding=\"async\"  id=\"image-3-4847\" alt=\"\" src=\"http:\/\/agris.rs\/wordpress\/wp-content\/uploads\/2024\/04\/laboratorijske-analize.jpg\" class=\"ct-image\"\/><div id=\"div_block-4-4847\" class=\"ct-div-block\" ><h3 id=\"headline-5-4847\" class=\"ct-headline\">Laboratorijske analize i ispitivanja<\/h3><div id=\"text_block-6-4847\" class=\"ct-text-block\" >This is a block of text. Double-click this text to edit it.<\/div><div id=\"div_block-8-4847\" class=\"ct-div-block\" ><a id=\"link_text-7-4847\" class=\"ct-link-text\" href=\"https:\/\/agris.rs\/wordpress\/?page_id=3928\" target=\"_self\"  >Saznaj vi\u0161e<\/a><div id=\"fancy_icon-10-4847\" class=\"ct-fancy-icon\" ><svg id=\"svg-fancy_icon-10-4847\"><use xlink:href=\"#FontAwesomeicon-arrow-right\"><\/use><\/svg><\/div><\/div><\/div><\/div><\/div>\n<\/div>\n\n\n\n<h2 class=\"wp-block-heading has-text-align-center\">Na\u0161 tim<\/h2>\n\n\n<div id=\"team-h\" class=\"ct-div-block\" ><img decoding=\"async\"  id=\"team-h-img\" alt=\"\" src=\"http:\/\/agris.rs\/wordpress\/wp-content\/uploads\/2024\/04\/dr-nenad-magazin-2.jpg\" class=\"ct-image\"\/><div id=\"team-h-content\" class=\"ct-div-block\" ><h3 id=\"headline-10-4857\" class=\"ct-headline\">Dr. Nenad Magazin\n<\/h3><div id=\"text_block-13-4857\" class=\"ct-text-block\" ><b>Redovni profesor&nbsp;&nbsp;<\/b><br><\/div><div id=\"team-h-bio\" class=\"ct-text-block team-h-bio\" ><div style=\"text-align: left;\">Profesor dr Nenad Magazin predaje na Poljoprivrednom fakultetu razli\u010dite predmete iz oblasti vo\u0107arstva. Kao autor ili koautor je objavio preko 190 nau\u010dnih radova ili saop\u0161tenja. Koautor je 3 sorte kajsije i jednog patenta. U\u010desnik je velikog broja me\u0111unarodnih i doma\u0107ih projekata. Bavi se istra\u017eivanjima i uslugama iz oblasti berbe i \u010duvanja vo\u0107a, jagodastog vo\u0107a, ispitivanja sorti i podloga, ispitivanja biolo\u0161ke efikasnosti \u0111ubriva, bioregulatora i biostimulatora.\n\n<\/div><\/div><\/div><\/div>\n\n<div id=\"team-h\" class=\"ct-div-block\" ><img decoding=\"async\"  id=\"team-h-img\" alt=\"\" src=\"http:\/\/agris.rs\/wordpress\/wp-content\/uploads\/2024\/04\/dr-biserka-milic-1.jpg\" class=\"ct-image\"\/><div id=\"team-h-content\" class=\"ct-div-block\" ><h3 id=\"headline-10-4857\" class=\"ct-headline\">Dr. Biserka Mili\u0107\n<\/h3><div id=\"text_block-13-4857\" class=\"ct-text-block\" ><b>Vanredni profesor&nbsp;&nbsp;<\/b><br><\/div><div id=\"team-h-bio\" class=\"ct-text-block team-h-bio\" ><div style=\"text-align: left;\">Profesor za u\u017eu nau\u010dnu oblast Vo\u0107arstvo, \u0161ef Katedre za vo\u0107arstvo i vinogradarstvo  i rukovodilac Pomolo\u0161ke laboratorije departmana za vo\u0107arstsvo, vinogradarstvo, hortikulturi i pejza\u017enu arhitekturu.U okviru nau\u010dno-istra\u017eiva\u010dkog rada, njena u\u017ea oblast interesovanja je upotreba bioregulatora i biostimulatora u vo\u0107arstvu sa ciljem pove\u0107anja prinosa i pobolj\u0161anja kvaliteta plodova vo\u0107a. Do sada je kao autor ili koautor objavila vi\u0161e od 150 nau\u010dnih radova iz oblasti vo\u0107arstva, od toga 24 rada u me\u0111unarodnim \u010dasopisima sa impakt faktorom. Koautor je jednog priznatog patenta i dve sorte kajsije buda.\n\n<\/div><\/div><\/div><\/div>\n\n<div id=\"team-h\" class=\"ct-div-block\" ><img decoding=\"async\"  id=\"team-h-img\" alt=\"\" src=\"http:\/\/agris.rs\/wordpress\/wp-content\/uploads\/2024\/04\/dr-goran-barac-1.jpg\" class=\"ct-image\"\/><div id=\"team-h-content\" class=\"ct-div-block\" ><h3 id=\"headline-10-4857\" class=\"ct-headline\">Dr. Goran Bara\u0107\n<\/h3><div id=\"text_block-13-4857\" class=\"ct-text-block\" ><b>Docent<\/b><br><\/div><div id=\"team-h-bio\" class=\"ct-text-block team-h-bio\" ><div style=\"text-align: left;\">Dr Goran Bara\u0107 je docent na Poljoprivrednom fakultetu u Novom Sadu za u\u017eu nau\u010dnu oblast Vo\u0107arstvo. Oblast njegovog istra\u017eivanja su oplemenjivanje vo\u0107aka i primena biotehnolo\u0161kih metoda u oplemenjivanju. Ima vi\u0161e od 10 godina iskustva u radu na stvaranju novih sorti vo\u0107aka i primeni molekularnih markera i drugih savremenih metoda u geneti\u010dkoj i genomskoj analizi.\n\n<\/div><\/div><\/div><\/div>\n\n<div id=\"team-h\" class=\"ct-div-block\" ><img decoding=\"async\"  id=\"team-h-img\" alt=\"\" src=\"http:\/\/agris.rs\/wordpress\/wp-content\/uploads\/2024\/04\/dr-maja-milovic-1.jpg\" class=\"ct-image\"\/><div id=\"team-h-content\" class=\"ct-div-block\" ><h3 id=\"headline-10-4857\" class=\"ct-headline\">Dr. Maja Milovi\u0107\n<\/h3><div id=\"text_block-13-4857\" class=\"ct-text-block\" ><b>Nau\u010dni saradnik&nbsp;&nbsp;<\/b><br><\/div><div id=\"team-h-bio\" class=\"ct-text-block team-h-bio\" ><div style=\"text-align: left;\">Dr Maja Milovi\u0107 je nau\u010dni saradnik u oblasti biotehni\u010dkih nauka. Uza nau\u010dna oblast istra\u017eivanja je vo\u0107arstvo. Ima vi\u0161e od 10 godina iskustva u vo\u0107arstvu, pomolo\u0161kim i hemijskim analizama kontinentalnih vo\u0107nih vrsta, proizvodnji i produktivnosti vo\u0107a uklju\u010duju\u0107i procenu kvaliteta vo\u0107a pre i posle berbe. Zadu\u017eena je i za analize vina i \u0161ire na najsavremenijem i najpouzdanijem ure\u0111aju za brzu analizu \u2013 WineScan TM Flex SO2. Do sada je kao autor ili koautor objavila vi\u0161e od 90 nau\u010dnih radova iz oblasti vo\u0107arstva, od toga 20 rada u me\u0111unarodnim \u010dasopisima sa impakt faktorom Sekretar je Dru\u0161tva vo\u0107ara Vojvodine.\n\n<\/div><\/div><\/div><\/div>\n\n<div id=\"team-h\" class=\"ct-div-block\" ><img decoding=\"async\"  id=\"team-h-img\" alt=\"\" src=\"http:\/\/agris.rs\/wordpress\/wp-content\/uploads\/2024\/04\/dr-mladen-kalajdzic-1.jpg\" class=\"ct-image\"\/><div id=\"team-h-content\" class=\"ct-div-block\" ><h3 id=\"headline-10-4857\" class=\"ct-headline\">Dr. Mladen Kalajd\u017ei\u0107\n<\/h3><div id=\"text_block-13-4857\" class=\"ct-text-block\" ><b>Docent<\/b><br><\/div><div id=\"team-h-bio\" class=\"ct-text-block team-h-bio\" ><div style=\"text-align: left;\">Dr Mladen Kalajd\u017ei\u0107 je docent za u\u017eu nau\u010dnu oblast Vinogradarstvo. Bavi se oplemenjivanjem vinove loze, organskim vinogradarstvom i projektovanjem modernih zasada vinove loze. Kao koautor ili autor objavio je preko 40 nau\u010dnih radova.\n\n<\/div><\/div><\/div><\/div>\n\n<div id=\"team-h\" class=\"ct-div-block\" ><img decoding=\"async\"  id=\"team-h-img\" alt=\"\" src=\"http:\/\/agris.rs\/wordpress\/wp-content\/uploads\/2024\/04\/dr-jelena-kalajzic-1.jpg\" class=\"ct-image\"\/><div id=\"team-h-content\" class=\"ct-div-block\" ><h3 id=\"headline-10-4857\" class=\"ct-headline\">Dr. Jelena Kalaj\u017ei\u0107\n<\/h3><div id=\"text_block-13-4857\" class=\"ct-text-block\" ><b>Nau\u010dni saradnik&nbsp;&nbsp;<\/b><br><\/div><div id=\"team-h-bio\" class=\"ct-text-block team-h-bio\" ><div style=\"text-align: left;\">Dr Jelena Kalaj\u017ei\u0107 je zaposlena kao nau\u010dni saradnik u oblasti biotehni\u010dkih nauka \u010dija je u\u017ea nau\u010dna oblast Vo\u0107arstvo. Fokus njenog istra\u017eivanja baziran je na ispitivanje pomolo\u0161kih osobina i hemijskog sastava ko\u0161ti\u010davih i jagodastih vo\u0107nih vrsta. Tako\u0111e, njen rad usmeren je i na ispitivanje uticaja fizi\u010dkih i biolo\u0161kih metoda u suzbijanju skladi\u0161nih patogena plodova vo\u0107a. Autor je i koautor preko 60 nau\u010dnih radova.\n\n<\/div><\/div><\/div><\/div>\n\n<div id=\"team-h\" class=\"ct-div-block\" ><img decoding=\"async\"  id=\"team-h-img\" alt=\"\" src=\"http:\/\/agris.rs\/wordpress\/wp-content\/uploads\/2024\/04\/msc-gordana-barac-1.jpg\" class=\"ct-image\"\/><div id=\"team-h-content\" class=\"ct-div-block\" ><h3 id=\"headline-10-4857\" class=\"ct-headline\">M.Sc. Gordana Bara\u0107\n<\/h3><div id=\"text_block-13-4857\" class=\"ct-text-block\" ><b>Asistent<\/b><br><\/div><div id=\"team-h-bio\" class=\"ct-text-block team-h-bio\" ><div style=\"text-align: left;\">Master in\u017eenjer poljoprivrede, Gordana Bara\u0107, je asistent na Poljoprivrednom fakultetu u Novom Sadu za u\u017eu nau\u010dnu oblast Vo\u0107arstvo. Vi\u0161egodi\u0161nje iskustvo stekla je kroz terenski i laboratorijski rad na kontinentalnim vo\u0107nim vrstama. Zadu\u017eena je za sprovo\u0111enje ve\u017ebi na predmetima iz osnovnog vo\u0107arstva i prakti\u010dnu nastavu. Autor i koautor je preko 30 nau\u010dnih radova razli\u010ditih kategorija.\n\n<\/div><\/div><\/div><\/div>\n\n<div id=\"team-h\" class=\"ct-div-block\" ><img decoding=\"async\"  id=\"team-h-img\" alt=\"\" src=\"http:\/\/via.placeholder.com\/1600x900\" class=\"ct-image\"\/><div id=\"team-h-content\" class=\"ct-div-block\" ><h3 id=\"headline-10-4857\" class=\"ct-headline\">Dipl. in\u017e. Jovica Go\u0161i\u0107\n<\/h3><div id=\"text_block-13-4857\" class=\"ct-text-block\" ><br><\/div><div id=\"team-h-bio\" class=\"ct-text-block team-h-bio\" ><div style=\"text-align: left;\">Jovica Go\u0161i\u0107 je diplomirani in\u017eenjer poljoprivrede, smer vo\u0107arstvo i vinogradarstvo, poseduje vi\u0161egodi\u0161nje iskustvo iz oblasti vo\u0107arstva ste\u010deno kroz vi\u0161egodi\u0161nji rad na oglednim poljima i velikim intenzivnim zasadima \u0161irom Srbije. Pored prakti\u010dnog dela svoje znanje je sticao i kroz postavljanje ogleda i eksperimentalni rad u laboratoriji i oglednim poljima Poljoprivrednog fakulteta u Novom Sadu. U\u010desnik je dva IPA projekta sa kolegama iz Hrvatske i na taj na\u010din je razmenjivao iskustva i pro\u0161irivao svoje domene iz oblasti vo\u0107arstva i rasadni\u010darske proizvodnje. Upravnik je oglednog polja na Rimskim \u0160an\u010devima (ogledni zasadi i rasadni\u010dasrka proizvodnja) i Sremskim Karlovcima (proizvodnja gro\u017e\u0111a, vina, vo\u0111enje i odr\u017eavanje vinograda).\n\n<\/div><\/div><\/div><\/div>\n\n<div id=\"team-h\" class=\"ct-div-block\" ><img decoding=\"async\"  id=\"team-h-img\" alt=\"\" src=\"http:\/\/agris.rs\/wordpress\/wp-content\/uploads\/2024\/04\/msc-sara-todoric-1.jpg\" class=\"ct-image\"\/><div id=\"team-h-content\" class=\"ct-div-block\" ><h3 id=\"headline-10-4857\" class=\"ct-headline\">M.Sc. Sara Todori\u0107\n<\/h3><div id=\"text_block-13-4857\" class=\"ct-text-block\" ><b>Stru\u010dni saradnik&nbsp;&nbsp;<\/b><br><\/div><div id=\"team-h-bio\" class=\"ct-text-block team-h-bio\" ><div style=\"text-align: left;\">Master in\u017eenjer Sara Todori\u0107 je stru\u010dni saradnik iz oblasti za\u0161tite bilja na Oglednom polju za vinogradarstvo u Sremskim Karlovcima. Zadu\u017eena je za organizovanje agrotehni\u010dkih mera, berbu , monitoring \u0161teto\u010dina i patogena i za\u0161titu bilja u vinogradu. Ima vi\u0161e od pet godina iskustva u vo\u0107arskoj i vinogradarskoj proizvodnji, integralnoj i konvencionalnoj za\u0161titi bilja. Student je doktorskih studija na Poljoprivrednom fakultetu u Novom Sadu, smer Agronomija.\n\n<\/div><\/div><\/div><\/div>","protected":false},"excerpt":{"rendered":"<p>Za ekspanziju vo\u0107arstva u Srbiji u prethodne dve decenije zaslu\u017eno je znanje. Na\u0161 tim profesora i saradnika i\u0161ao je u najrazvijene vo\u0107arske regije Evrope i \u0161ire, ali se znanje i iskustvo sticalo i na Oglednom polju i u vo\u0107njacima \u0161irom Srbije. Nimalo nije zapostavljena ni nauka, te smo tako kroz veliki broj ogleda i zavr\u0161enih [&hellip;]<\/p>\n","protected":false},"author":11,"featured_media":4935,"parent":0,"menu_order":0,"comment_status":"closed","ping_status":"closed","template":"","meta":{"_acf_changed":false,"footnotes":""},"acf":[],"_links":{"self":[{"href":"https:\/\/agris.rs\/wordpress\/index.php?rest_route=\/wp\/v2\/pages\/4912"}],"collection":[{"href":"https:\/\/agris.rs\/wordpress\/index.php?rest_route=\/wp\/v2\/pages"}],"about":[{"href":"https:\/\/agris.rs\/wordpress\/index.php?rest_route=\/wp\/v2\/types\/page"}],"author":[{"embeddable":true,"href":"https:\/\/agris.rs\/wordpress\/index.php?rest_route=\/wp\/v2\/users\/11"}],"replies":[{"embeddable":true,"href":"https:\/\/agris.rs\/wordpress\/index.php?rest_route=%2Fwp%2Fv2%2Fcomments&post=4912"}],"version-history":[{"count":7,"href":"https:\/\/agris.rs\/wordpress\/index.php?rest_route=\/wp\/v2\/pages\/4912\/revisions"}],"predecessor-version":[{"id":5034,"href":"https:\/\/agris.rs\/wordpress\/index.php?rest_route=\/wp\/v2\/pages\/4912\/revisions\/5034"}],"wp:featuredmedia":[{"embeddable":true,"href":"https:\/\/agris.rs\/wordpress\/index.php?rest_route=\/wp\/v2\/media\/4935"}],"wp:attachment":[{"href":"https:\/\/agris.rs\/wordpress\/index.php?rest_route=%2Fwp%2Fv2%2Fmedia&parent=4912"}],"curies":[{"name":"wp","href":"https:\/\/api.w.org\/{rel}","templated":true}]}}