{"id":4841,"date":"2024-04-17T21:08:43","date_gmt":"2024-04-17T21:08:43","guid":{"rendered":"https:\/\/agris.rs\/wordpress\/?page_id=4841"},"modified":"2025-05-15T10:18:45","modified_gmt":"2025-05-15T10:18:45","slug":"agro-tehnika-precizna-poljoprivreda","status":"publish","type":"page","link":"https:\/\/agris.rs\/wordpress\/?page_id=4841","title":{"rendered":"Agro-Tehnika-Precizna Poljoprivreda"},"content":{"rendered":"\n<p>Ciljevi i zadaci ovog odeljenja su vi\u0161estruki.<\/p>\n\n\n\n<p>Osnovu rada \u010dini druga\u010diji pristup biljnoj poljoprivrednoj proizvodnji koji podrazumeva prikupljanje podataka o stanju useva i zasada.<\/p>\n\n\n\n<p>Analizu u cilju dono\u0161enja agronomskih preporuka ne na bazi \"cele parcele\", ve\u0107 na bazi razli\u010ditih proizvodnih zona na datoj parceli. <\/p>\n\n\n\n<p>Za prikupljanje podataka se koriste senzori za dobijanje informacija o stanju zemlji\u0161ta (nadmorska visina, EC, pH) i biljaka (sadr\u017eaj hlorofila).<\/p>\n\n\n\n<p>Senzorsku detekciju prati daljinska detekcija koja se ogleda u monitoringu razli\u010ditih vegetativnih indeksa pomo\u0107u satelitskih snimaka rezolucije 3\u00d73 metra ili snimaka multispektralne kamere drona.<\/p>\n\n\n\n<p>Na osnovu dobijenih vrednosti vr\u0161i se optimizacija agrotehni\u010dkih operacija (obrada zemlji\u0161ta, setva i prskanje), izvode se modeli rane detekcije bolesti i uvode u praksu varijabilne tehnologije.<\/p>\n\n\n<div class=\"wp-block-image\">\n<figure class=\"aligncenter size-full\"><a href=\"https:\/\/agris.rs\/Kalkulator\/SprejMenadzer.html\" target=\"_blank\" rel=\"noreferrer noopener\"><img fetchpriority=\"high\" decoding=\"async\" width=\"500\" height=\"500\" src=\"https:\/\/agris.rs\/wordpress\/wp-content\/uploads\/2024\/09\/SM-Logo-konacno.png\" alt=\"\" class=\"wp-image-5050\" srcset=\"https:\/\/agris.rs\/wordpress\/wp-content\/uploads\/2024\/09\/SM-Logo-konacno.png 500w, https:\/\/agris.rs\/wordpress\/wp-content\/uploads\/2024\/09\/SM-Logo-konacno-300x300.png 300w, https:\/\/agris.rs\/wordpress\/wp-content\/uploads\/2024\/09\/SM-Logo-konacno-150x150.png 150w\" sizes=\"(max-width: 500px) 100vw, 500px\" \/><\/a><\/figure><\/div>\n\n\n<p class=\"has-text-align-center has-large-font-size\" style=\"text-decoration:underline\"><strong><a href=\"https:\/\/agris.rs\/wordpress\/?page_id=5060\">Digitalni Menad\u017eer Eksploatacije Poljoprivredne Mehanizacije<\/a><\/strong><\/p>\n\n\n\n<div style=\"height:100px\" aria-hidden=\"true\" class=\"wp-block-spacer\"><\/div>\n\n\n\n<h2 class=\"wp-block-heading has-text-align-center\">Servisi<\/h2>\n\n\n\n<div class=\"wp-block-columns is-layout-flex wp-container-core-columns-layout-1 wp-block-columns-is-layout-flex\">\n<div class=\"wp-block-column is-layout-flow wp-block-column-is-layout-flow\"><div id=\"div_block-2-4847\" class=\"ct-div-block\" ><img decoding=\"async\"  id=\"image-3-4847\" alt=\"\" src=\"http:\/\/agris.rs\/wordpress\/wp-content\/uploads\/2023\/11\/Picture1.jpg\" class=\"ct-image\"\/><div id=\"div_block-4-4847\" class=\"ct-div-block\" ><h3 id=\"headline-5-4847\" class=\"ct-headline\">Formiranje mapa varijabilne setve i primene pesticida<\/h3><div id=\"text_block-6-4847\" class=\"ct-text-block\" >Na osnovu karakteristika zemlji\u0161ta, vegetacionih indeksa, prinosa i ostalih parametara formira\u0107emo mapu varijabilne setve i primene pesticida.<\/div><div id=\"div_block-8-4847\" class=\"ct-div-block\" ><a id=\"link_text-7-4847\" class=\"ct-link-text\" href=\"https:\/\/agris.rs\/wordpress\/?page_id=2064\" target=\"_self\"  >Saznaj vi\u0161e<\/a><div id=\"fancy_icon-10-4847\" class=\"ct-fancy-icon\" ><svg id=\"svg-fancy_icon-10-4847\"><use xlink:href=\"#FontAwesomeicon-arrow-right\"><\/use><\/svg><\/div><\/div><\/div><\/div><\/div>\n\n\n\n<div class=\"wp-block-column is-layout-flow wp-block-column-is-layout-flow\"><div id=\"div_block-2-4847\" class=\"ct-div-block\" ><img decoding=\"async\"  id=\"image-3-4847\" alt=\"\" src=\"http:\/\/agris.rs\/wordpress\/wp-content\/uploads\/2024\/04\/agroteh-monitoring-1.jpg\" class=\"ct-image\"\/><div id=\"div_block-4-4847\" class=\"ct-div-block\" ><h3 id=\"headline-5-4847\" class=\"ct-headline\">Monitoring stanja useva i zasada<\/h3><div id=\"text_block-6-4847\" class=\"ct-text-block\" >Poljoprivrednim proizvo\u0111a\u010dima se nudi usluga pra\u0107enje stanja useva, kroz dnevnu analizu razli\u010ditih vegetativnih indeksa, koji se dobijaju daljinskom detekcijom.<\/div><div id=\"div_block-8-4847\" class=\"ct-div-block\" ><a id=\"link_text-7-4847\" class=\"ct-link-text\" href=\"https:\/\/agris.rs\/wordpress\/?page_id=2076\" target=\"_self\"  >Saznaj vi\u0161e<\/a><div id=\"fancy_icon-10-4847\" class=\"ct-fancy-icon\" ><svg id=\"svg-fancy_icon-10-4847\"><use xlink:href=\"#FontAwesomeicon-arrow-right\"><\/use><\/svg><\/div><\/div><\/div><\/div><\/div>\n\n\n\n<div class=\"wp-block-column is-layout-flow wp-block-column-is-layout-flow\"><div id=\"div_block-2-4847\" class=\"ct-div-block\" ><img decoding=\"async\"  id=\"image-3-4847\" alt=\"\" src=\"http:\/\/agris.rs\/wordpress\/wp-content\/uploads\/2024\/04\/optimizacija-proizvodnje.png\" class=\"ct-image\"\/><div id=\"div_block-4-4847\" class=\"ct-div-block\" ><h3 id=\"headline-5-4847\" class=\"ct-headline\">Analiza agrotehni\u010dkih operacija i optimizacija tro\u0161kova<\/h3><div id=\"text_block-6-4847\" class=\"ct-text-block\" >Analizira primene mehanizacije u razli\u010ditim agrotehni\u010dkim operacijama, optimizacija kori\u0161\u0107enje iste uz geopozicioniranje poljoprivrednih inputa i prinosa primenom razli\u010ditih tehnologija na imanju.<\/div><div id=\"div_block-8-4847\" class=\"ct-div-block\" ><a id=\"link_text-7-4847\" class=\"ct-link-text\" href=\"https:\/\/agris.rs\/wordpress\/?page_id=2070\" target=\"_self\"  >Saznaj vi\u0161e<\/a><div id=\"fancy_icon-10-4847\" class=\"ct-fancy-icon\" ><svg id=\"svg-fancy_icon-10-4847\"><use xlink:href=\"#FontAwesomeicon-arrow-right\"><\/use><\/svg><\/div><\/div><\/div><\/div><\/div>\n<\/div>\n\n\n\n<h2 class=\"wp-block-heading has-text-align-center\">Na\u0161 tim<\/h2>\n\n\n<div id=\"team-h\" class=\"ct-div-block\" ><img decoding=\"async\"  id=\"team-h-img\" alt=\"\" src=\"http:\/\/agris.rs\/wordpress\/wp-content\/uploads\/2024\/04\/dr-aleksandar-sedlar-1.jpg\" class=\"ct-image\"\/><div id=\"team-h-content\" class=\"ct-div-block\" ><h3 id=\"headline-10-4857\" class=\"ct-headline\">Dr Aleksandar Sedlar\n<\/h3><div id=\"text_block-13-4857\" class=\"ct-text-block\" ><b>Redovni profesor&nbsp;&nbsp;<\/b><br><\/div><div id=\"team-h-bio\" class=\"ct-text-block team-h-bio\" ><div style=\"text-align: left;\">Aleksandar Sedlar je redovni profesor Poljoprivrednog fakulteta u Novom Sadu za u\u017eu nau\u010dnu oblast Poljoprivredna tehnika. Predaje vi\u0161e predmeta iz oblasti mehanizacije zasada, fitomedicine i vodoprivrede, kao i iz oblasti precizne poljoprivrede na svim nivoima studija. Oblasti njegovog nau\u010dno-istra\u017eiva\u010dkog rada su tehnika aplikacije pesticida, mehanizacija vi\u0161ogodi\u0161njih zasada i vodoprivrede i agroinformacione tehnologije precizne poljoprivrede. Kao autor ili koautor je objavio preko 180 nau\u010dnih i stru\u010dnih radova i u\u010destvovao u realizaciji 20 nacionalnih i me\u0111unarodnih projekata. Rukovodilac je master studija Precizna poljoprivreda i predsednik Nacionalnog nau\u010dnog dru\u0161tva za poljoprivrednu tehniku i preciznu poljoprivredu. \n\n<\/div><\/div><\/div><\/div>\n\n<div id=\"team-h\" class=\"ct-div-block\" ><img decoding=\"async\"  id=\"team-h-img\" alt=\"\" src=\"http:\/\/agris.rs\/wordpress\/wp-content\/uploads\/2024\/04\/msc-filip-vasic-1.jpg\" class=\"ct-image\"\/><div id=\"team-h-content\" class=\"ct-div-block\" ><h3 id=\"headline-10-4857\" class=\"ct-headline\">MSc Filip Vasi\u0107\n<\/h3><div id=\"text_block-13-4857\" class=\"ct-text-block\" ><b>Asistent<\/b><\/div><div id=\"team-h-bio\" class=\"ct-text-block team-h-bio\" ><div style=\"text-align: left;\">Filip Vasi\u0107 je asistent na Poljoprivrednom fakultetu u Novom Sadu za u\u017eu nau\u010dnu oblast Poljoprivredna tehnika. Predaje vi\u0161e predmeta iz oblasti mehanizacije zasada, fitomedicine i vodoprivrede, kao i iz oblasti precizne poljoprivrede na osnovnim studijama. Oblasti njegovog nau\u010dno-istra\u017eiva\u010dkog rada su tehnika aplikacije pesticida, ma\u0161ine u vo\u0107arstvu, vinogradarstvu i za\u0161titi bilja, efikasnost i ekonomi\u010dnost primene pesticida, napredne tehnike aplikacije pesticida, precizna poljoprivreda, varijabilno \u0111ubrenje, setva i aplikacija pesticida u okvirima odr\u017eive poljoprivredne proizvodnje, ma\u0161ine u \u0161umarstvu i vodoprivredi.\n\n<\/div><\/div><\/div><\/div>\n\n<div id=\"team-h\" class=\"ct-div-block\" ><img decoding=\"async\"  id=\"team-h-img\" alt=\"\" src=\"http:\/\/agris.rs\/wordpress\/wp-content\/uploads\/2024\/04\/msc-lazar-tursijan-1.jpg\" class=\"ct-image\"\/><div id=\"team-h-content\" class=\"ct-div-block\" ><h3 id=\"headline-10-4857\" class=\"ct-headline\">MSc Lazar Tu\u0161ijan\n<\/h3><div id=\"text_block-13-4857\" class=\"ct-text-block\" ><b>Doktorand<\/b><\/div><div id=\"team-h-bio\" class=\"ct-text-block team-h-bio\" ><div style=\"text-align: left;\">Lazar Tur\u0161ijan je doktorand, stipendista Ministarstva nauke, tehnolo\u0161kog razvoja i inovacija i demonstrator na Poljoprivrednom fakultetu u Novom Sadu za u\u017eu nau\u010dnu oblast Poljoprivredna tehnika. Predaje vi\u0161e predmeta iz oblasti mehanizacije u ratarstvu, kao i iz oblasti precizne poljoprivrede na osnovnim studijama. Oblasti njegovog nau\u010dno-istra\u017eiva\u010dkog rada su mehanizacija u ratarstvu, eksploatacija proizvodnih sistema, precizna poljoprivreda, varijabilno \u0111ubrenje, setva i aplikacija pesticida u okvirima odr\u017eive poljoprivredne proizvodnje.\n\n<\/div><\/div><\/div><\/div>","protected":false},"excerpt":{"rendered":"<p>Ciljevi i zadaci ovog odeljenja su vi\u0161estruki. Osnovu rada \u010dini druga\u010diji pristup biljnoj poljoprivrednoj proizvodnji koji podrazumeva prikupljanje podataka o stanju useva i zasada. Analizu u cilju dono\u0161enja agronomskih preporuka ne na bazi \"cele parcele\", ve\u0107 na bazi razli\u010ditih proizvodnih zona na datoj parceli. Za prikupljanje podataka se koriste senzori za dobijanje informacija o stanju [&hellip;]<\/p>\n","protected":false},"author":11,"featured_media":4911,"parent":0,"menu_order":0,"comment_status":"closed","ping_status":"closed","template":"","meta":{"_acf_changed":false,"footnotes":""},"acf":[],"_links":{"self":[{"href":"https:\/\/agris.rs\/wordpress\/index.php?rest_route=\/wp\/v2\/pages\/4841"}],"collection":[{"href":"https:\/\/agris.rs\/wordpress\/index.php?rest_route=\/wp\/v2\/pages"}],"about":[{"href":"https:\/\/agris.rs\/wordpress\/index.php?rest_route=\/wp\/v2\/types\/page"}],"author":[{"embeddable":true,"href":"https:\/\/agris.rs\/wordpress\/index.php?rest_route=\/wp\/v2\/users\/11"}],"replies":[{"embeddable":true,"href":"https:\/\/agris.rs\/wordpress\/index.php?rest_route=%2Fwp%2Fv2%2Fcomments&post=4841"}],"version-history":[{"count":19,"href":"https:\/\/agris.rs\/wordpress\/index.php?rest_route=\/wp\/v2\/pages\/4841\/revisions"}],"predecessor-version":[{"id":5065,"href":"https:\/\/agris.rs\/wordpress\/index.php?rest_route=\/wp\/v2\/pages\/4841\/revisions\/5065"}],"wp:featuredmedia":[{"embeddable":true,"href":"https:\/\/agris.rs\/wordpress\/index.php?rest_route=\/wp\/v2\/media\/4911"}],"wp:attachment":[{"href":"https:\/\/agris.rs\/wordpress\/index.php?rest_route=%2Fwp%2Fv2%2Fmedia&parent=4841"}],"curies":[{"name":"wp","href":"https:\/\/api.w.org\/{rel}","templated":true}]}}