{"id":4012,"date":"2024-01-12T19:16:33","date_gmt":"2024-01-12T19:16:33","guid":{"rendered":"https:\/\/agris.rs\/wordpress\/?page_id=4012"},"modified":"2024-01-12T19:46:46","modified_gmt":"2024-01-12T19:46:46","slug":"laboratorija-za-pomologiju","status":"publish","type":"page","link":"https:\/\/agris.rs\/wordpress\/?page_id=4012","title":{"rendered":"Laboratorija za pomologiju"},"content":{"rendered":"\t\t<div data-elementor-type=\"wp-page\" data-elementor-id=\"4012\" class=\"elementor elementor-4012\">\n\t\t\t\t\t\t<section class=\"elementor-section elementor-top-section elementor-element elementor-element-5e9857c elementor-section-boxed elementor-section-height-default elementor-section-height-default\" data-id=\"5e9857c\" data-element_type=\"section\">\n\t\t\t\t\t\t<div class=\"elementor-container elementor-column-gap-default\">\n\t\t\t\t\t<div class=\"elementor-column elementor-col-100 elementor-top-column elementor-element elementor-element-a872174\" data-id=\"a872174\" data-element_type=\"column\">\n\t\t\t<div class=\"elementor-widget-wrap elementor-element-populated\">\n\t\t\t\t\t\t<div class=\"elementor-element elementor-element-921a2fc elementor-widget elementor-widget-text-editor\" data-id=\"921a2fc\" data-element_type=\"widget\" data-widget_type=\"text-editor.default\">\n\t\t\t\t<div class=\"elementor-widget-container\">\n\t\t\t<style>\/*! elementor - v3.21.0 - 08-05-2024 *\/\n.elementor-widget-text-editor.elementor-drop-cap-view-stacked .elementor-drop-cap{background-color:#69727d;color:#fff}.elementor-widget-text-editor.elementor-drop-cap-view-framed .elementor-drop-cap{color:#69727d;border:3px solid;background-color:transparent}.elementor-widget-text-editor:not(.elementor-drop-cap-view-default) .elementor-drop-cap{margin-top:8px}.elementor-widget-text-editor:not(.elementor-drop-cap-view-default) .elementor-drop-cap-letter{width:1em;height:1em}.elementor-widget-text-editor .elementor-drop-cap{float:left;text-align:center;line-height:1;font-size:50px}.elementor-widget-text-editor .elementor-drop-cap-letter{display:inline-block}<\/style>\t\t\t\t<p>Pored ispitivanja pomolo\u0161kih osobina ploda, na\u0161 tim vam mo\u017ee pomo\u0107i u odre\u0111ivanju momenta berbe. Zrelost plodova u momentu berbe ima odlu\u010duju\u0107i uticaj na njihovu sposobnost \u010duvanja i kvalitet posle iskladi\u0161tenja. Pravilno odre\u0111ivanje momenta berbe je od velikog uticaja na du\u017einu uspe\u0161nog \u010duvanja. Veoma je va\u017eno pravilno uzimanje uzoraka plodova a tu smo mi da vas posavetujemo.<\/p>\t\t\t\t\t\t<\/div>\n\t\t\t\t<\/div>\n\t\t\t\t\t<\/div>\n\t\t<\/div>\n\t\t\t\t\t<\/div>\n\t\t<\/section>\n\t\t\t\t<section class=\"elementor-section elementor-top-section elementor-element elementor-element-8a65c83 elementor-section-boxed elementor-section-height-default elementor-section-height-default\" data-id=\"8a65c83\" data-element_type=\"section\">\n\t\t\t\t\t\t<div class=\"elementor-container elementor-column-gap-default\">\n\t\t\t\t\t<div class=\"elementor-column elementor-col-100 elementor-top-column elementor-element elementor-element-5e042fc\" data-id=\"5e042fc\" data-element_type=\"column\">\n\t\t\t<div class=\"elementor-widget-wrap elementor-element-populated\">\n\t\t\t\t\t\t<div class=\"elementor-element elementor-element-0cc0baf elementor-widget elementor-widget-text-editor\" data-id=\"0cc0baf\" data-element_type=\"widget\" data-widget_type=\"text-editor.default\">\n\t\t\t\t<div class=\"elementor-widget-container\">\n\t\t\t\t\t\t\t<p class=\"MsoNormal\" style=\"text-align: justify;\"><span lang=\"EN-GB\">Analize koje radimo:<\/span><\/p><p>\u00a0<\/p><ol style=\"margin-top: 0in;\" start=\"1\" type=\"1\"><li class=\"MsoNormal\" style=\"text-align: justify; mso-list: l0 level1 lfo1;\"><span lang=\"EN-GB\">Jodno-skrobni test<\/span><\/li><li class=\"MsoNormal\" style=\"text-align: justify; mso-list: l0 level1 lfo1;\"><span lang=\"EN-GB\">Destruktivno i nedestruktivno odre\u0111ivanje \u010dvrstine mezokarpa ploda<\/span><\/li><li class=\"MsoNormal\" style=\"text-align: justify; mso-list: l0 level1 lfo1;\"><span lang=\"EN-GB\">Sadr\u017eaj rastvorljivih suvih materija<\/span><\/li><li class=\"MsoNormal\" style=\"text-align: justify; mso-list: l0 level1 lfo1;\"><span lang=\"EN-GB\">Sadr\u017eaj ukupnih kiselina i pH vo\u0107nog soka<\/span><\/li><li class=\"MsoNormal\" style=\"text-align: justify; mso-list: l0 level1 lfo1;\"><span lang=\"EN-GB\">Promena osnovne boje poko\u017eice ploda<a name=\"_GoBack\"><\/a><\/span><\/li><li class=\"MsoNormal\" style=\"text-align: justify; mso-list: l0 level1 lfo1;\"><span lang=\"EN-GB\">Odre\u0111ivanje stepena zrelosti plodova uz pomo\u0107 DA-metra<\/span><\/li><\/ol>\t\t\t\t\t\t<\/div>\n\t\t\t\t<\/div>\n\t\t\t\t\t<\/div>\n\t\t<\/div>\n\t\t\t\t\t<\/div>\n\t\t<\/section>\n\t\t\t\t<section class=\"elementor-section elementor-top-section elementor-element elementor-element-e551c42 elementor-section-boxed elementor-section-height-default elementor-section-height-default\" data-id=\"e551c42\" data-element_type=\"section\">\n\t\t\t\t\t\t<div class=\"elementor-container elementor-column-gap-default\">\n\t\t\t\t\t<div class=\"elementor-column elementor-col-100 elementor-top-column elementor-element elementor-element-9652cf1\" data-id=\"9652cf1\" data-element_type=\"column\">\n\t\t\t<div class=\"elementor-widget-wrap elementor-element-populated\">\n\t\t\t\t\t\t<div class=\"elementor-element elementor-element-c10dbc2 elementor-widget elementor-widget-image\" data-id=\"c10dbc2\" data-element_type=\"widget\" data-widget_type=\"image.default\">\n\t\t\t\t<div class=\"elementor-widget-container\">\n\t\t\t<style>\/*! elementor - v3.21.0 - 08-05-2024 *\/\n.elementor-widget-image{text-align:center}.elementor-widget-image a{display:inline-block}.elementor-widget-image a img[src$=\".svg\"]{width:48px}.elementor-widget-image img{vertical-align:middle;display:inline-block}<\/style>\t\t\t\t\t\t\t\t\t\t<img fetchpriority=\"high\" decoding=\"async\" width=\"1024\" height=\"768\" src=\"https:\/\/agris.rs\/wordpress\/wp-content\/uploads\/2024\/01\/Slika-20.-1-1-1024x768.jpg\" class=\"attachment-large size-large wp-image-4025\" alt=\"\" srcset=\"https:\/\/agris.rs\/wordpress\/wp-content\/uploads\/2024\/01\/Slika-20.-1-1-1024x768.jpg 1024w, https:\/\/agris.rs\/wordpress\/wp-content\/uploads\/2024\/01\/Slika-20.-1-1-300x225.jpg 300w, https:\/\/agris.rs\/wordpress\/wp-content\/uploads\/2024\/01\/Slika-20.-1-1-768x576.jpg 768w, https:\/\/agris.rs\/wordpress\/wp-content\/uploads\/2024\/01\/Slika-20.-1-1-1536x1152.jpg 1536w, https:\/\/agris.rs\/wordpress\/wp-content\/uploads\/2024\/01\/Slika-20.-1-1-2048x1536.jpg 2048w, https:\/\/agris.rs\/wordpress\/wp-content\/uploads\/2024\/01\/Slika-20.-1-1.jpg 2500w\" sizes=\"(max-width: 1024px) 100vw, 1024px\" \/>\t\t\t\t\t\t\t\t\t\t\t\t\t<\/div>\n\t\t\t\t<\/div>\n\t\t\t\t\t<\/div>\n\t\t<\/div>\n\t\t\t\t\t<\/div>\n\t\t<\/section>\n\t\t\t\t<section class=\"elementor-section elementor-top-section elementor-element elementor-element-161dc34 elementor-section-boxed elementor-section-height-default elementor-section-height-default\" data-id=\"161dc34\" data-element_type=\"section\">\n\t\t\t\t\t\t<div class=\"elementor-container elementor-column-gap-default\">\n\t\t\t\t\t<div class=\"elementor-column elementor-col-33 elementor-top-column elementor-element elementor-element-3817f0c\" data-id=\"3817f0c\" data-element_type=\"column\">\n\t\t\t<div class=\"elementor-widget-wrap elementor-element-populated\">\n\t\t\t\t\t\t<div class=\"elementor-element elementor-element-d4959f9 elementor-widget elementor-widget-image\" data-id=\"d4959f9\" data-element_type=\"widget\" data-widget_type=\"image.default\">\n\t\t\t\t<div class=\"elementor-widget-container\">\n\t\t\t\t\t\t\t\t\t\t\t\t\t<img decoding=\"async\" width=\"768\" height=\"1024\" src=\"https:\/\/agris.rs\/wordpress\/wp-content\/uploads\/2024\/01\/Slika-22-768x1024.jpg\" class=\"attachment-large size-large wp-image-4053\" alt=\"\" srcset=\"https:\/\/agris.rs\/wordpress\/wp-content\/uploads\/2024\/01\/Slika-22-768x1024.jpg 768w, https:\/\/agris.rs\/wordpress\/wp-content\/uploads\/2024\/01\/Slika-22-225x300.jpg 225w, https:\/\/agris.rs\/wordpress\/wp-content\/uploads\/2024\/01\/Slika-22-1152x1536.jpg 1152w, https:\/\/agris.rs\/wordpress\/wp-content\/uploads\/2024\/01\/Slika-22.jpg 1200w\" sizes=\"(max-width: 768px) 100vw, 768px\" \/>\t\t\t\t\t\t\t\t\t\t\t\t\t<\/div>\n\t\t\t\t<\/div>\n\t\t\t\t\t<\/div>\n\t\t<\/div>\n\t\t\t\t<div class=\"elementor-column elementor-col-33 elementor-top-column elementor-element elementor-element-fed7502\" data-id=\"fed7502\" data-element_type=\"column\">\n\t\t\t<div class=\"elementor-widget-wrap elementor-element-populated\">\n\t\t\t\t\t\t<div class=\"elementor-element elementor-element-c8eb57d elementor-widget elementor-widget-image\" data-id=\"c8eb57d\" data-element_type=\"widget\" data-widget_type=\"image.default\">\n\t\t\t\t<div class=\"elementor-widget-container\">\n\t\t\t\t\t\t\t\t\t\t\t\t\t<img decoding=\"async\" width=\"768\" height=\"1024\" src=\"https:\/\/agris.rs\/wordpress\/wp-content\/uploads\/2024\/01\/Slika-21.-1-1-768x1024.jpg\" class=\"attachment-large size-large wp-image-4052\" alt=\"\" srcset=\"https:\/\/agris.rs\/wordpress\/wp-content\/uploads\/2024\/01\/Slika-21.-1-1-768x1024.jpg 768w, https:\/\/agris.rs\/wordpress\/wp-content\/uploads\/2024\/01\/Slika-21.-1-1-225x300.jpg 225w, https:\/\/agris.rs\/wordpress\/wp-content\/uploads\/2024\/01\/Slika-21.-1-1-1152x1536.jpg 1152w, https:\/\/agris.rs\/wordpress\/wp-content\/uploads\/2024\/01\/Slika-21.-1-1-1536x2048.jpg 1536w, https:\/\/agris.rs\/wordpress\/wp-content\/uploads\/2024\/01\/Slika-21.-1-1.jpg 1875w\" sizes=\"(max-width: 768px) 100vw, 768px\" \/>\t\t\t\t\t\t\t\t\t\t\t\t\t<\/div>\n\t\t\t\t<\/div>\n\t\t\t\t\t<\/div>\n\t\t<\/div>\n\t\t\t\t<div class=\"elementor-column elementor-col-33 elementor-top-column elementor-element elementor-element-e6a01a4\" data-id=\"e6a01a4\" data-element_type=\"column\">\n\t\t\t<div class=\"elementor-widget-wrap elementor-element-populated\">\n\t\t\t\t\t\t<div class=\"elementor-element elementor-element-dc88245 elementor-widget elementor-widget-image\" data-id=\"dc88245\" data-element_type=\"widget\" data-widget_type=\"image.default\">\n\t\t\t\t<div class=\"elementor-widget-container\">\n\t\t\t\t\t\t\t\t\t\t\t\t\t<img loading=\"lazy\" decoding=\"async\" width=\"768\" height=\"1024\" src=\"https:\/\/agris.rs\/wordpress\/wp-content\/uploads\/2024\/01\/Slika-23.-1-1-768x1024.jpg\" class=\"attachment-large size-large wp-image-4054\" alt=\"\" srcset=\"https:\/\/agris.rs\/wordpress\/wp-content\/uploads\/2024\/01\/Slika-23.-1-1-768x1024.jpg 768w, https:\/\/agris.rs\/wordpress\/wp-content\/uploads\/2024\/01\/Slika-23.-1-1-225x300.jpg 225w, https:\/\/agris.rs\/wordpress\/wp-content\/uploads\/2024\/01\/Slika-23.-1-1-1152x1536.jpg 1152w, https:\/\/agris.rs\/wordpress\/wp-content\/uploads\/2024\/01\/Slika-23.-1-1-1536x2048.jpg 1536w, https:\/\/agris.rs\/wordpress\/wp-content\/uploads\/2024\/01\/Slika-23.-1-1.jpg 1875w\" sizes=\"(max-width: 768px) 100vw, 768px\" \/>\t\t\t\t\t\t\t\t\t\t\t\t\t<\/div>\n\t\t\t\t<\/div>\n\t\t\t\t\t<\/div>\n\t\t<\/div>\n\t\t\t\t\t<\/div>\n\t\t<\/section>\n\t\t\t\t<\/div>\n\t\t","protected":false},"excerpt":{"rendered":"<p>Pored ispitivanja pomolo\u0161kih osobina ploda, na\u0161 tim vam mo\u017ee pomo\u0107i u odre\u0111ivanju momenta berbe. Zrelost plodova u momentu berbe ima odlu\u010duju\u0107i uticaj na njihovu sposobnost \u010duvanja i kvalitet posle iskladi\u0161tenja. Pravilno odre\u0111ivanje momenta berbe je od velikog uticaja na du\u017einu uspe\u0161nog \u010duvanja. Veoma je va\u017eno pravilno uzimanje uzoraka plodova a tu smo mi da vas [&hellip;]<\/p>\n","protected":false},"author":10,"featured_media":0,"parent":0,"menu_order":0,"comment_status":"closed","ping_status":"closed","template":"","meta":{"_acf_changed":false,"footnotes":""},"acf":[],"_links":{"self":[{"href":"https:\/\/agris.rs\/wordpress\/index.php?rest_route=\/wp\/v2\/pages\/4012"}],"collection":[{"href":"https:\/\/agris.rs\/wordpress\/index.php?rest_route=\/wp\/v2\/pages"}],"about":[{"href":"https:\/\/agris.rs\/wordpress\/index.php?rest_route=\/wp\/v2\/types\/page"}],"author":[{"embeddable":true,"href":"https:\/\/agris.rs\/wordpress\/index.php?rest_route=\/wp\/v2\/users\/10"}],"replies":[{"embeddable":true,"href":"https:\/\/agris.rs\/wordpress\/index.php?rest_route=%2Fwp%2Fv2%2Fcomments&post=4012"}],"version-history":[{"count":10,"href":"https:\/\/agris.rs\/wordpress\/index.php?rest_route=\/wp\/v2\/pages\/4012\/revisions"}],"predecessor-version":[{"id":4057,"href":"https:\/\/agris.rs\/wordpress\/index.php?rest_route=\/wp\/v2\/pages\/4012\/revisions\/4057"}],"wp:attachment":[{"href":"https:\/\/agris.rs\/wordpress\/index.php?rest_route=%2Fwp%2Fv2%2Fmedia&parent=4012"}],"curies":[{"name":"wp","href":"https:\/\/api.w.org\/{rel}","templated":true}]}}