{"id":4003,"date":"2024-01-12T19:15:53","date_gmt":"2024-01-12T19:15:53","guid":{"rendered":"https:\/\/agris.rs\/wordpress\/?page_id=4003"},"modified":"2024-01-12T19:42:13","modified_gmt":"2024-01-12T19:42:13","slug":"laboratorija-za-molekularno-geneticka-istrazivanja","status":"publish","type":"page","link":"https:\/\/agris.rs\/wordpress\/?page_id=4003","title":{"rendered":"Laboratorija za molekularno-geneti\u010dka istra\u017eivanja"},"content":{"rendered":"\t\t<div data-elementor-type=\"wp-page\" data-elementor-id=\"4003\" class=\"elementor elementor-4003\">\n\t\t\t\t\t\t<section class=\"elementor-section elementor-top-section elementor-element elementor-element-c610b5d elementor-section-boxed elementor-section-height-default elementor-section-height-default\" data-id=\"c610b5d\" data-element_type=\"section\">\n\t\t\t\t\t\t<div class=\"elementor-container elementor-column-gap-default\">\n\t\t\t\t\t<div class=\"elementor-column elementor-col-100 elementor-top-column elementor-element elementor-element-0ed45d7\" data-id=\"0ed45d7\" data-element_type=\"column\">\n\t\t\t<div class=\"elementor-widget-wrap elementor-element-populated\">\n\t\t\t\t\t\t<div class=\"elementor-element elementor-element-d6d5d1c elementor-widget elementor-widget-text-editor\" data-id=\"d6d5d1c\" data-element_type=\"widget\" data-widget_type=\"text-editor.default\">\n\t\t\t\t<div class=\"elementor-widget-container\">\n\t\t\t<style>\/*! elementor - v3.21.0 - 08-05-2024 *\/\n.elementor-widget-text-editor.elementor-drop-cap-view-stacked .elementor-drop-cap{background-color:#69727d;color:#fff}.elementor-widget-text-editor.elementor-drop-cap-view-framed .elementor-drop-cap{color:#69727d;border:3px solid;background-color:transparent}.elementor-widget-text-editor:not(.elementor-drop-cap-view-default) .elementor-drop-cap{margin-top:8px}.elementor-widget-text-editor:not(.elementor-drop-cap-view-default) .elementor-drop-cap-letter{width:1em;height:1em}.elementor-widget-text-editor .elementor-drop-cap{float:left;text-align:center;line-height:1;font-size:50px}.elementor-widget-text-editor .elementor-drop-cap-letter{display:inline-block}<\/style>\t\t\t\t<p>Laboratorija pru\u017ea usluge identifikacije sorti primenom molekularnih markera.<\/p><p>Laboratorija vr\u0161i analize na prisustvo fitopatogenih virusa i fitoplazmi u sadnom materijalu i proizvodnim zasadima vo\u0107a i vinove loze primenom ELISA, PCR, RT-PCR i qPCR metoda.<\/p>\t\t\t\t\t\t<\/div>\n\t\t\t\t<\/div>\n\t\t\t\t\t<\/div>\n\t\t<\/div>\n\t\t\t\t\t<\/div>\n\t\t<\/section>\n\t\t\t\t<section class=\"elementor-section elementor-top-section elementor-element elementor-element-30ea71d elementor-section-boxed elementor-section-height-default elementor-section-height-default\" data-id=\"30ea71d\" data-element_type=\"section\">\n\t\t\t\t\t\t<div class=\"elementor-container elementor-column-gap-default\">\n\t\t\t\t\t<div class=\"elementor-column elementor-col-33 elementor-top-column elementor-element elementor-element-f23e259\" data-id=\"f23e259\" data-element_type=\"column\">\n\t\t\t<div class=\"elementor-widget-wrap elementor-element-populated\">\n\t\t\t\t\t\t<div class=\"elementor-element elementor-element-e00ac7b elementor-widget elementor-widget-image\" data-id=\"e00ac7b\" data-element_type=\"widget\" data-widget_type=\"image.default\">\n\t\t\t\t<div class=\"elementor-widget-container\">\n\t\t\t<style>\/*! elementor - v3.21.0 - 08-05-2024 *\/\n.elementor-widget-image{text-align:center}.elementor-widget-image a{display:inline-block}.elementor-widget-image a img[src$=\".svg\"]{width:48px}.elementor-widget-image img{vertical-align:middle;display:inline-block}<\/style>\t\t\t\t\t\t\t\t\t\t<img fetchpriority=\"high\" decoding=\"async\" width=\"1024\" height=\"768\" src=\"https:\/\/agris.rs\/wordpress\/wp-content\/uploads\/2024\/01\/Slika-17-1024x768.jpg\" class=\"attachment-large size-large wp-image-4024\" alt=\"\" srcset=\"https:\/\/agris.rs\/wordpress\/wp-content\/uploads\/2024\/01\/Slika-17-1024x768.jpg 1024w, https:\/\/agris.rs\/wordpress\/wp-content\/uploads\/2024\/01\/Slika-17-300x225.jpg 300w, https:\/\/agris.rs\/wordpress\/wp-content\/uploads\/2024\/01\/Slika-17-768x576.jpg 768w, https:\/\/agris.rs\/wordpress\/wp-content\/uploads\/2024\/01\/Slika-17-1536x1152.jpg 1536w, https:\/\/agris.rs\/wordpress\/wp-content\/uploads\/2024\/01\/Slika-17.jpg 1600w\" sizes=\"(max-width: 1024px) 100vw, 1024px\" \/>\t\t\t\t\t\t\t\t\t\t\t\t\t<\/div>\n\t\t\t\t<\/div>\n\t\t\t\t\t<\/div>\n\t\t<\/div>\n\t\t\t\t<div class=\"elementor-column elementor-col-33 elementor-top-column elementor-element elementor-element-5f5553e\" data-id=\"5f5553e\" data-element_type=\"column\">\n\t\t\t<div class=\"elementor-widget-wrap elementor-element-populated\">\n\t\t\t\t\t\t<div class=\"elementor-element elementor-element-9dadffa elementor-widget elementor-widget-image\" data-id=\"9dadffa\" data-element_type=\"widget\" data-widget_type=\"image.default\">\n\t\t\t\t<div class=\"elementor-widget-container\">\n\t\t\t\t\t\t\t\t\t\t\t\t\t<img decoding=\"async\" width=\"1024\" height=\"682\" src=\"https:\/\/agris.rs\/wordpress\/wp-content\/uploads\/2024\/01\/Slika-18.-1-1-1024x682.jpg\" class=\"attachment-large size-large wp-image-4041\" alt=\"\" srcset=\"https:\/\/agris.rs\/wordpress\/wp-content\/uploads\/2024\/01\/Slika-18.-1-1-1024x682.jpg 1024w, https:\/\/agris.rs\/wordpress\/wp-content\/uploads\/2024\/01\/Slika-18.-1-1-300x200.jpg 300w, https:\/\/agris.rs\/wordpress\/wp-content\/uploads\/2024\/01\/Slika-18.-1-1-768x512.jpg 768w, https:\/\/agris.rs\/wordpress\/wp-content\/uploads\/2024\/01\/Slika-18.-1-1-1536x1024.jpg 1536w, https:\/\/agris.rs\/wordpress\/wp-content\/uploads\/2024\/01\/Slika-18.-1-1.jpg 2000w\" sizes=\"(max-width: 1024px) 100vw, 1024px\" \/>\t\t\t\t\t\t\t\t\t\t\t\t\t<\/div>\n\t\t\t\t<\/div>\n\t\t\t\t\t<\/div>\n\t\t<\/div>\n\t\t\t\t<div class=\"elementor-column elementor-col-33 elementor-top-column elementor-element elementor-element-824da1c\" data-id=\"824da1c\" data-element_type=\"column\">\n\t\t\t<div class=\"elementor-widget-wrap elementor-element-populated\">\n\t\t\t\t\t\t<div class=\"elementor-element elementor-element-e4b41fc elementor-widget elementor-widget-image\" data-id=\"e4b41fc\" data-element_type=\"widget\" data-widget_type=\"image.default\">\n\t\t\t\t<div class=\"elementor-widget-container\">\n\t\t\t\t\t\t\t\t\t\t\t\t\t<img decoding=\"async\" width=\"1024\" height=\"682\" src=\"https:\/\/agris.rs\/wordpress\/wp-content\/uploads\/2024\/01\/Slika-19.-1-1-1024x682.jpg\" class=\"attachment-large size-large wp-image-4042\" alt=\"\" srcset=\"https:\/\/agris.rs\/wordpress\/wp-content\/uploads\/2024\/01\/Slika-19.-1-1-1024x682.jpg 1024w, https:\/\/agris.rs\/wordpress\/wp-content\/uploads\/2024\/01\/Slika-19.-1-1-300x200.jpg 300w, https:\/\/agris.rs\/wordpress\/wp-content\/uploads\/2024\/01\/Slika-19.-1-1-768x512.jpg 768w, https:\/\/agris.rs\/wordpress\/wp-content\/uploads\/2024\/01\/Slika-19.-1-1-1536x1024.jpg 1536w, https:\/\/agris.rs\/wordpress\/wp-content\/uploads\/2024\/01\/Slika-19.-1-1.jpg 2000w\" sizes=\"(max-width: 1024px) 100vw, 1024px\" \/>\t\t\t\t\t\t\t\t\t\t\t\t\t<\/div>\n\t\t\t\t<\/div>\n\t\t\t\t\t<\/div>\n\t\t<\/div>\n\t\t\t\t\t<\/div>\n\t\t<\/section>\n\t\t\t\t<\/div>\n\t\t","protected":false},"excerpt":{"rendered":"<p>Laboratorija pru\u017ea usluge identifikacije sorti primenom molekularnih markera. Laboratorija vr\u0161i analize na prisustvo fitopatogenih virusa i fitoplazmi u sadnom materijalu i proizvodnim zasadima vo\u0107a i vinove loze primenom ELISA, PCR, RT-PCR i qPCR metoda.<\/p>\n","protected":false},"author":10,"featured_media":0,"parent":0,"menu_order":0,"comment_status":"closed","ping_status":"closed","template":"","meta":{"_acf_changed":false,"footnotes":""},"acf":[],"_links":{"self":[{"href":"https:\/\/agris.rs\/wordpress\/index.php?rest_route=\/wp\/v2\/pages\/4003"}],"collection":[{"href":"https:\/\/agris.rs\/wordpress\/index.php?rest_route=\/wp\/v2\/pages"}],"about":[{"href":"https:\/\/agris.rs\/wordpress\/index.php?rest_route=\/wp\/v2\/types\/page"}],"author":[{"embeddable":true,"href":"https:\/\/agris.rs\/wordpress\/index.php?rest_route=\/wp\/v2\/users\/10"}],"replies":[{"embeddable":true,"href":"https:\/\/agris.rs\/wordpress\/index.php?rest_route=%2Fwp%2Fv2%2Fcomments&post=4003"}],"version-history":[{"count":7,"href":"https:\/\/agris.rs\/wordpress\/index.php?rest_route=\/wp\/v2\/pages\/4003\/revisions"}],"predecessor-version":[{"id":4045,"href":"https:\/\/agris.rs\/wordpress\/index.php?rest_route=\/wp\/v2\/pages\/4003\/revisions\/4045"}],"wp:attachment":[{"href":"https:\/\/agris.rs\/wordpress\/index.php?rest_route=%2Fwp%2Fv2%2Fmedia&parent=4003"}],"curies":[{"name":"wp","href":"https:\/\/api.w.org\/{rel}","templated":true}]}}