{"id":3922,"date":"2024-01-12T18:40:03","date_gmt":"2024-01-12T18:40:03","guid":{"rendered":"https:\/\/agris.rs\/wordpress\/?page_id=3922"},"modified":"2024-01-12T20:09:06","modified_gmt":"2024-01-12T20:09:06","slug":"ispitivanje-bioloske-efikasnosti-preparata-u-vocarstvu-i-vinogradarstvu","status":"publish","type":"page","link":"https:\/\/agris.rs\/wordpress\/?page_id=3922","title":{"rendered":"Ispitivanje biolo\u0161ke efikasnosti preparata"},"content":{"rendered":"\t\t<div data-elementor-type=\"wp-page\" data-elementor-id=\"3922\" class=\"elementor elementor-3922\">\n\t\t\t\t\t\t<section class=\"elementor-section elementor-top-section elementor-element elementor-element-816d834 elementor-section-boxed elementor-section-height-default elementor-section-height-default\" data-id=\"816d834\" data-element_type=\"section\" data-settings=\"{&quot;background_background&quot;:&quot;classic&quot;}\">\n\t\t\t\t\t\t<div class=\"elementor-container elementor-column-gap-default\">\n\t\t\t\t\t<div class=\"elementor-column elementor-col-100 elementor-top-column elementor-element elementor-element-12cd9a1\" data-id=\"12cd9a1\" data-element_type=\"column\">\n\t\t\t<div class=\"elementor-widget-wrap elementor-element-populated\">\n\t\t\t\t\t\t<div class=\"elementor-element elementor-element-4ffabe9 elementor-widget elementor-widget-heading\" data-id=\"4ffabe9\" data-element_type=\"widget\" data-widget_type=\"heading.default\">\n\t\t\t\t<div class=\"elementor-widget-container\">\n\t\t\t<style>\/*! elementor - v3.21.0 - 08-05-2024 *\/\n.elementor-heading-title{padding:0;margin:0;line-height:1}.elementor-widget-heading .elementor-heading-title[class*=elementor-size-]>a{color:inherit;font-size:inherit;line-height:inherit}.elementor-widget-heading .elementor-heading-title.elementor-size-small{font-size:15px}.elementor-widget-heading .elementor-heading-title.elementor-size-medium{font-size:19px}.elementor-widget-heading .elementor-heading-title.elementor-size-large{font-size:29px}.elementor-widget-heading .elementor-heading-title.elementor-size-xl{font-size:39px}.elementor-widget-heading .elementor-heading-title.elementor-size-xxl{font-size:59px}<\/style><h2 class=\"elementor-heading-title elementor-size-default\">Ispitivanje biolo\u0161ke efikasnosti preparata u vo\u0107arstvu i vinogradarstvu\n<\/h2>\t\t<\/div>\n\t\t\t\t<\/div>\n\t\t\t\t<div class=\"elementor-element elementor-element-62a971c elementor-widget elementor-widget-text-editor\" data-id=\"62a971c\" data-element_type=\"widget\" data-widget_type=\"text-editor.default\">\n\t\t\t\t<div class=\"elementor-widget-container\">\n\t\t\t<style>\/*! elementor - v3.21.0 - 08-05-2024 *\/\n.elementor-widget-text-editor.elementor-drop-cap-view-stacked .elementor-drop-cap{background-color:#69727d;color:#fff}.elementor-widget-text-editor.elementor-drop-cap-view-framed .elementor-drop-cap{color:#69727d;border:3px solid;background-color:transparent}.elementor-widget-text-editor:not(.elementor-drop-cap-view-default) .elementor-drop-cap{margin-top:8px}.elementor-widget-text-editor:not(.elementor-drop-cap-view-default) .elementor-drop-cap-letter{width:1em;height:1em}.elementor-widget-text-editor .elementor-drop-cap{float:left;text-align:center;line-height:1;font-size:50px}.elementor-widget-text-editor .elementor-drop-cap-letter{display:inline-block}<\/style>\t\t\t\t<p>Postavka, pra\u0107enje i analiza poljskih ogleda u vi\u0161egodi\u0161njim zasadima svih kontinentalnih vo\u0107nih vrsta sa ciljem ispitivanja biolo\u0161ke efikasnosti \u0111ubriva, bioregulatora i biostimulatora i njihovog uticaja na rast i razvoj, otpornost prema nepovoljnim faktorima sredine, prinos i kvalitet plodova kao i eventualno fitotoksi\u010dno delovanje.<\/p>\t\t\t\t\t\t<\/div>\n\t\t\t\t<\/div>\n\t\t\t\t\t<\/div>\n\t\t<\/div>\n\t\t\t\t\t<\/div>\n\t\t<\/section>\n\t\t\t\t<section class=\"elementor-section elementor-top-section elementor-element elementor-element-3115436 elementor-section-boxed elementor-section-height-default elementor-section-height-default\" data-id=\"3115436\" data-element_type=\"section\" data-settings=\"{&quot;background_background&quot;:&quot;classic&quot;}\">\n\t\t\t\t\t\t<div class=\"elementor-container elementor-column-gap-default\">\n\t\t\t\t\t<div class=\"elementor-column elementor-col-100 elementor-top-column elementor-element elementor-element-eef922b\" data-id=\"eef922b\" data-element_type=\"column\">\n\t\t\t<div class=\"elementor-widget-wrap elementor-element-populated\">\n\t\t\t\t\t\t<div class=\"elementor-element elementor-element-d893a00 elementor-widget elementor-widget-heading\" data-id=\"d893a00\" data-element_type=\"widget\" data-widget_type=\"heading.default\">\n\t\t\t\t<div class=\"elementor-widget-container\">\n\t\t\t<h2 class=\"elementor-heading-title elementor-size-default\">Aktivnosti i reference<\/h2>\t\t<\/div>\n\t\t\t\t<\/div>\n\t\t\t\t<div class=\"elementor-element elementor-element-96ef9d4 elementor-widget elementor-widget-text-editor\" data-id=\"96ef9d4\" data-element_type=\"widget\" data-widget_type=\"text-editor.default\">\n\t\t\t\t<div class=\"elementor-widget-container\">\n\t\t\t\t\t\t\t<p style=\"text-align: justify; text-indent: -.25in; mso-list: l0 level1 lfo1;\"><!-- [if !supportLists]--><span lang=\"EN-GB\">1.<span style=\"font: 7.0pt 'Times New Roman';\">&nbsp;&nbsp;&nbsp;&nbsp;&nbsp; <\/span><\/span><!--[endif]--><span lang=\"EN-GB\">Ispitivanje efikasnosti preparata Algafert i Biofat 600 u 2023. godini, Prima Bio Solutions, Temerin, 2023<\/span><\/p>\n<p style=\"text-align: justify; text-indent: -.25in; mso-list: l0 level1 lfo1; mso-layout-grid-align: none; text-autospace: none;\"><!-- [if !supportLists]--><span lang=\"SR\">2.<span style=\"font: 7.0pt 'Times New Roman';\"> &nbsp;<\/span><\/span><span lang=\"EN-GB\">Inovacioni vau\u010der: Primena mikrobiolo\u0161kih bioregulatora za pove\u0107anje prinosa i pobolj\u0161anje kvaliteta ploda jagodastog vo\u0107a, \u201cBiounik\u201d, Zemun, Fond za inovacionu delatnost, 2023<\/span><span lang=\"EN-GB\">.<\/span><\/p>\n<p style=\"text-align: justify; text-indent: -.25in; mso-list: l0 level1 lfo1;\"><!-- [if !supportLists]--><span lang=\"SR\">3.<span style=\"font: 7.0pt 'Times New Roman';\"> &nbsp;&nbsp;&nbsp;&nbsp; <\/span><\/span><span lang=\"SR\">Inovacioni vau\u010der: Mikrobiolo\u0161ki bioregulatori namenjeni pobolj\u0161anju kvaliteta ko\u0161ti\u010davog vo\u0107a, \u201cBiounik\u201d, Zemun, Fond za inovacionu delatnost, 2022.<\/span><\/p>\n<p style=\"text-align: justify; text-indent: -.25in; mso-list: l0 level1 lfo1;\"><!-- [if !supportLists]--><span lang=\"SR\">4.<span style=\"font: 7.0pt 'Times New Roman';\">&nbsp; &nbsp;<\/span><\/span><span lang=\"SR\">Ugovor o poslovno-tehni\u010dkoj saradnji sa kompanijom \u201cBiounik\u201d, Zemun, za testiranje efikasnosti novog preparata koji sadr\u017ei citokinine za proredu plodova jabuke i novog preparata koji sadr\u017ei auksine za proredu jabuke u okviru projekta \u201eNew Bioregulators Based on Autochtonous Bacteria for Thinning of Apple Fruits\u201c programa Matching Grants, Fonda za inovacionu delatnost, 2018-2020.<\/span><\/p>\n<p style=\"text-align: justify; text-indent: -.25in; mso-list: l0 level1 lfo1;\"><!-- [if !supportLists]--><span lang=\"SR\">5.<span style=\"font: 7.0pt 'Times New Roman';\">&nbsp;&nbsp;&nbsp;&nbsp;&nbsp; <\/span><\/span><!--[endif]--><span lang=\"SR\">Ispitivanje biolo\u0161ke efikasnosti pesticida, Mezija d.o.o. Beograd, 2017.<\/span><span style=\"font-size: 14px; text-indent: -0.25in;\">6.<\/span><\/p>\t\t\t\t\t\t<\/div>\n\t\t\t\t<\/div>\n\t\t\t\t\t<\/div>\n\t\t<\/div>\n\t\t\t\t\t<\/div>\n\t\t<\/section>\n\t\t\t\t<section class=\"elementor-section elementor-top-section elementor-element elementor-element-5826743 elementor-section-boxed elementor-section-height-default elementor-section-height-default\" data-id=\"5826743\" data-element_type=\"section\" data-settings=\"{&quot;background_background&quot;:&quot;classic&quot;}\">\n\t\t\t\t\t\t<div class=\"elementor-container elementor-column-gap-default\">\n\t\t\t\t\t<div class=\"elementor-column elementor-col-100 elementor-top-column elementor-element elementor-element-7eb62b4\" data-id=\"7eb62b4\" data-element_type=\"column\">\n\t\t\t<div class=\"elementor-widget-wrap elementor-element-populated\">\n\t\t\t\t\t\t<div class=\"elementor-element elementor-element-4bcb6ad elementor-widget elementor-widget-heading\" data-id=\"4bcb6ad\" data-element_type=\"widget\" data-widget_type=\"heading.default\">\n\t\t\t\t<div class=\"elementor-widget-container\">\n\t\t\t<h2 class=\"elementor-heading-title elementor-size-default\">Aktivnosti i reference<\/h2>\t\t<\/div>\n\t\t\t\t<\/div>\n\t\t\t\t<div class=\"elementor-element elementor-element-94eba34 elementor-icon-list--layout-traditional elementor-list-item-link-full_width elementor-widget elementor-widget-icon-list\" data-id=\"94eba34\" data-element_type=\"widget\" data-widget_type=\"icon-list.default\">\n\t\t\t\t<div class=\"elementor-widget-container\">\n\t\t\t<link rel=\"stylesheet\" href=\"https:\/\/agris.rs\/wordpress\/wp-content\/plugins\/elementor\/assets\/css\/widget-icon-list.min.css\">\t\t<ul class=\"elementor-icon-list-items\">\n\t\t\t\t\t\t\t<li class=\"elementor-icon-list-item\">\n\t\t\t\t\t\t\t\t\t\t\t<span class=\"elementor-icon-list-icon\">\n\t\t\t\t\t\t\t<i aria-hidden=\"true\" class=\"fas fa-chevron-right\"><\/i>\t\t\t\t\t\t<\/span>\n\t\t\t\t\t\t\t\t\t\t<span class=\"elementor-icon-list-text\">Ispitivanje efikasnosti preparata Algafert i Biofat 600 u 2023. godini, Prima Bio Solutions, Temerin, 2023<\/span>\n\t\t\t\t\t\t\t\t\t<\/li>\n\t\t\t\t\t\t\t\t<li class=\"elementor-icon-list-item\">\n\t\t\t\t\t\t\t\t\t\t\t<span class=\"elementor-icon-list-icon\">\n\t\t\t\t\t\t\t<i aria-hidden=\"true\" class=\"fas fa-chevron-right\"><\/i>\t\t\t\t\t\t<\/span>\n\t\t\t\t\t\t\t\t\t\t<span class=\"elementor-icon-list-text\">Inovacioni vau\u010der: Primena mikrobiolo\u0161kih bioregulatora za pove\u0107anje prinosa i pobolj\u0161anje kvaliteta ploda jagodastog vo\u0107a, \u201cBiounik\u201d, Zemun, Fond za inovacionu delatnost, 2023.<\/span>\n\t\t\t\t\t\t\t\t\t<\/li>\n\t\t\t\t\t\t\t\t<li class=\"elementor-icon-list-item\">\n\t\t\t\t\t\t\t\t\t\t\t<span class=\"elementor-icon-list-icon\">\n\t\t\t\t\t\t\t<i aria-hidden=\"true\" class=\"fas fa-chevron-right\"><\/i>\t\t\t\t\t\t<\/span>\n\t\t\t\t\t\t\t\t\t\t<span class=\"elementor-icon-list-text\">Inovacioni vau\u010der: Mikrobiolo\u0161ki bioregulatori namenjeni pobolj\u0161anju kvaliteta ko\u0161ti\u010davog vo\u0107a, \u201cBiounik\u201d, Zemun, Fond za inovacionu delatnost, 2022.<\/span>\n\t\t\t\t\t\t\t\t\t<\/li>\n\t\t\t\t\t\t\t\t<li class=\"elementor-icon-list-item\">\n\t\t\t\t\t\t\t\t\t\t\t<span class=\"elementor-icon-list-icon\">\n\t\t\t\t\t\t\t<i aria-hidden=\"true\" class=\"fas fa-chevron-right\"><\/i>\t\t\t\t\t\t<\/span>\n\t\t\t\t\t\t\t\t\t\t<span class=\"elementor-icon-list-text\">Ugovor o poslovno-tehni\u010dkoj saradnji sa kompanijom \u201cBiounik\u201d, Zemun, za testiranje efikasnosti novog preparata koji sadr\u017ei citokinine za proredu plodova jabuke i novog preparata koji sadr\u017ei auksine za proredu jabuke u okviru projekta \u201eNew Bioregulators Based on Autochtonous Bacteria for Thinning of Apple Fruits\u201c programa Matching Grants, Fonda za inovacionu delatnost, 2018-2020.<\/span>\n\t\t\t\t\t\t\t\t\t<\/li>\n\t\t\t\t\t\t\t\t<li class=\"elementor-icon-list-item\">\n\t\t\t\t\t\t\t\t\t\t\t<span class=\"elementor-icon-list-icon\">\n\t\t\t\t\t\t\t<i aria-hidden=\"true\" class=\"fas fa-chevron-right\"><\/i>\t\t\t\t\t\t<\/span>\n\t\t\t\t\t\t\t\t\t\t<span class=\"elementor-icon-list-text\">Ispitivanje biolo\u0161ke efikasnosti pesticida, Mezija d.o.o. Beograd, 2017.6.<\/span>\n\t\t\t\t\t\t\t\t\t<\/li>\n\t\t\t\t\t\t<\/ul>\n\t\t\t\t<\/div>\n\t\t\t\t<\/div>\n\t\t\t\t\t<\/div>\n\t\t<\/div>\n\t\t\t\t\t<\/div>\n\t\t<\/section>\n\t\t\t\t<section class=\"elementor-section elementor-top-section elementor-element elementor-element-24e9906 elementor-section-boxed elementor-section-height-default elementor-section-height-default\" data-id=\"24e9906\" data-element_type=\"section\" data-settings=\"{&quot;background_background&quot;:&quot;classic&quot;}\">\n\t\t\t\t\t\t<div class=\"elementor-container elementor-column-gap-default\">\n\t\t\t\t\t<div class=\"elementor-column elementor-col-33 elementor-top-column elementor-element elementor-element-5a315e0\" data-id=\"5a315e0\" data-element_type=\"column\">\n\t\t\t<div class=\"elementor-widget-wrap elementor-element-populated\">\n\t\t\t\t\t\t<div class=\"elementor-element elementor-element-11fc32c elementor-widget elementor-widget-image\" data-id=\"11fc32c\" data-element_type=\"widget\" data-widget_type=\"image.default\">\n\t\t\t\t<div class=\"elementor-widget-container\">\n\t\t\t<style>\/*! elementor - v3.21.0 - 08-05-2024 *\/\n.elementor-widget-image{text-align:center}.elementor-widget-image a{display:inline-block}.elementor-widget-image a img[src$=\".svg\"]{width:48px}.elementor-widget-image img{vertical-align:middle;display:inline-block}<\/style>\t\t\t\t\t\t\t\t\t\t<img decoding=\"async\" src=\"https:\/\/agris.rs\/wordpress\/wp-content\/uploads\/2024\/01\/Slika-11-600x600.jpg\" title=\"Slika 11.\" alt=\"Slika 11.\" loading=\"lazy\" \/>\t\t\t\t\t\t\t\t\t\t\t\t\t<\/div>\n\t\t\t\t<\/div>\n\t\t\t\t\t<\/div>\n\t\t<\/div>\n\t\t\t\t<div class=\"elementor-column elementor-col-33 elementor-top-column elementor-element elementor-element-fb73d1a\" data-id=\"fb73d1a\" data-element_type=\"column\">\n\t\t\t<div class=\"elementor-widget-wrap elementor-element-populated\">\n\t\t\t\t\t\t<div class=\"elementor-element elementor-element-2f7ddf3 elementor-widget elementor-widget-image\" data-id=\"2f7ddf3\" data-element_type=\"widget\" data-widget_type=\"image.default\">\n\t\t\t\t<div class=\"elementor-widget-container\">\n\t\t\t\t\t\t\t\t\t\t\t\t\t<img decoding=\"async\" src=\"https:\/\/agris.rs\/wordpress\/wp-content\/uploads\/2024\/01\/Slika-12-600x600.jpg\" title=\"Slika 12.\" alt=\"Slika 12.\" loading=\"lazy\" \/>\t\t\t\t\t\t\t\t\t\t\t\t\t<\/div>\n\t\t\t\t<\/div>\n\t\t\t\t\t<\/div>\n\t\t<\/div>\n\t\t\t\t<div class=\"elementor-column elementor-col-33 elementor-top-column elementor-element elementor-element-dcbbb15\" data-id=\"dcbbb15\" data-element_type=\"column\">\n\t\t\t<div class=\"elementor-widget-wrap elementor-element-populated\">\n\t\t\t\t\t\t<div class=\"elementor-element elementor-element-6c1bdf6 elementor-widget elementor-widget-image\" data-id=\"6c1bdf6\" data-element_type=\"widget\" data-widget_type=\"image.default\">\n\t\t\t\t<div class=\"elementor-widget-container\">\n\t\t\t\t\t\t\t\t\t\t\t\t\t<img decoding=\"async\" src=\"https:\/\/agris.rs\/wordpress\/wp-content\/uploads\/2024\/01\/Slika-13-600x600.jpg\" title=\"Slika 13.\" alt=\"Slika 13.\" loading=\"lazy\" \/>\t\t\t\t\t\t\t\t\t\t\t\t\t<\/div>\n\t\t\t\t<\/div>\n\t\t\t\t\t<\/div>\n\t\t<\/div>\n\t\t\t\t\t<\/div>\n\t\t<\/section>\n\t\t\t\t<section class=\"elementor-section elementor-top-section elementor-element elementor-element-2edb38d elementor-section-boxed elementor-section-height-default elementor-section-height-default\" data-id=\"2edb38d\" data-element_type=\"section\" data-settings=\"{&quot;background_background&quot;:&quot;classic&quot;}\">\n\t\t\t\t\t\t<div class=\"elementor-container elementor-column-gap-default\">\n\t\t\t\t\t<div class=\"elementor-column elementor-col-50 elementor-top-column elementor-element elementor-element-f4a4e28\" data-id=\"f4a4e28\" data-element_type=\"column\">\n\t\t\t<div class=\"elementor-widget-wrap elementor-element-populated\">\n\t\t\t\t\t\t<div class=\"elementor-element elementor-element-5519090 elementor-widget elementor-widget-image\" data-id=\"5519090\" data-element_type=\"widget\" data-widget_type=\"image.default\">\n\t\t\t\t<div class=\"elementor-widget-container\">\n\t\t\t\t\t\t\t\t\t\t\t\t\t<img fetchpriority=\"high\" decoding=\"async\" width=\"577\" height=\"1024\" src=\"https:\/\/agris.rs\/wordpress\/wp-content\/uploads\/2024\/01\/Slika-14.-1-577x1024.jpg\" class=\"attachment-large size-large wp-image-3992\" alt=\"\" srcset=\"https:\/\/agris.rs\/wordpress\/wp-content\/uploads\/2024\/01\/Slika-14.-1-577x1024.jpg 577w, https:\/\/agris.rs\/wordpress\/wp-content\/uploads\/2024\/01\/Slika-14.-1-169x300.jpg 169w, https:\/\/agris.rs\/wordpress\/wp-content\/uploads\/2024\/01\/Slika-14.-1-768x1364.jpg 768w, https:\/\/agris.rs\/wordpress\/wp-content\/uploads\/2024\/01\/Slika-14.-1-rotated.jpg 793w\" sizes=\"(max-width: 577px) 100vw, 577px\" \/>\t\t\t\t\t\t\t\t\t\t\t\t\t<\/div>\n\t\t\t\t<\/div>\n\t\t\t\t\t<\/div>\n\t\t<\/div>\n\t\t\t\t<div class=\"elementor-column elementor-col-50 elementor-top-column elementor-element elementor-element-93b0840\" data-id=\"93b0840\" data-element_type=\"column\">\n\t\t\t<div class=\"elementor-widget-wrap elementor-element-populated\">\n\t\t\t\t\t\t<div class=\"elementor-element elementor-element-8572d54 elementor-widget elementor-widget-image\" data-id=\"8572d54\" data-element_type=\"widget\" data-widget_type=\"image.default\">\n\t\t\t\t<div class=\"elementor-widget-container\">\n\t\t\t\t\t\t\t\t\t\t\t\t\t<img decoding=\"async\" width=\"594\" height=\"1024\" src=\"https:\/\/agris.rs\/wordpress\/wp-content\/uploads\/2024\/01\/Slika-15-594x1024.jpg\" class=\"attachment-large size-large wp-image-3988\" alt=\"\" srcset=\"https:\/\/agris.rs\/wordpress\/wp-content\/uploads\/2024\/01\/Slika-15-594x1024.jpg 594w, https:\/\/agris.rs\/wordpress\/wp-content\/uploads\/2024\/01\/Slika-15-174x300.jpg 174w, https:\/\/agris.rs\/wordpress\/wp-content\/uploads\/2024\/01\/Slika-15-768x1323.jpg 768w, https:\/\/agris.rs\/wordpress\/wp-content\/uploads\/2024\/01\/Slika-15-891x1536.jpg 891w, https:\/\/agris.rs\/wordpress\/wp-content\/uploads\/2024\/01\/Slika-15.jpg 928w\" sizes=\"(max-width: 594px) 100vw, 594px\" \/>\t\t\t\t\t\t\t\t\t\t\t\t\t<\/div>\n\t\t\t\t<\/div>\n\t\t\t\t\t<\/div>\n\t\t<\/div>\n\t\t\t\t\t<\/div>\n\t\t<\/section>\n\t\t\t\t<\/div>\n\t\t","protected":false},"excerpt":{"rendered":"<p>Ispitivanje biolo\u0161ke efikasnosti preparata u vo\u0107arstvu i vinogradarstvu Postavka, pra\u0107enje i analiza poljskih ogleda u vi\u0161egodi\u0161njim zasadima svih kontinentalnih vo\u0107nih vrsta sa ciljem ispitivanja biolo\u0161ke efikasnosti \u0111ubriva, bioregulatora i biostimulatora i njihovog uticaja na rast i razvoj, otpornost prema nepovoljnim faktorima sredine, prinos i kvalitet plodova kao i eventualno fitotoksi\u010dno delovanje. Aktivnosti i reference 1.&nbsp;&nbsp;&nbsp;&nbsp;&nbsp; [&hellip;]<\/p>\n","protected":false},"author":10,"featured_media":0,"parent":0,"menu_order":0,"comment_status":"closed","ping_status":"closed","template":"","meta":{"_acf_changed":false,"footnotes":""},"acf":[],"_links":{"self":[{"href":"https:\/\/agris.rs\/wordpress\/index.php?rest_route=\/wp\/v2\/pages\/3922"}],"collection":[{"href":"https:\/\/agris.rs\/wordpress\/index.php?rest_route=\/wp\/v2\/pages"}],"about":[{"href":"https:\/\/agris.rs\/wordpress\/index.php?rest_route=\/wp\/v2\/types\/page"}],"author":[{"embeddable":true,"href":"https:\/\/agris.rs\/wordpress\/index.php?rest_route=\/wp\/v2\/users\/10"}],"replies":[{"embeddable":true,"href":"https:\/\/agris.rs\/wordpress\/index.php?rest_route=%2Fwp%2Fv2%2Fcomments&post=3922"}],"version-history":[{"count":23,"href":"https:\/\/agris.rs\/wordpress\/index.php?rest_route=\/wp\/v2\/pages\/3922\/revisions"}],"predecessor-version":[{"id":4097,"href":"https:\/\/agris.rs\/wordpress\/index.php?rest_route=\/wp\/v2\/pages\/3922\/revisions\/4097"}],"wp:attachment":[{"href":"https:\/\/agris.rs\/wordpress\/index.php?rest_route=%2Fwp%2Fv2%2Fmedia&parent=3922"}],"curies":[{"name":"wp","href":"https:\/\/api.w.org\/{rel}","templated":true}]}}