{"id":3915,"date":"2024-01-12T18:38:59","date_gmt":"2024-01-12T18:38:59","guid":{"rendered":"https:\/\/agris.rs\/wordpress\/?page_id=3915"},"modified":"2024-01-12T20:13:41","modified_gmt":"2024-01-12T20:13:41","slug":"savetodavne-usluge-u-vocarskoj-proizvodnji","status":"publish","type":"page","link":"https:\/\/agris.rs\/wordpress\/?page_id=3915","title":{"rendered":"Savetodavne usluge u vo\u0107arskoj proizvodnji"},"content":{"rendered":"\t\t<div data-elementor-type=\"wp-page\" data-elementor-id=\"3915\" class=\"elementor elementor-3915\">\n\t\t\t\t\t\t<section class=\"elementor-section elementor-top-section elementor-element elementor-element-7e62777 elementor-section-boxed elementor-section-height-default elementor-section-height-default\" data-id=\"7e62777\" data-element_type=\"section\" data-settings=\"{&quot;background_background&quot;:&quot;classic&quot;}\">\n\t\t\t\t\t\t<div class=\"elementor-container elementor-column-gap-default\">\n\t\t\t\t\t<div class=\"elementor-column elementor-col-100 elementor-top-column elementor-element elementor-element-7ebbbad\" data-id=\"7ebbbad\" data-element_type=\"column\">\n\t\t\t<div class=\"elementor-widget-wrap elementor-element-populated\">\n\t\t\t\t\t\t<div class=\"elementor-element elementor-element-85811fb elementor-widget elementor-widget-text-editor\" data-id=\"85811fb\" data-element_type=\"widget\" data-widget_type=\"text-editor.default\">\n\t\t\t\t<div class=\"elementor-widget-container\">\n\t\t\t<style>\/*! elementor - v3.21.0 - 08-05-2024 *\/\n.elementor-widget-text-editor.elementor-drop-cap-view-stacked .elementor-drop-cap{background-color:#69727d;color:#fff}.elementor-widget-text-editor.elementor-drop-cap-view-framed .elementor-drop-cap{color:#69727d;border:3px solid;background-color:transparent}.elementor-widget-text-editor:not(.elementor-drop-cap-view-default) .elementor-drop-cap{margin-top:8px}.elementor-widget-text-editor:not(.elementor-drop-cap-view-default) .elementor-drop-cap-letter{width:1em;height:1em}.elementor-widget-text-editor .elementor-drop-cap{float:left;text-align:center;line-height:1;font-size:50px}.elementor-widget-text-editor .elementor-drop-cap-letter{display:inline-block}<\/style>\t\t\t\t<ul><li><span style=\"font-size: 14px;\">Savetodavne usluge odnose se na \u010ditav proizvodni proces od momenta sadnje i u periodu plodono\u0161enja. Obuhvataju davanje preporuka za formiranje uzgojnog oblika i rezidbu, za\u0161titu od nepovoljnih klimatskih \u010dinilaca, regulisanje rodnosti i bujnosti stabala, odr\u017eavanje zemlji\u0161ta, fertirigaciju, mineralnu ishranu, odre\u0111ivanje momenta berbe, skladi\u0161tenje plodova, za\u0161titu od bolesti, \u0161teto\u010dina i korova i drugo.<\/span><\/li><li><span style=\"font-size: 14px;\">Savetodavne usluge uklju\u010duju i monitoring proizvodnog procesa u zasadu vo\u0107a, analizu i definisanje kriti\u010dnih ta\u010daka i na osnovu toga preporuke za unapre\u0111enje proizvodnje tj. pove\u0107anje prinosa, pobolj\u0161anje kvaliteta ploda uz smanjenje tro\u0161kova.<\/span><\/li><\/ul>\t\t\t\t\t\t<\/div>\n\t\t\t\t<\/div>\n\t\t\t\t\t<\/div>\n\t\t<\/div>\n\t\t\t\t\t<\/div>\n\t\t<\/section>\n\t\t\t\t<section class=\"elementor-section elementor-top-section elementor-element elementor-element-772899d elementor-section-boxed elementor-section-height-default elementor-section-height-default\" data-id=\"772899d\" data-element_type=\"section\" data-settings=\"{&quot;background_background&quot;:&quot;classic&quot;}\">\n\t\t\t\t\t\t<div class=\"elementor-container elementor-column-gap-default\">\n\t\t\t\t\t<div class=\"elementor-column elementor-col-50 elementor-top-column elementor-element elementor-element-88e66d9\" data-id=\"88e66d9\" data-element_type=\"column\">\n\t\t\t<div class=\"elementor-widget-wrap elementor-element-populated\">\n\t\t\t\t\t\t<div class=\"elementor-element elementor-element-09844b1 elementor-widget elementor-widget-image\" data-id=\"09844b1\" data-element_type=\"widget\" data-widget_type=\"image.default\">\n\t\t\t\t<div class=\"elementor-widget-container\">\n\t\t\t<style>\/*! elementor - v3.21.0 - 08-05-2024 *\/\n.elementor-widget-image{text-align:center}.elementor-widget-image a{display:inline-block}.elementor-widget-image a img[src$=\".svg\"]{width:48px}.elementor-widget-image img{vertical-align:middle;display:inline-block}<\/style>\t\t\t\t\t\t\t\t\t\t<img decoding=\"async\" src=\"https:\/\/agris.rs\/wordpress\/wp-content\/uploads\/2024\/01\/Slika-8-600x600.jpg\" title=\"Slika 8.\" alt=\"Slika 8.\" loading=\"lazy\" \/>\t\t\t\t\t\t\t\t\t\t\t\t\t<\/div>\n\t\t\t\t<\/div>\n\t\t\t\t\t<\/div>\n\t\t<\/div>\n\t\t\t\t<div class=\"elementor-column elementor-col-50 elementor-top-column elementor-element elementor-element-9e2ae0c\" data-id=\"9e2ae0c\" data-element_type=\"column\">\n\t\t\t<div class=\"elementor-widget-wrap elementor-element-populated\">\n\t\t\t\t\t\t<div class=\"elementor-element elementor-element-48a70cb elementor-widget elementor-widget-image\" data-id=\"48a70cb\" data-element_type=\"widget\" data-widget_type=\"image.default\">\n\t\t\t\t<div class=\"elementor-widget-container\">\n\t\t\t\t\t\t\t\t\t\t\t\t\t<img decoding=\"async\" src=\"https:\/\/agris.rs\/wordpress\/wp-content\/uploads\/2024\/01\/Slika-9-600x600.jpg\" title=\"Slika 9.\" alt=\"Slika 9.\" loading=\"lazy\" \/>\t\t\t\t\t\t\t\t\t\t\t\t\t<\/div>\n\t\t\t\t<\/div>\n\t\t\t\t\t<\/div>\n\t\t<\/div>\n\t\t\t\t\t<\/div>\n\t\t<\/section>\n\t\t\t\t<\/div>\n\t\t","protected":false},"excerpt":{"rendered":"<p>Savetodavne usluge odnose se na \u010ditav proizvodni proces od momenta sadnje i u periodu plodono\u0161enja. Obuhvataju davanje preporuka za formiranje uzgojnog oblika i rezidbu, za\u0161titu od nepovoljnih klimatskih \u010dinilaca, regulisanje rodnosti i bujnosti stabala, odr\u017eavanje zemlji\u0161ta, fertirigaciju, mineralnu ishranu, odre\u0111ivanje momenta berbe, skladi\u0161tenje plodova, za\u0161titu od bolesti, \u0161teto\u010dina i korova i drugo. Savetodavne usluge uklju\u010duju [&hellip;]<\/p>\n","protected":false},"author":10,"featured_media":0,"parent":0,"menu_order":0,"comment_status":"closed","ping_status":"closed","template":"","meta":{"_acf_changed":false,"footnotes":""},"acf":[],"_links":{"self":[{"href":"https:\/\/agris.rs\/wordpress\/index.php?rest_route=\/wp\/v2\/pages\/3915"}],"collection":[{"href":"https:\/\/agris.rs\/wordpress\/index.php?rest_route=\/wp\/v2\/pages"}],"about":[{"href":"https:\/\/agris.rs\/wordpress\/index.php?rest_route=\/wp\/v2\/types\/page"}],"author":[{"embeddable":true,"href":"https:\/\/agris.rs\/wordpress\/index.php?rest_route=\/wp\/v2\/users\/10"}],"replies":[{"embeddable":true,"href":"https:\/\/agris.rs\/wordpress\/index.php?rest_route=%2Fwp%2Fv2%2Fcomments&post=3915"}],"version-history":[{"count":22,"href":"https:\/\/agris.rs\/wordpress\/index.php?rest_route=\/wp\/v2\/pages\/3915\/revisions"}],"predecessor-version":[{"id":4109,"href":"https:\/\/agris.rs\/wordpress\/index.php?rest_route=\/wp\/v2\/pages\/3915\/revisions\/4109"}],"wp:attachment":[{"href":"https:\/\/agris.rs\/wordpress\/index.php?rest_route=%2Fwp%2Fv2%2Fmedia&parent=3915"}],"curies":[{"name":"wp","href":"https:\/\/api.w.org\/{rel}","templated":true}]}}