{"id":3866,"date":"2024-01-12T16:03:55","date_gmt":"2024-01-12T16:03:55","guid":{"rendered":"https:\/\/agris.rs\/wordpress\/?page_id=3866"},"modified":"2024-01-12T20:09:34","modified_gmt":"2024-01-12T20:09:34","slug":"projektovanje-i-podizanje-zasada-vocaka-i-vinove-loze","status":"publish","type":"page","link":"https:\/\/agris.rs\/wordpress\/?page_id=3866","title":{"rendered":"Projektovanje i podizanje zasada vo\u0107aka i vinove loze"},"content":{"rendered":"\t\t<div data-elementor-type=\"wp-page\" data-elementor-id=\"3866\" class=\"elementor elementor-3866\">\n\t\t\t\t\t\t<section class=\"elementor-section elementor-top-section elementor-element elementor-element-ed00ffb elementor-section-boxed elementor-section-height-default elementor-section-height-default\" data-id=\"ed00ffb\" data-element_type=\"section\" data-settings=\"{&quot;background_background&quot;:&quot;classic&quot;}\">\n\t\t\t\t\t\t<div class=\"elementor-container elementor-column-gap-default\">\n\t\t\t\t\t<div class=\"elementor-column elementor-col-100 elementor-top-column elementor-element elementor-element-63b89e5\" data-id=\"63b89e5\" data-element_type=\"column\">\n\t\t\t<div class=\"elementor-widget-wrap elementor-element-populated\">\n\t\t\t\t\t\t<div class=\"elementor-element elementor-element-1918d72 elementor-widget elementor-widget-heading\" data-id=\"1918d72\" data-element_type=\"widget\" data-widget_type=\"heading.default\">\n\t\t\t\t<div class=\"elementor-widget-container\">\n\t\t\t<style>\/*! elementor - v3.21.0 - 08-05-2024 *\/\n.elementor-heading-title{padding:0;margin:0;line-height:1}.elementor-widget-heading .elementor-heading-title[class*=elementor-size-]>a{color:inherit;font-size:inherit;line-height:inherit}.elementor-widget-heading .elementor-heading-title.elementor-size-small{font-size:15px}.elementor-widget-heading .elementor-heading-title.elementor-size-medium{font-size:19px}.elementor-widget-heading .elementor-heading-title.elementor-size-large{font-size:29px}.elementor-widget-heading .elementor-heading-title.elementor-size-xl{font-size:39px}.elementor-widget-heading .elementor-heading-title.elementor-size-xxl{font-size:59px}<\/style><h5 class=\"elementor-heading-title elementor-size-default\">Izrada projekta za zasnivanje zasada radi konkurisanja za podsticajna sredstva<\/h5>\t\t<\/div>\n\t\t\t\t<\/div>\n\t\t\t\t<div class=\"elementor-element elementor-element-d6c0c55 elementor-widget elementor-widget-text-editor\" data-id=\"d6c0c55\" data-element_type=\"widget\" data-widget_type=\"text-editor.default\">\n\t\t\t\t<div class=\"elementor-widget-container\">\n\t\t\t<style>\/*! elementor - v3.21.0 - 08-05-2024 *\/\n.elementor-widget-text-editor.elementor-drop-cap-view-stacked .elementor-drop-cap{background-color:#69727d;color:#fff}.elementor-widget-text-editor.elementor-drop-cap-view-framed .elementor-drop-cap{color:#69727d;border:3px solid;background-color:transparent}.elementor-widget-text-editor:not(.elementor-drop-cap-view-default) .elementor-drop-cap{margin-top:8px}.elementor-widget-text-editor:not(.elementor-drop-cap-view-default) .elementor-drop-cap-letter{width:1em;height:1em}.elementor-widget-text-editor .elementor-drop-cap{float:left;text-align:center;line-height:1;font-size:50px}.elementor-widget-text-editor .elementor-drop-cap-letter{display:inline-block}<\/style>\t\t\t\t<p>Ukoliko \u017eelite da proizvodnja ide u pravom smeru za po\u010detak je veoma bitno imati dobar projekat sa predlo\u017eenim sortimentom prilago\u0111enom lokalitetu podizanja zasada.<\/p>\t\t\t\t\t\t<\/div>\n\t\t\t\t<\/div>\n\t\t\t\t\t<\/div>\n\t\t<\/div>\n\t\t\t\t\t<\/div>\n\t\t<\/section>\n\t\t\t\t<section class=\"elementor-section elementor-top-section elementor-element elementor-element-647a458 elementor-section-boxed elementor-section-height-default elementor-section-height-default\" data-id=\"647a458\" data-element_type=\"section\" data-settings=\"{&quot;background_background&quot;:&quot;classic&quot;}\">\n\t\t\t\t\t\t<div class=\"elementor-container elementor-column-gap-default\">\n\t\t\t\t\t<div class=\"elementor-column elementor-col-100 elementor-top-column elementor-element elementor-element-df4b785\" data-id=\"df4b785\" data-element_type=\"column\">\n\t\t\t<div class=\"elementor-widget-wrap elementor-element-populated\">\n\t\t\t\t\t\t<div class=\"elementor-element elementor-element-907e1e5 elementor-widget elementor-widget-heading\" data-id=\"907e1e5\" data-element_type=\"widget\" data-widget_type=\"heading.default\">\n\t\t\t\t<div class=\"elementor-widget-container\">\n\t\t\t<h2 class=\"elementor-heading-title elementor-size-default\">Ugovorena proizvodnja sadnog materijala vo\u0107aka i vinove loze za zasnivanje zasada<\/h2>\t\t<\/div>\n\t\t\t\t<\/div>\n\t\t\t\t<div class=\"elementor-element elementor-element-b7a0f3f elementor-widget elementor-widget-text-editor\" data-id=\"b7a0f3f\" data-element_type=\"widget\" data-widget_type=\"text-editor.default\">\n\t\t\t\t<div class=\"elementor-widget-container\">\n\t\t\t\t\t\t\t<p>Kada je u pitanju podizanje ve\u0107eg vo\u0107njaka ili vinograda najbolje je unapred obaviti rezervaciju potrebnog sadnog materijala ili kalemova. Za sve ve\u0107e porud\u017ebine i ugovaranje proizvodnje mo\u017eete se obratiti na broj telefona 065\/8062297.<\/p>\t\t\t\t\t\t<\/div>\n\t\t\t\t<\/div>\n\t\t\t\t\t<\/div>\n\t\t<\/div>\n\t\t\t\t\t<\/div>\n\t\t<\/section>\n\t\t\t\t<section class=\"elementor-section elementor-top-section elementor-element elementor-element-1abf2a6 elementor-section-boxed elementor-section-height-default elementor-section-height-default\" data-id=\"1abf2a6\" data-element_type=\"section\" data-settings=\"{&quot;background_background&quot;:&quot;classic&quot;}\">\n\t\t\t\t\t\t<div class=\"elementor-container elementor-column-gap-default\">\n\t\t\t\t\t<div class=\"elementor-column elementor-col-100 elementor-top-column elementor-element elementor-element-22d07d4\" data-id=\"22d07d4\" data-element_type=\"column\">\n\t\t\t<div class=\"elementor-widget-wrap elementor-element-populated\">\n\t\t\t\t\t\t<div class=\"elementor-element elementor-element-338c821 elementor-widget elementor-widget-heading\" data-id=\"338c821\" data-element_type=\"widget\" data-widget_type=\"heading.default\">\n\t\t\t\t<div class=\"elementor-widget-container\">\n\t\t\t<h2 class=\"elementor-heading-title elementor-size-default\">Aktivnosti i reference<\/h2>\t\t<\/div>\n\t\t\t\t<\/div>\n\t\t\t\t<div class=\"elementor-element elementor-element-c33ad4b elementor-icon-list--layout-traditional elementor-list-item-link-full_width elementor-widget elementor-widget-icon-list\" data-id=\"c33ad4b\" data-element_type=\"widget\" data-widget_type=\"icon-list.default\">\n\t\t\t\t<div class=\"elementor-widget-container\">\n\t\t\t<link rel=\"stylesheet\" href=\"https:\/\/agris.rs\/wordpress\/wp-content\/plugins\/elementor\/assets\/css\/widget-icon-list.min.css\">\t\t<ul class=\"elementor-icon-list-items\">\n\t\t\t\t\t\t\t<li class=\"elementor-icon-list-item\">\n\t\t\t\t\t\t\t\t\t\t\t<span class=\"elementor-icon-list-icon\">\n\t\t\t\t\t\t\t<i aria-hidden=\"true\" class=\"fas fa-chevron-right\"><\/i>\t\t\t\t\t\t<\/span>\n\t\t\t\t\t\t\t\t\t\t<span class=\"elementor-icon-list-text\">Elaborat za podizanje zasada \u0161ljive, 12 ha, investitor \u201cSi\u0107evo 1905 d.o.o.\u201d, 2022.<\/span>\n\t\t\t\t\t\t\t\t\t<\/li>\n\t\t\t\t\t\t\t\t<li class=\"elementor-icon-list-item\">\n\t\t\t\t\t\t\t\t\t\t\t<span class=\"elementor-icon-list-icon\">\n\t\t\t\t\t\t\t<i aria-hidden=\"true\" class=\"fas fa-chevron-right\"><\/i>\t\t\t\t\t\t<\/span>\n\t\t\t\t\t\t\t\t\t\t<span class=\"elementor-icon-list-text\">Elaborat za podizanje zasada vi\u0161nje, 176 ha, investitor PD ''Nova Budu\u0107nost'' doo, \u017darkovac, 2020.<\/span>\n\t\t\t\t\t\t\t\t\t<\/li>\n\t\t\t\t\t\t\t\t<li class=\"elementor-icon-list-item\">\n\t\t\t\t\t\t\t\t\t\t\t<span class=\"elementor-icon-list-icon\">\n\t\t\t\t\t\t\t<i aria-hidden=\"true\" class=\"fas fa-chevron-right\"><\/i>\t\t\t\t\t\t<\/span>\n\t\t\t\t\t\t\t\t\t\t<span class=\"elementor-icon-list-text\">Investicioni program za podizanje zasada jabuke, kru\u0161ke, dunje i kajsije, 120 ha, investitor \"Promont group\" d.o.o. \u2013 Novi Sad, 2011.<\/span>\n\t\t\t\t\t\t\t\t\t<\/li>\n\t\t\t\t\t\t\t\t<li class=\"elementor-icon-list-item\">\n\t\t\t\t\t\t\t\t\t\t\t<span class=\"elementor-icon-list-icon\">\n\t\t\t\t\t\t\t<i aria-hidden=\"true\" class=\"fas fa-chevron-right\"><\/i>\t\t\t\t\t\t<\/span>\n\t\t\t\t\t\t\t\t\t\t<span class=\"elementor-icon-list-text\">Investicioni program za podizanje zasada jabuka, 54 ha, investitor \"Zdravo Organic\" d.o.o.- Selen\u010da, 2008.<\/span>\n\t\t\t\t\t\t\t\t\t<\/li>\n\t\t\t\t\t\t\t\t<li class=\"elementor-icon-list-item\">\n\t\t\t\t\t\t\t\t\t\t\t<span class=\"elementor-icon-list-icon\">\n\t\t\t\t\t\t\t<i aria-hidden=\"true\" class=\"fas fa-chevron-right\"><\/i>\t\t\t\t\t\t<\/span>\n\t\t\t\t\t\t\t\t\t\t<span class=\"elementor-icon-list-text\">Investicioni program za podizanje zasada jabuka, 23 ha, investitor \"Rade Svilar\" \u2013 Jazak, 2008.<\/span>\n\t\t\t\t\t\t\t\t\t<\/li>\n\t\t\t\t\t\t\t\t<li class=\"elementor-icon-list-item\">\n\t\t\t\t\t\t\t\t\t\t\t<span class=\"elementor-icon-list-icon\">\n\t\t\t\t\t\t\t<i aria-hidden=\"true\" class=\"fas fa-chevron-right\"><\/i>\t\t\t\t\t\t<\/span>\n\t\t\t\t\t\t\t\t\t\t<span class=\"elementor-icon-list-text\">Investicioni program za podizanje zasada jabuka, 18 ha, investitor \u201cAtos-Vinum\u201d d.o.o. -Mala Remeta, 2007.<\/span>\n\t\t\t\t\t\t\t\t\t<\/li>\n\t\t\t\t\t\t<\/ul>\n\t\t\t\t<\/div>\n\t\t\t\t<\/div>\n\t\t\t\t\t<\/div>\n\t\t<\/div>\n\t\t\t\t\t<\/div>\n\t\t<\/section>\n\t\t\t\t<section class=\"elementor-section elementor-top-section elementor-element elementor-element-cea1b67 elementor-section-boxed elementor-section-height-default elementor-section-height-default\" data-id=\"cea1b67\" data-element_type=\"section\" data-settings=\"{&quot;background_background&quot;:&quot;classic&quot;}\">\n\t\t\t\t\t\t<div class=\"elementor-container elementor-column-gap-default\">\n\t\t\t\t\t<div class=\"elementor-column elementor-col-33 elementor-top-column elementor-element elementor-element-bc08814\" data-id=\"bc08814\" data-element_type=\"column\">\n\t\t\t<div class=\"elementor-widget-wrap elementor-element-populated\">\n\t\t\t\t\t\t<div class=\"elementor-element elementor-element-f78b34f elementor-widget elementor-widget-image\" data-id=\"f78b34f\" data-element_type=\"widget\" data-widget_type=\"image.default\">\n\t\t\t\t<div class=\"elementor-widget-container\">\n\t\t\t<style>\/*! elementor - v3.21.0 - 08-05-2024 *\/\n.elementor-widget-image{text-align:center}.elementor-widget-image a{display:inline-block}.elementor-widget-image a img[src$=\".svg\"]{width:48px}.elementor-widget-image img{vertical-align:middle;display:inline-block}<\/style>\t\t\t\t\t\t\t\t\t\t<img fetchpriority=\"high\" decoding=\"async\" width=\"1024\" height=\"767\" src=\"https:\/\/agris.rs\/wordpress\/wp-content\/uploads\/2024\/01\/Slika-2-1024x767.jpg\" class=\"attachment-large size-large wp-image-3898\" alt=\"\" srcset=\"https:\/\/agris.rs\/wordpress\/wp-content\/uploads\/2024\/01\/Slika-2-1024x767.jpg 1024w, https:\/\/agris.rs\/wordpress\/wp-content\/uploads\/2024\/01\/Slika-2-300x225.jpg 300w, https:\/\/agris.rs\/wordpress\/wp-content\/uploads\/2024\/01\/Slika-2-768x575.jpg 768w, https:\/\/agris.rs\/wordpress\/wp-content\/uploads\/2024\/01\/Slika-2-1536x1150.jpg 1536w, https:\/\/agris.rs\/wordpress\/wp-content\/uploads\/2024\/01\/Slika-2.jpg 1600w\" sizes=\"(max-width: 1024px) 100vw, 1024px\" \/>\t\t\t\t\t\t\t\t\t\t\t\t\t<\/div>\n\t\t\t\t<\/div>\n\t\t\t\t<div class=\"elementor-element elementor-element-26be56d elementor-widget elementor-widget-image\" data-id=\"26be56d\" data-element_type=\"widget\" data-widget_type=\"image.default\">\n\t\t\t\t<div class=\"elementor-widget-container\">\n\t\t\t\t\t\t\t\t\t\t\t\t\t<img decoding=\"async\" src=\"https:\/\/agris.rs\/wordpress\/wp-content\/uploads\/2024\/01\/Slika-3.-1-600x600.jpg\" title=\"Slika 3. (1)\" alt=\"Slika 3. (1)\" loading=\"lazy\" \/>\t\t\t\t\t\t\t\t\t\t\t\t\t<\/div>\n\t\t\t\t<\/div>\n\t\t\t\t\t<\/div>\n\t\t<\/div>\n\t\t\t\t<div class=\"elementor-column elementor-col-33 elementor-top-column elementor-element elementor-element-243348b\" data-id=\"243348b\" data-element_type=\"column\">\n\t\t\t<div class=\"elementor-widget-wrap elementor-element-populated\">\n\t\t\t\t\t\t<div class=\"elementor-element elementor-element-be302f9 elementor-widget elementor-widget-image\" data-id=\"be302f9\" data-element_type=\"widget\" data-widget_type=\"image.default\">\n\t\t\t\t<div class=\"elementor-widget-container\">\n\t\t\t\t\t\t\t\t\t\t\t\t\t<img decoding=\"async\" width=\"576\" height=\"1024\" src=\"https:\/\/agris.rs\/wordpress\/wp-content\/uploads\/2024\/01\/Slika-6-576x1024.jpg\" class=\"attachment-large size-large wp-image-3900\" alt=\"\" srcset=\"https:\/\/agris.rs\/wordpress\/wp-content\/uploads\/2024\/01\/Slika-6-576x1024.jpg 576w, https:\/\/agris.rs\/wordpress\/wp-content\/uploads\/2024\/01\/Slika-6-169x300.jpg 169w, https:\/\/agris.rs\/wordpress\/wp-content\/uploads\/2024\/01\/Slika-6-768x1365.jpg 768w, https:\/\/agris.rs\/wordpress\/wp-content\/uploads\/2024\/01\/Slika-6-864x1536.jpg 864w, https:\/\/agris.rs\/wordpress\/wp-content\/uploads\/2024\/01\/Slika-6.jpg 900w\" sizes=\"(max-width: 576px) 100vw, 576px\" \/>\t\t\t\t\t\t\t\t\t\t\t\t\t<\/div>\n\t\t\t\t<\/div>\n\t\t\t\t\t<\/div>\n\t\t<\/div>\n\t\t\t\t<div class=\"elementor-column elementor-col-33 elementor-top-column elementor-element elementor-element-2be9073\" data-id=\"2be9073\" data-element_type=\"column\">\n\t\t\t<div class=\"elementor-widget-wrap elementor-element-populated\">\n\t\t\t\t\t\t<div class=\"elementor-element elementor-element-848ba14 elementor-widget elementor-widget-image\" data-id=\"848ba14\" data-element_type=\"widget\" data-widget_type=\"image.default\">\n\t\t\t\t<div class=\"elementor-widget-container\">\n\t\t\t\t\t\t\t\t\t\t\t\t\t<img decoding=\"async\" width=\"1024\" height=\"768\" src=\"https:\/\/agris.rs\/wordpress\/wp-content\/uploads\/2024\/01\/Slika-5.-2-1-1024x768.jpg\" class=\"attachment-large size-large wp-image-3906\" alt=\"\" srcset=\"https:\/\/agris.rs\/wordpress\/wp-content\/uploads\/2024\/01\/Slika-5.-2-1-1024x768.jpg 1024w, https:\/\/agris.rs\/wordpress\/wp-content\/uploads\/2024\/01\/Slika-5.-2-1-300x225.jpg 300w, https:\/\/agris.rs\/wordpress\/wp-content\/uploads\/2024\/01\/Slika-5.-2-1-768x576.jpg 768w, https:\/\/agris.rs\/wordpress\/wp-content\/uploads\/2024\/01\/Slika-5.-2-1-1536x1152.jpg 1536w, https:\/\/agris.rs\/wordpress\/wp-content\/uploads\/2024\/01\/Slika-5.-2-1-2048x1536.jpg 2048w, https:\/\/agris.rs\/wordpress\/wp-content\/uploads\/2024\/01\/Slika-5.-2-1.jpg 2500w\" sizes=\"(max-width: 1024px) 100vw, 1024px\" \/>\t\t\t\t\t\t\t\t\t\t\t\t\t<\/div>\n\t\t\t\t<\/div>\n\t\t\t\t<div class=\"elementor-element elementor-element-7ed2b7e elementor-widget elementor-widget-image\" data-id=\"7ed2b7e\" data-element_type=\"widget\" data-widget_type=\"image.default\">\n\t\t\t\t<div class=\"elementor-widget-container\">\n\t\t\t\t\t\t\t\t\t\t\t\t\t<img loading=\"lazy\" decoding=\"async\" width=\"1024\" height=\"768\" src=\"https:\/\/agris.rs\/wordpress\/wp-content\/uploads\/2024\/01\/Slika-4.-1-1-1024x768.jpg\" class=\"attachment-large size-large wp-image-3907\" alt=\"\" srcset=\"https:\/\/agris.rs\/wordpress\/wp-content\/uploads\/2024\/01\/Slika-4.-1-1-1024x768.jpg 1024w, https:\/\/agris.rs\/wordpress\/wp-content\/uploads\/2024\/01\/Slika-4.-1-1-300x225.jpg 300w, https:\/\/agris.rs\/wordpress\/wp-content\/uploads\/2024\/01\/Slika-4.-1-1-768x576.jpg 768w, https:\/\/agris.rs\/wordpress\/wp-content\/uploads\/2024\/01\/Slika-4.-1-1-1536x1152.jpg 1536w, https:\/\/agris.rs\/wordpress\/wp-content\/uploads\/2024\/01\/Slika-4.-1-1-2048x1536.jpg 2048w, https:\/\/agris.rs\/wordpress\/wp-content\/uploads\/2024\/01\/Slika-4.-1-1.jpg 2500w\" sizes=\"(max-width: 1024px) 100vw, 1024px\" \/>\t\t\t\t\t\t\t\t\t\t\t\t\t<\/div>\n\t\t\t\t<\/div>\n\t\t\t\t\t<\/div>\n\t\t<\/div>\n\t\t\t\t\t<\/div>\n\t\t<\/section>\n\t\t\t\t<\/div>\n\t\t","protected":false},"excerpt":{"rendered":"<p>Izrada projekta za zasnivanje zasada radi konkurisanja za podsticajna sredstva Ukoliko \u017eelite da proizvodnja ide u pravom smeru za po\u010detak je veoma bitno imati dobar projekat sa predlo\u017eenim sortimentom prilago\u0111enom lokalitetu podizanja zasada. Ugovorena proizvodnja sadnog materijala vo\u0107aka i vinove loze za zasnivanje zasada Kada je u pitanju podizanje ve\u0107eg vo\u0107njaka ili vinograda najbolje je [&hellip;]<\/p>\n","protected":false},"author":10,"featured_media":0,"parent":0,"menu_order":0,"comment_status":"closed","ping_status":"closed","template":"","meta":{"_acf_changed":false,"footnotes":""},"acf":[],"_links":{"self":[{"href":"https:\/\/agris.rs\/wordpress\/index.php?rest_route=\/wp\/v2\/pages\/3866"}],"collection":[{"href":"https:\/\/agris.rs\/wordpress\/index.php?rest_route=\/wp\/v2\/pages"}],"about":[{"href":"https:\/\/agris.rs\/wordpress\/index.php?rest_route=\/wp\/v2\/types\/page"}],"author":[{"embeddable":true,"href":"https:\/\/agris.rs\/wordpress\/index.php?rest_route=\/wp\/v2\/users\/10"}],"replies":[{"embeddable":true,"href":"https:\/\/agris.rs\/wordpress\/index.php?rest_route=%2Fwp%2Fv2%2Fcomments&post=3866"}],"version-history":[{"count":46,"href":"https:\/\/agris.rs\/wordpress\/index.php?rest_route=\/wp\/v2\/pages\/3866\/revisions"}],"predecessor-version":[{"id":4100,"href":"https:\/\/agris.rs\/wordpress\/index.php?rest_route=\/wp\/v2\/pages\/3866\/revisions\/4100"}],"wp:attachment":[{"href":"https:\/\/agris.rs\/wordpress\/index.php?rest_route=%2Fwp%2Fv2%2Fmedia&parent=3866"}],"curies":[{"name":"wp","href":"https:\/\/api.w.org\/{rel}","templated":true}]}}