{"id":2076,"date":"2023-10-26T11:29:51","date_gmt":"2023-10-26T11:29:51","guid":{"rendered":"http:\/\/agrogis.servehttp.com\/wordpress\/?page_id=2076"},"modified":"2023-11-06T09:15:42","modified_gmt":"2023-11-06T09:15:42","slug":"agroteh-pp-agrotehnicke-operacije","status":"publish","type":"page","link":"https:\/\/agris.rs\/wordpress\/?page_id=2076","title":{"rendered":"AgroTeh PP - Agrotehni\u010dke operacije"},"content":{"rendered":"\t\t<div data-elementor-type=\"wp-page\" data-elementor-id=\"2076\" class=\"elementor elementor-2076\">\n\t\t\t\t\t\t<section class=\"elementor-section elementor-top-section elementor-element elementor-element-118757aa elementor-section-boxed elementor-section-height-default elementor-section-height-default\" data-id=\"118757aa\" data-element_type=\"section\">\n\t\t\t\t\t\t<div class=\"elementor-container elementor-column-gap-default\">\n\t\t\t\t\t<div class=\"elementor-column elementor-col-100 elementor-top-column elementor-element elementor-element-78f50556\" data-id=\"78f50556\" data-element_type=\"column\">\n\t\t\t<div class=\"elementor-widget-wrap elementor-element-populated\">\n\t\t\t\t\t\t<div class=\"elementor-element elementor-element-18b13946 elementor-widget elementor-widget-text-editor\" data-id=\"18b13946\" data-element_type=\"widget\" data-widget_type=\"text-editor.default\">\n\t\t\t\t<div class=\"elementor-widget-container\">\n\t\t\t<style>\/*! elementor - v3.21.0 - 08-05-2024 *\/\n.elementor-widget-text-editor.elementor-drop-cap-view-stacked .elementor-drop-cap{background-color:#69727d;color:#fff}.elementor-widget-text-editor.elementor-drop-cap-view-framed .elementor-drop-cap{color:#69727d;border:3px solid;background-color:transparent}.elementor-widget-text-editor:not(.elementor-drop-cap-view-default) .elementor-drop-cap{margin-top:8px}.elementor-widget-text-editor:not(.elementor-drop-cap-view-default) .elementor-drop-cap-letter{width:1em;height:1em}.elementor-widget-text-editor .elementor-drop-cap{float:left;text-align:center;line-height:1;font-size:50px}.elementor-widget-text-editor .elementor-drop-cap-letter{display:inline-block}<\/style>\t\t\t\t<!-- wp:paragraph {\"align\":\"center\"} -->\n<h3 class=\"has-text-align-center\" style=\"text-align: center;\"><strong>Na upit vlasnika imanja, eksperti odeljenja\u00a0Agro-Tehnika-Precizna Poljoprivreda\u0107e analizirati primenu mehanizacije u razli\u010ditim agrotehni\u010dkim operacijama, optimizirati kori\u0161\u0107enje iste\u00a0uz geopozicioniranje poljoprivrednih inputa i prinosa\u00a0primenom razli\u010ditih tehnologija na imanju.<\/strong><br \/><br \/><strong><!-- \/wp:paragraph --><!-- wp:paragraph {\"align\":\"center\"} --><\/strong><br \/><br \/><strong>Na zahtev\u00a0rukovodioca\/vlasnika imanja, koji su digitalizovali svoje parcele i poseduju digitalnu knjigu polja formira\u0107e se \u201eproizvodne\u00a0zone\u201c\u00a0na\u00a0njihovim\u00a0parcelma.\u00a0Za te novoformirane proizvodne\u00a0zone\u00a0izdava\u0107e se preporuke tehnologija i tehnike obrade, setve i primene pesticida koje \u0107e podrazumevati i primenu varijabilnih tehnologija. Krajnji benefit ovakvog pristupa poljoprivrednoj proizvodnji ogleda\u0107e se u izve\u0161tajima sa jasno geopozicioniranim inputima proizvodnje (potro\u0161nja \u0111ubriva, semena, pesticida, goriva, ljudskog rada\u2026) i ostvarenim prinosima u datim proizvodnim zonama.<\/strong><\/h3>\n<!-- \/wp:paragraph -->\t\t\t\t\t\t<\/div>\n\t\t\t\t<\/div>\n\t\t\t\t\t<\/div>\n\t\t<\/div>\n\t\t\t\t\t<\/div>\n\t\t<\/section>\n\t\t\t\t<section class=\"elementor-section elementor-top-section elementor-element elementor-element-5df9f25 elementor-section-boxed elementor-section-height-default elementor-section-height-default\" data-id=\"5df9f25\" data-element_type=\"section\">\n\t\t\t\t\t\t<div class=\"elementor-container elementor-column-gap-default\">\n\t\t\t\t\t<div class=\"elementor-column elementor-col-33 elementor-top-column elementor-element elementor-element-ad011fe\" data-id=\"ad011fe\" data-element_type=\"column\">\n\t\t\t<div class=\"elementor-widget-wrap elementor-element-populated\">\n\t\t\t\t\t\t<div class=\"elementor-element elementor-element-8bdf0cf elementor-widget elementor-widget-image\" data-id=\"8bdf0cf\" data-element_type=\"widget\" data-widget_type=\"image.default\">\n\t\t\t\t<div class=\"elementor-widget-container\">\n\t\t\t<style>\/*! elementor - v3.21.0 - 08-05-2024 *\/\n.elementor-widget-image{text-align:center}.elementor-widget-image a{display:inline-block}.elementor-widget-image a img[src$=\".svg\"]{width:48px}.elementor-widget-image img{vertical-align:middle;display:inline-block}<\/style>\t\t\t\t\t\t\t\t\t\t<img fetchpriority=\"high\" decoding=\"async\" width=\"1024\" height=\"768\" src=\"https:\/\/agris.rs\/wordpress\/wp-content\/uploads\/2023\/11\/IMG_20230519_081224-1-min-1024x768.jpg\" class=\"attachment-large size-large wp-image-3143\" alt=\"\" srcset=\"https:\/\/agris.rs\/wordpress\/wp-content\/uploads\/2023\/11\/IMG_20230519_081224-1-min-1024x768.jpg 1024w, https:\/\/agris.rs\/wordpress\/wp-content\/uploads\/2023\/11\/IMG_20230519_081224-1-min-300x225.jpg 300w, https:\/\/agris.rs\/wordpress\/wp-content\/uploads\/2023\/11\/IMG_20230519_081224-1-min-768x576.jpg 768w, https:\/\/agris.rs\/wordpress\/wp-content\/uploads\/2023\/11\/IMG_20230519_081224-1-min-1536x1152.jpg 1536w, https:\/\/agris.rs\/wordpress\/wp-content\/uploads\/2023\/11\/IMG_20230519_081224-1-min-2048x1536.jpg 2048w, https:\/\/agris.rs\/wordpress\/wp-content\/uploads\/2023\/11\/IMG_20230519_081224-1-min-scaled.jpg 2560w\" sizes=\"(max-width: 1024px) 100vw, 1024px\" \/>\t\t\t\t\t\t\t\t\t\t\t\t\t<\/div>\n\t\t\t\t<\/div>\n\t\t\t\t\t<\/div>\n\t\t<\/div>\n\t\t\t\t<div class=\"elementor-column elementor-col-33 elementor-top-column elementor-element elementor-element-1829c1f\" data-id=\"1829c1f\" data-element_type=\"column\">\n\t\t\t<div class=\"elementor-widget-wrap elementor-element-populated\">\n\t\t\t\t\t\t<div class=\"elementor-element elementor-element-d2772d5 elementor-widget elementor-widget-image\" data-id=\"d2772d5\" data-element_type=\"widget\" data-widget_type=\"image.default\">\n\t\t\t\t<div class=\"elementor-widget-container\">\n\t\t\t\t\t\t\t\t\t\t\t\t\t<img decoding=\"async\" width=\"1024\" height=\"561\" src=\"https:\/\/agris.rs\/wordpress\/wp-content\/uploads\/2023\/11\/Snimak-ekrana-2023-11-06-101353-min-1024x561.png\" class=\"attachment-large size-large wp-image-3145\" alt=\"\" srcset=\"https:\/\/agris.rs\/wordpress\/wp-content\/uploads\/2023\/11\/Snimak-ekrana-2023-11-06-101353-min-1024x561.png 1024w, https:\/\/agris.rs\/wordpress\/wp-content\/uploads\/2023\/11\/Snimak-ekrana-2023-11-06-101353-min-300x164.png 300w, https:\/\/agris.rs\/wordpress\/wp-content\/uploads\/2023\/11\/Snimak-ekrana-2023-11-06-101353-min-768x421.png 768w, https:\/\/agris.rs\/wordpress\/wp-content\/uploads\/2023\/11\/Snimak-ekrana-2023-11-06-101353-min.png 1308w\" sizes=\"(max-width: 1024px) 100vw, 1024px\" \/>\t\t\t\t\t\t\t\t\t\t\t\t\t<\/div>\n\t\t\t\t<\/div>\n\t\t\t\t\t<\/div>\n\t\t<\/div>\n\t\t\t\t<div class=\"elementor-column elementor-col-33 elementor-top-column elementor-element elementor-element-9fe980c\" data-id=\"9fe980c\" data-element_type=\"column\">\n\t\t\t<div class=\"elementor-widget-wrap elementor-element-populated\">\n\t\t\t\t\t\t<div class=\"elementor-element elementor-element-493855c elementor-widget elementor-widget-image\" data-id=\"493855c\" data-element_type=\"widget\" data-widget_type=\"image.default\">\n\t\t\t\t<div class=\"elementor-widget-container\">\n\t\t\t\t\t\t\t\t\t\t\t\t\t<img decoding=\"async\" width=\"1024\" height=\"768\" src=\"https:\/\/agris.rs\/wordpress\/wp-content\/uploads\/2023\/11\/IMG_20220519_073914-min-1024x768.jpg\" class=\"attachment-large size-large wp-image-3127\" alt=\"\" srcset=\"https:\/\/agris.rs\/wordpress\/wp-content\/uploads\/2023\/11\/IMG_20220519_073914-min-1024x768.jpg 1024w, https:\/\/agris.rs\/wordpress\/wp-content\/uploads\/2023\/11\/IMG_20220519_073914-min-300x225.jpg 300w, https:\/\/agris.rs\/wordpress\/wp-content\/uploads\/2023\/11\/IMG_20220519_073914-min-768x576.jpg 768w, https:\/\/agris.rs\/wordpress\/wp-content\/uploads\/2023\/11\/IMG_20220519_073914-min-1536x1152.jpg 1536w, https:\/\/agris.rs\/wordpress\/wp-content\/uploads\/2023\/11\/IMG_20220519_073914-min-2048x1536.jpg 2048w, https:\/\/agris.rs\/wordpress\/wp-content\/uploads\/2023\/11\/IMG_20220519_073914-min-scaled.jpg 2560w\" sizes=\"(max-width: 1024px) 100vw, 1024px\" \/>\t\t\t\t\t\t\t\t\t\t\t\t\t<\/div>\n\t\t\t\t<\/div>\n\t\t\t\t\t<\/div>\n\t\t<\/div>\n\t\t\t\t\t<\/div>\n\t\t<\/section>\n\t\t\t\t<\/div>\n\t\t","protected":false},"excerpt":{"rendered":"<p>Na upit vlasnika imanja, eksperti odeljenja\u00a0Agro-Tehnika-Precizna Poljoprivreda\u0107e analizirati primenu mehanizacije u razli\u010ditim agrotehni\u010dkim operacijama, optimizirati kori\u0161\u0107enje iste\u00a0uz geopozicioniranje poljoprivrednih inputa i prinosa\u00a0primenom razli\u010ditih tehnologija na imanju. Na zahtev\u00a0rukovodioca\/vlasnika imanja, koji su digitalizovali svoje parcele i poseduju digitalnu knjigu polja formira\u0107e se \u201eproizvodne\u00a0zone\u201c\u00a0na\u00a0njihovim\u00a0parcelma.\u00a0Za te novoformirane proizvodne\u00a0zone\u00a0izdava\u0107e se preporuke tehnologija i tehnike obrade, setve i primene pesticida [&hellip;]<\/p>\n","protected":false},"author":5,"featured_media":0,"parent":0,"menu_order":0,"comment_status":"closed","ping_status":"closed","template":"","meta":{"_acf_changed":false,"footnotes":""},"acf":[],"_links":{"self":[{"href":"https:\/\/agris.rs\/wordpress\/index.php?rest_route=\/wp\/v2\/pages\/2076"}],"collection":[{"href":"https:\/\/agris.rs\/wordpress\/index.php?rest_route=\/wp\/v2\/pages"}],"about":[{"href":"https:\/\/agris.rs\/wordpress\/index.php?rest_route=\/wp\/v2\/types\/page"}],"author":[{"embeddable":true,"href":"https:\/\/agris.rs\/wordpress\/index.php?rest_route=\/wp\/v2\/users\/5"}],"replies":[{"embeddable":true,"href":"https:\/\/agris.rs\/wordpress\/index.php?rest_route=%2Fwp%2Fv2%2Fcomments&post=2076"}],"version-history":[{"count":10,"href":"https:\/\/agris.rs\/wordpress\/index.php?rest_route=\/wp\/v2\/pages\/2076\/revisions"}],"predecessor-version":[{"id":3148,"href":"https:\/\/agris.rs\/wordpress\/index.php?rest_route=\/wp\/v2\/pages\/2076\/revisions\/3148"}],"wp:attachment":[{"href":"https:\/\/agris.rs\/wordpress\/index.php?rest_route=%2Fwp%2Fv2%2Fmedia&parent=2076"}],"curies":[{"name":"wp","href":"https:\/\/api.w.org\/{rel}","templated":true}]}}