{"id":2070,"date":"2023-10-26T11:27:39","date_gmt":"2023-10-26T11:27:39","guid":{"rendered":"http:\/\/agrogis.servehttp.com\/wordpress\/?page_id=2070"},"modified":"2023-11-06T09:10:16","modified_gmt":"2023-11-06T09:10:16","slug":"agroteh-pp-monitoring","status":"publish","type":"page","link":"https:\/\/agris.rs\/wordpress\/?page_id=2070","title":{"rendered":"AgroTeh PP - Monitoring"},"content":{"rendered":"\t\t<div data-elementor-type=\"wp-page\" data-elementor-id=\"2070\" class=\"elementor elementor-2070\">\n\t\t\t\t\t\t<section class=\"elementor-section elementor-top-section elementor-element elementor-element-2ab513e3 elementor-section-boxed elementor-section-height-default elementor-section-height-default\" data-id=\"2ab513e3\" data-element_type=\"section\">\n\t\t\t\t\t\t<div class=\"elementor-container elementor-column-gap-default\">\n\t\t\t\t\t<div class=\"elementor-column elementor-col-100 elementor-top-column elementor-element elementor-element-2495ae6f\" data-id=\"2495ae6f\" data-element_type=\"column\">\n\t\t\t<div class=\"elementor-widget-wrap elementor-element-populated\">\n\t\t\t\t\t\t<div class=\"elementor-element elementor-element-59194803 elementor-widget elementor-widget-text-editor\" data-id=\"59194803\" data-element_type=\"widget\" data-widget_type=\"text-editor.default\">\n\t\t\t\t<div class=\"elementor-widget-container\">\n\t\t\t<style>\/*! elementor - v3.21.0 - 08-05-2024 *\/\n.elementor-widget-text-editor.elementor-drop-cap-view-stacked .elementor-drop-cap{background-color:#69727d;color:#fff}.elementor-widget-text-editor.elementor-drop-cap-view-framed .elementor-drop-cap{color:#69727d;border:3px solid;background-color:transparent}.elementor-widget-text-editor:not(.elementor-drop-cap-view-default) .elementor-drop-cap{margin-top:8px}.elementor-widget-text-editor:not(.elementor-drop-cap-view-default) .elementor-drop-cap-letter{width:1em;height:1em}.elementor-widget-text-editor .elementor-drop-cap{float:left;text-align:center;line-height:1;font-size:50px}.elementor-widget-text-editor .elementor-drop-cap-letter{display:inline-block}<\/style>\t\t\t\t<!-- wp:paragraph -->\n<h3>Poljoprivrednim proizvo\u0111a\u010dima se nudi usluga pra\u0107enje stanja useva, kroz dnevnu analizu razli\u010ditih vegetativnih indeksa, koji se dobijaju daljinskom detekcijom. Za daljinsku detekciju se koriste dron sa multispektralnom kamerom i satelitski snimci rezolucije 3\u00d73 metra. Senzorska detekcija \u0107e se vr\u0161iti ure\u0111ajima za pra\u0107enje hlorofila u bijkama, kao i senzorima za utvr\u0111ivanje pH, EC, nadmorske visine i vla\u017enosti zemlji\u0161ta. Eksperti odeljenja\u00a0\u00a0<strong>Agro-Tehnika-Precizna Poljoprivreda<\/strong>, \u0107e u vidu izve\u0161taja obave\u0161tavati vlasnike parcela o stanju useva, odnosno o prime\u0107enim promenama koje ukazuju na pojavu bolesti, stresa uslede su\u0161e ili neke druge anomalije.<\/h3>\n<h3><!-- \/wp:paragraph --><!-- wp:paragraph --><\/h3>\n<h3>Eksperti odeljenja\u00a0<strong>Agro-Tehnika-Precizna Poljoprivreda<\/strong>\u00a0\u0107e definisati razli\u010dite vegetativne indekse, pojedina\u010dno ili\u00a0u formi matemati\u010dkih modela prema njihovoj primeni (za pra\u0107enje razvojnih faza useva, zdravstvenog stanja useva, pojave korova i \u0161teto\u010dina\u2026). Na osnovu ovih vrednosti formira\u0107e se alarmi rane detekcije\u00a0i dati optimalne tehni\u010dko-tehnolo\u0161ke preporuke primene pesticida.<\/h3>\n<!-- \/wp:paragraph -->\t\t\t\t\t\t<\/div>\n\t\t\t\t<\/div>\n\t\t\t\t\t<\/div>\n\t\t<\/div>\n\t\t\t\t\t<\/div>\n\t\t<\/section>\n\t\t\t\t<section class=\"elementor-section elementor-top-section elementor-element elementor-element-8066979 elementor-section-boxed elementor-section-height-default elementor-section-height-default\" data-id=\"8066979\" data-element_type=\"section\">\n\t\t\t\t\t\t<div class=\"elementor-container elementor-column-gap-default\">\n\t\t\t\t\t<div class=\"elementor-column elementor-col-50 elementor-top-column elementor-element elementor-element-a042780\" data-id=\"a042780\" data-element_type=\"column\">\n\t\t\t<div class=\"elementor-widget-wrap elementor-element-populated\">\n\t\t\t\t\t\t<div class=\"elementor-element elementor-element-7a923d6 elementor-widget__width-initial elementor-widget elementor-widget-image\" data-id=\"7a923d6\" data-element_type=\"widget\" data-widget_type=\"image.default\">\n\t\t\t\t<div class=\"elementor-widget-container\">\n\t\t\t<style>\/*! elementor - v3.21.0 - 08-05-2024 *\/\n.elementor-widget-image{text-align:center}.elementor-widget-image a{display:inline-block}.elementor-widget-image a img[src$=\".svg\"]{width:48px}.elementor-widget-image img{vertical-align:middle;display:inline-block}<\/style>\t\t\t\t\t\t\t\t\t\t<img fetchpriority=\"high\" decoding=\"async\" width=\"1024\" height=\"768\" src=\"https:\/\/agris.rs\/wordpress\/wp-content\/uploads\/2023\/11\/1-min-1-1024x768.jpg\" class=\"attachment-large size-large wp-image-3134\" alt=\"\" srcset=\"https:\/\/agris.rs\/wordpress\/wp-content\/uploads\/2023\/11\/1-min-1-1024x768.jpg 1024w, https:\/\/agris.rs\/wordpress\/wp-content\/uploads\/2023\/11\/1-min-1-300x225.jpg 300w, https:\/\/agris.rs\/wordpress\/wp-content\/uploads\/2023\/11\/1-min-1-768x576.jpg 768w, https:\/\/agris.rs\/wordpress\/wp-content\/uploads\/2023\/11\/1-min-1-1536x1152.jpg 1536w, https:\/\/agris.rs\/wordpress\/wp-content\/uploads\/2023\/11\/1-min-1-2048x1536.jpg 2048w, https:\/\/agris.rs\/wordpress\/wp-content\/uploads\/2023\/11\/1-min-1-scaled.jpg 2560w\" sizes=\"(max-width: 1024px) 100vw, 1024px\" \/>\t\t\t\t\t\t\t\t\t\t\t\t\t<\/div>\n\t\t\t\t<\/div>\n\t\t\t\t\t<\/div>\n\t\t<\/div>\n\t\t\t\t<div class=\"elementor-column elementor-col-50 elementor-top-column elementor-element elementor-element-6910b8d\" data-id=\"6910b8d\" data-element_type=\"column\">\n\t\t\t<div class=\"elementor-widget-wrap elementor-element-populated\">\n\t\t\t\t\t\t<div class=\"elementor-element elementor-element-8209876 elementor-widget__width-initial elementor-widget elementor-widget-image\" data-id=\"8209876\" data-element_type=\"widget\" data-widget_type=\"image.default\">\n\t\t\t\t<div class=\"elementor-widget-container\">\n\t\t\t\t\t\t\t\t\t\t\t\t\t<img decoding=\"async\" width=\"1024\" height=\"576\" src=\"https:\/\/agris.rs\/wordpress\/wp-content\/uploads\/2023\/11\/HEA_BLO_AGR_Pix4Dfields_1.8_Release-1024x576.jpg\" class=\"attachment-large size-large wp-image-3139\" alt=\"\" srcset=\"https:\/\/agris.rs\/wordpress\/wp-content\/uploads\/2023\/11\/HEA_BLO_AGR_Pix4Dfields_1.8_Release-1024x576.jpg 1024w, https:\/\/agris.rs\/wordpress\/wp-content\/uploads\/2023\/11\/HEA_BLO_AGR_Pix4Dfields_1.8_Release-300x169.jpg 300w, https:\/\/agris.rs\/wordpress\/wp-content\/uploads\/2023\/11\/HEA_BLO_AGR_Pix4Dfields_1.8_Release-768x432.jpg 768w, https:\/\/agris.rs\/wordpress\/wp-content\/uploads\/2023\/11\/HEA_BLO_AGR_Pix4Dfields_1.8_Release-800x450.jpg 800w, https:\/\/agris.rs\/wordpress\/wp-content\/uploads\/2023\/11\/HEA_BLO_AGR_Pix4Dfields_1.8_Release.jpg 1200w\" sizes=\"(max-width: 1024px) 100vw, 1024px\" \/>\t\t\t\t\t\t\t\t\t\t\t\t\t<\/div>\n\t\t\t\t<\/div>\n\t\t\t\t\t<\/div>\n\t\t<\/div>\n\t\t\t\t\t<\/div>\n\t\t<\/section>\n\t\t\t\t<\/div>\n\t\t","protected":false},"excerpt":{"rendered":"<p>Poljoprivrednim proizvo\u0111a\u010dima se nudi usluga pra\u0107enje stanja useva, kroz dnevnu analizu razli\u010ditih vegetativnih indeksa, koji se dobijaju daljinskom detekcijom. Za daljinsku detekciju se koriste dron sa multispektralnom kamerom i satelitski snimci rezolucije 3\u00d73 metra. Senzorska detekcija \u0107e se vr\u0161iti ure\u0111ajima za pra\u0107enje hlorofila u bijkama, kao i senzorima za utvr\u0111ivanje pH, EC, nadmorske visine i [&hellip;]<\/p>\n","protected":false},"author":5,"featured_media":0,"parent":0,"menu_order":0,"comment_status":"closed","ping_status":"closed","template":"","meta":{"_acf_changed":false,"footnotes":""},"acf":[],"_links":{"self":[{"href":"https:\/\/agris.rs\/wordpress\/index.php?rest_route=\/wp\/v2\/pages\/2070"}],"collection":[{"href":"https:\/\/agris.rs\/wordpress\/index.php?rest_route=\/wp\/v2\/pages"}],"about":[{"href":"https:\/\/agris.rs\/wordpress\/index.php?rest_route=\/wp\/v2\/types\/page"}],"author":[{"embeddable":true,"href":"https:\/\/agris.rs\/wordpress\/index.php?rest_route=\/wp\/v2\/users\/5"}],"replies":[{"embeddable":true,"href":"https:\/\/agris.rs\/wordpress\/index.php?rest_route=%2Fwp%2Fv2%2Fcomments&post=2070"}],"version-history":[{"count":4,"href":"https:\/\/agris.rs\/wordpress\/index.php?rest_route=\/wp\/v2\/pages\/2070\/revisions"}],"predecessor-version":[{"id":3142,"href":"https:\/\/agris.rs\/wordpress\/index.php?rest_route=\/wp\/v2\/pages\/2070\/revisions\/3142"}],"wp:attachment":[{"href":"https:\/\/agris.rs\/wordpress\/index.php?rest_route=%2Fwp%2Fv2%2Fmedia&parent=2070"}],"curies":[{"name":"wp","href":"https:\/\/api.w.org\/{rel}","templated":true}]}}