{"id":2064,"date":"2023-10-26T11:23:51","date_gmt":"2023-10-26T11:23:51","guid":{"rendered":"http:\/\/agrogis.servehttp.com\/wordpress\/?page_id=2064"},"modified":"2023-11-06T08:44:45","modified_gmt":"2023-11-06T08:44:45","slug":"agroteh-pp","status":"publish","type":"page","link":"https:\/\/agris.rs\/wordpress\/?page_id=2064","title":{"rendered":"AgroTeh PP"},"content":{"rendered":"\t\t<div data-elementor-type=\"wp-page\" data-elementor-id=\"2064\" class=\"elementor elementor-2064\">\n\t\t\t\t\t\t<section class=\"elementor-section elementor-top-section elementor-element elementor-element-2beedb24 elementor-section-boxed elementor-section-height-default elementor-section-height-default\" data-id=\"2beedb24\" data-element_type=\"section\">\n\t\t\t\t\t\t<div class=\"elementor-container elementor-column-gap-default\">\n\t\t\t\t\t<div class=\"elementor-column elementor-col-100 elementor-top-column elementor-element elementor-element-32f32766\" data-id=\"32f32766\" data-element_type=\"column\">\n\t\t\t<div class=\"elementor-widget-wrap elementor-element-populated\">\n\t\t\t\t\t\t<div class=\"elementor-element elementor-element-33d52dd7 elementor-widget elementor-widget-text-editor\" data-id=\"33d52dd7\" data-element_type=\"widget\" data-widget_type=\"text-editor.default\">\n\t\t\t\t<div class=\"elementor-widget-container\">\n\t\t\t<style>\/*! elementor - v3.21.0 - 08-05-2024 *\/\n.elementor-widget-text-editor.elementor-drop-cap-view-stacked .elementor-drop-cap{background-color:#69727d;color:#fff}.elementor-widget-text-editor.elementor-drop-cap-view-framed .elementor-drop-cap{color:#69727d;border:3px solid;background-color:transparent}.elementor-widget-text-editor:not(.elementor-drop-cap-view-default) .elementor-drop-cap{margin-top:8px}.elementor-widget-text-editor:not(.elementor-drop-cap-view-default) .elementor-drop-cap-letter{width:1em;height:1em}.elementor-widget-text-editor .elementor-drop-cap{float:left;text-align:center;line-height:1;font-size:50px}.elementor-widget-text-editor .elementor-drop-cap-letter{display:inline-block}<\/style>\t\t\t\t<!-- wp:paragraph -->\n<h2 style=\"text-align: center;\">Na osnovu senzorski detektovanih informacija o zemlji\u0161tu ili na osnovu podataka dobijenih pedolo\u0161kom i agrohemijskom analizom zemlji\u0161ta u kombinaciji sa informacijama o vi\u0161egodi\u0161njim vrednostima vegetativnih indeksa eksperti odeljenja\u00a0<strong>Agro-Tehnika-Precizna Poljoprivreda<\/strong>, \u0107e formirati mape varijabilne setve i primene pesticida za potrebe poljoprivrednih proizvo\u0111a\u010da. Tako\u0111e, u slu\u010daju potrebe, mape \u0107e i instalirati u agregate sa setvu i prskanje.<\/h2>\n<!-- \/wp:paragraph -->\t\t\t\t\t\t<\/div>\n\t\t\t\t<\/div>\n\t\t\t\t\t<\/div>\n\t\t<\/div>\n\t\t\t\t\t<\/div>\n\t\t<\/section>\n\t\t\t\t<section class=\"elementor-section elementor-top-section elementor-element elementor-element-bafe72d elementor-section-boxed elementor-section-height-default elementor-section-height-default\" data-id=\"bafe72d\" data-element_type=\"section\">\n\t\t\t\t\t\t<div class=\"elementor-container elementor-column-gap-default\">\n\t\t\t\t\t<div class=\"elementor-column elementor-col-100 elementor-top-column elementor-element elementor-element-055315e\" data-id=\"055315e\" data-element_type=\"column\">\n\t\t\t<div class=\"elementor-widget-wrap elementor-element-populated\">\n\t\t\t\t\t\t<div class=\"elementor-element elementor-element-9859d94 elementor-widget elementor-widget-image\" data-id=\"9859d94\" data-element_type=\"widget\" data-widget_type=\"image.default\">\n\t\t\t\t<div class=\"elementor-widget-container\">\n\t\t\t<style>\/*! elementor - v3.21.0 - 08-05-2024 *\/\n.elementor-widget-image{text-align:center}.elementor-widget-image a{display:inline-block}.elementor-widget-image a img[src$=\".svg\"]{width:48px}.elementor-widget-image img{vertical-align:middle;display:inline-block}<\/style>\t\t\t\t\t\t\t\t\t\t<img fetchpriority=\"high\" decoding=\"async\" width=\"1024\" height=\"578\" src=\"https:\/\/agris.rs\/wordpress\/wp-content\/uploads\/2023\/11\/Picture1-1024x578.jpg\" class=\"attachment-large size-large wp-image-3118\" alt=\"\" srcset=\"https:\/\/agris.rs\/wordpress\/wp-content\/uploads\/2023\/11\/Picture1-1024x578.jpg 1024w, https:\/\/agris.rs\/wordpress\/wp-content\/uploads\/2023\/11\/Picture1-300x169.jpg 300w, https:\/\/agris.rs\/wordpress\/wp-content\/uploads\/2023\/11\/Picture1-768x434.jpg 768w, https:\/\/agris.rs\/wordpress\/wp-content\/uploads\/2023\/11\/Picture1.jpg 1369w\" sizes=\"(max-width: 1024px) 100vw, 1024px\" \/>\t\t\t\t\t\t\t\t\t\t\t\t\t<\/div>\n\t\t\t\t<\/div>\n\t\t\t\t\t<\/div>\n\t\t<\/div>\n\t\t\t\t\t<\/div>\n\t\t<\/section>\n\t\t\t\t<\/div>\n\t\t","protected":false},"excerpt":{"rendered":"<p>Na osnovu senzorski detektovanih informacija o zemlji\u0161tu ili na osnovu podataka dobijenih pedolo\u0161kom i agrohemijskom analizom zemlji\u0161ta u kombinaciji sa informacijama o vi\u0161egodi\u0161njim vrednostima vegetativnih indeksa eksperti odeljenja\u00a0Agro-Tehnika-Precizna Poljoprivreda, \u0107e formirati mape varijabilne setve i primene pesticida za potrebe poljoprivrednih proizvo\u0111a\u010da. Tako\u0111e, u slu\u010daju potrebe, mape \u0107e i instalirati u agregate sa setvu i prskanje.<\/p>\n","protected":false},"author":5,"featured_media":0,"parent":0,"menu_order":0,"comment_status":"closed","ping_status":"closed","template":"","meta":{"_acf_changed":false,"footnotes":""},"acf":[],"_links":{"self":[{"href":"https:\/\/agris.rs\/wordpress\/index.php?rest_route=\/wp\/v2\/pages\/2064"}],"collection":[{"href":"https:\/\/agris.rs\/wordpress\/index.php?rest_route=\/wp\/v2\/pages"}],"about":[{"href":"https:\/\/agris.rs\/wordpress\/index.php?rest_route=\/wp\/v2\/types\/page"}],"author":[{"embeddable":true,"href":"https:\/\/agris.rs\/wordpress\/index.php?rest_route=\/wp\/v2\/users\/5"}],"replies":[{"embeddable":true,"href":"https:\/\/agris.rs\/wordpress\/index.php?rest_route=%2Fwp%2Fv2%2Fcomments&post=2064"}],"version-history":[{"count":7,"href":"https:\/\/agris.rs\/wordpress\/index.php?rest_route=\/wp\/v2\/pages\/2064\/revisions"}],"predecessor-version":[{"id":3124,"href":"https:\/\/agris.rs\/wordpress\/index.php?rest_route=\/wp\/v2\/pages\/2064\/revisions\/3124"}],"wp:attachment":[{"href":"https:\/\/agris.rs\/wordpress\/index.php?rest_route=%2Fwp%2Fv2%2Fmedia&parent=2064"}],"curies":[{"name":"wp","href":"https:\/\/api.w.org\/{rel}","templated":true}]}}