{"id":1348,"date":"2023-10-20T14:45:09","date_gmt":"2023-10-20T14:45:09","guid":{"rendered":"http:\/\/agrogis.servehttp.com\/wordpress\/?page_id=1348"},"modified":"2023-12-14T10:22:19","modified_gmt":"2023-12-14T10:22:19","slug":"zemljiste-6","status":"publish","type":"page","link":"https:\/\/agris.rs\/wordpress\/?page_id=1348","title":{"rendered":"Zadovoljni korisnici"},"content":{"rendered":"\t\t<div data-elementor-type=\"wp-page\" data-elementor-id=\"1348\" class=\"elementor elementor-1348\">\n\t\t\t\t\t\t<section class=\"elementor-section elementor-top-section elementor-element elementor-element-54a8a2d7 elementor-section-boxed elementor-section-height-default elementor-section-height-default\" data-id=\"54a8a2d7\" data-element_type=\"section\" data-settings=\"{&quot;background_background&quot;:&quot;classic&quot;}\">\n\t\t\t\t\t\t<div class=\"elementor-container elementor-column-gap-default\">\n\t\t\t\t\t<div class=\"elementor-column elementor-col-33 elementor-top-column elementor-element elementor-element-52a6131f\" data-id=\"52a6131f\" data-element_type=\"column\">\n\t\t\t<div class=\"elementor-widget-wrap elementor-element-populated\">\n\t\t\t\t\t\t<div class=\"elementor-element elementor-element-3852dc35 areas-box elementor-position-top elementor-widget elementor-widget-image-box\" data-id=\"3852dc35\" data-element_type=\"widget\" data-widget_type=\"image-box.default\">\n\t\t\t\t<div class=\"elementor-widget-container\">\n\t\t\t<style>\/*! elementor - v3.21.0 - 08-05-2024 *\/\n.elementor-widget-image-box .elementor-image-box-content{width:100%}@media (min-width:768px){.elementor-widget-image-box.elementor-position-left .elementor-image-box-wrapper,.elementor-widget-image-box.elementor-position-right .elementor-image-box-wrapper{display:flex}.elementor-widget-image-box.elementor-position-right .elementor-image-box-wrapper{text-align:end;flex-direction:row-reverse}.elementor-widget-image-box.elementor-position-left .elementor-image-box-wrapper{text-align:start;flex-direction:row}.elementor-widget-image-box.elementor-position-top .elementor-image-box-img{margin:auto}.elementor-widget-image-box.elementor-vertical-align-top .elementor-image-box-wrapper{align-items:flex-start}.elementor-widget-image-box.elementor-vertical-align-middle .elementor-image-box-wrapper{align-items:center}.elementor-widget-image-box.elementor-vertical-align-bottom .elementor-image-box-wrapper{align-items:flex-end}}@media (max-width:767px){.elementor-widget-image-box .elementor-image-box-img{margin-left:auto!important;margin-right:auto!important;margin-bottom:15px}}.elementor-widget-image-box .elementor-image-box-img{display:inline-block}.elementor-widget-image-box .elementor-image-box-title a{color:inherit}.elementor-widget-image-box .elementor-image-box-wrapper{text-align:center}.elementor-widget-image-box .elementor-image-box-description{margin:0}<\/style><div class=\"elementor-image-box-wrapper\"><figure class=\"elementor-image-box-img\"><a href=\"#\" tabindex=\"-1\"><img fetchpriority=\"high\" decoding=\"async\" width=\"700\" height=\"336\" src=\"https:\/\/agris.rs\/wordpress\/wp-content\/uploads\/2023\/11\/jzhjhj.png\" class=\"attachment-full size-full wp-image-3020\" alt=\"\" srcset=\"https:\/\/agris.rs\/wordpress\/wp-content\/uploads\/2023\/11\/jzhjhj.png 700w, https:\/\/agris.rs\/wordpress\/wp-content\/uploads\/2023\/11\/jzhjhj-300x144.png 300w\" sizes=\"(max-width: 700px) 100vw, 700px\" \/><\/a><\/figure><div class=\"elementor-image-box-content\"><h2 class=\"elementor-image-box-title\"><a href=\"#\">Mili\u0107 Moldovan<\/a><\/h2><p class=\"elementor-image-box-description\">Mili\u0107 Moldovan, ekonomista iz \u017diti\u0161ta se bavi ratarskom proizvodnjom. Analize zemlji\u0161ta redovno radi na Poljoprivrednom fakultetu u Novom Sadu gde dobija i preporuke za \u0111ubrenje. Sam proces rasipanja mineralnih \u0111ubriva Mili\u0107 sprovodi kori\u0161\u0107enjem  VRA (Variable Rate Application) tehnologije i na taj na\u010din racionalizuje proizvodnju i ostvaruje zna\u010dajne u\u0161tede \u0111ubriva.<\/p><\/div><\/div>\t\t<\/div>\n\t\t\t\t<\/div>\n\t\t\t\t<div class=\"elementor-element elementor-element-c18c071 areas-box elementor-position-top elementor-widget elementor-widget-image-box\" data-id=\"c18c071\" data-element_type=\"widget\" data-widget_type=\"image-box.default\">\n\t\t\t\t<div class=\"elementor-widget-container\">\n\t\t\t<div class=\"elementor-image-box-wrapper\"><figure class=\"elementor-image-box-img\"><a href=\"#\" tabindex=\"-1\"><img decoding=\"async\" width=\"1932\" height=\"859\" src=\"https:\/\/agris.rs\/wordpress\/wp-content\/uploads\/2023\/10\/Picture1111.jpg\" class=\"attachment-full size-full wp-image-1434\" alt=\"\" srcset=\"https:\/\/agris.rs\/wordpress\/wp-content\/uploads\/2023\/10\/Picture1111.jpg 1932w, https:\/\/agris.rs\/wordpress\/wp-content\/uploads\/2023\/10\/Picture1111-300x133.jpg 300w, https:\/\/agris.rs\/wordpress\/wp-content\/uploads\/2023\/10\/Picture1111-1024x455.jpg 1024w, https:\/\/agris.rs\/wordpress\/wp-content\/uploads\/2023\/10\/Picture1111-768x341.jpg 768w, https:\/\/agris.rs\/wordpress\/wp-content\/uploads\/2023\/10\/Picture1111-1536x683.jpg 1536w\" sizes=\"(max-width: 1932px) 100vw, 1932px\" \/><\/a><\/figure><div class=\"elementor-image-box-content\"><h2 class=\"elementor-image-box-title\"><a href=\"#\"><span class=\"break-words\n      \"><span dir=\"ltr\">Aleksandar Grbi\u0107 iz \u017diti\u0161ta<\/span><\/span><\/a><\/h2><p class=\"elementor-image-box-description\"><span><span dir=\"ltr\">Aleksandar Grbi\u0107 iz \u017diti\u0161ta na njivama u Srpskom Itebeju je ostvario prose\u010dan prinos p\u0161enice 8370kg\/ha (uz sve odbitke  silosa). Uz adekvatne agrotehni\u010dke mere, analize zemlji\u0161ta i preporuke \nza \u0111ubrenje koje dobija na Poljoprivrednom fakultetu u Novom Sadu i  solidne vremenske uslove, Aleksandar je veoma zadovoljan p\u0161enicom ove  godine, dok jari usevi izgledaju odli\u010dno<\/span><\/span>.<\/p><\/div><\/div>\t\t<\/div>\n\t\t\t\t<\/div>\n\t\t\t\t<div class=\"elementor-element elementor-element-31f3cdb6 areas-box elementor-position-top elementor-widget elementor-widget-image-box\" data-id=\"31f3cdb6\" data-element_type=\"widget\" data-widget_type=\"image-box.default\">\n\t\t\t\t<div class=\"elementor-widget-container\">\n\t\t\t<div class=\"elementor-image-box-wrapper\"><figure class=\"elementor-image-box-img\"><a href=\"#\" tabindex=\"-1\"><img decoding=\"async\" width=\"1600\" height=\"900\" src=\"https:\/\/agris.rs\/wordpress\/wp-content\/uploads\/2023\/10\/1686289621988.jpg\" class=\"attachment-full size-full wp-image-1411\" alt=\"\" srcset=\"https:\/\/agris.rs\/wordpress\/wp-content\/uploads\/2023\/10\/1686289621988.jpg 1600w, https:\/\/agris.rs\/wordpress\/wp-content\/uploads\/2023\/10\/1686289621988-300x169.jpg 300w, https:\/\/agris.rs\/wordpress\/wp-content\/uploads\/2023\/10\/1686289621988-1024x576.jpg 1024w, https:\/\/agris.rs\/wordpress\/wp-content\/uploads\/2023\/10\/1686289621988-768x432.jpg 768w, https:\/\/agris.rs\/wordpress\/wp-content\/uploads\/2023\/10\/1686289621988-1536x864.jpg 1536w, https:\/\/agris.rs\/wordpress\/wp-content\/uploads\/2023\/10\/1686289621988-800x450.jpg 800w\" sizes=\"(max-width: 1600px) 100vw, 1600px\" \/><\/a><\/figure><div class=\"elementor-image-box-content\"><h2 class=\"elementor-image-box-title\"><a href=\"#\">Zna\u010daj pravilnog \u0111ubrenja<\/a><\/h2><p class=\"elementor-image-box-description\"><span><span dir=\"ltr\">\"Nema ve\u0107eg zadovoljstva u poslu...<br>I pored  autorstva u mnogim nau\u010dnim radovima koji su objavljeni u najboljim  nau\u010dnim \u010dasopisima iz oblasti zemlji\u0161ta, najlep\u0161i ose\u0107aj je kada \npomogne\u0161 nekom u praksi i kad ti taj klijent po\u0161alje sliku. Desno je p\u0161enica prihranijena po na\u0161oj preporuci, analize zemlji\u0161ta ura\u0111ene na Poljoprivrednom fakultetu u Novom Sadu. Levo ista sorta p\u0161enice, ali nije klijentova parcela.\"<\/span><\/span> Prof dr Vladimir \u0106iri\u0107<\/p><\/div><\/div>\t\t<\/div>\n\t\t\t\t<\/div>\n\t\t\t\t\t<\/div>\n\t\t<\/div>\n\t\t\t\t<div class=\"elementor-column elementor-col-33 elementor-top-column elementor-element elementor-element-10b9bb7\" data-id=\"10b9bb7\" data-element_type=\"column\">\n\t\t\t<div class=\"elementor-widget-wrap elementor-element-populated\">\n\t\t\t\t\t\t<div class=\"elementor-element elementor-element-23210e0 areas-box elementor-position-top elementor-widget elementor-widget-image-box\" data-id=\"23210e0\" data-element_type=\"widget\" data-widget_type=\"image-box.default\">\n\t\t\t\t<div class=\"elementor-widget-container\">\n\t\t\t<div class=\"elementor-image-box-wrapper\"><figure class=\"elementor-image-box-img\"><a href=\"#\" tabindex=\"-1\"><img loading=\"lazy\" decoding=\"async\" width=\"1800\" height=\"1350\" src=\"https:\/\/agris.rs\/wordpress\/wp-content\/uploads\/2023\/11\/IMG-9e1c099f401b24f5174814c4d06739af-V.jpg\" class=\"attachment-full size-full wp-image-3024\" alt=\"\" srcset=\"https:\/\/agris.rs\/wordpress\/wp-content\/uploads\/2023\/11\/IMG-9e1c099f401b24f5174814c4d06739af-V.jpg 1800w, https:\/\/agris.rs\/wordpress\/wp-content\/uploads\/2023\/11\/IMG-9e1c099f401b24f5174814c4d06739af-V-300x225.jpg 300w, https:\/\/agris.rs\/wordpress\/wp-content\/uploads\/2023\/11\/IMG-9e1c099f401b24f5174814c4d06739af-V-1024x768.jpg 1024w, https:\/\/agris.rs\/wordpress\/wp-content\/uploads\/2023\/11\/IMG-9e1c099f401b24f5174814c4d06739af-V-768x576.jpg 768w, https:\/\/agris.rs\/wordpress\/wp-content\/uploads\/2023\/11\/IMG-9e1c099f401b24f5174814c4d06739af-V-1536x1152.jpg 1536w\" sizes=\"(max-width: 1800px) 100vw, 1800px\" \/><\/a><\/figure><div class=\"elementor-image-box-content\"><h2 class=\"elementor-image-box-title\"><a href=\"#\">Milan Bogunovi\u0107 <\/a><\/h2><p class=\"elementor-image-box-description\">Milan Bogunovi\u0107, doktor veterinarske medicine iz Banatskog Kara\u0111or\u0111eva, bavi se ratarstvom, zala\u017ee za za\u0161titu \u017eivotne sredine i unapre\u0111enje poljoprivredne proizvodnje. U saradnji sa profesorima Poljoprivrednog Fakulteta iz Novog Sada optimizuje \u0111ubrenje kori\u0161\u0107enjem  VRA (Variable Rate Application) tehnologije. Milan koristi varijabilno \u0111ubrenje da prostorno izjedna\u010di sadr\u017eaj hraniva u zemlji\u0161tu i na taj na\u010din obezbedi optimalnu ishranu svim biljkama na parceli.<\/p><\/div><\/div>\t\t<\/div>\n\t\t\t\t<\/div>\n\t\t\t\t<div class=\"elementor-element elementor-element-27929c5 areas-box elementor-position-top elementor-widget elementor-widget-image-box\" data-id=\"27929c5\" data-element_type=\"widget\" data-widget_type=\"image-box.default\">\n\t\t\t\t<div class=\"elementor-widget-container\">\n\t\t\t<div class=\"elementor-image-box-wrapper\"><figure class=\"elementor-image-box-img\"><a href=\"#\" tabindex=\"-1\"><img loading=\"lazy\" decoding=\"async\" width=\"1600\" height=\"674\" src=\"https:\/\/agris.rs\/wordpress\/wp-content\/uploads\/2023\/10\/Picture2-ljubo2.jpg\" class=\"attachment-full size-full wp-image-1435\" alt=\"\" srcset=\"https:\/\/agris.rs\/wordpress\/wp-content\/uploads\/2023\/10\/Picture2-ljubo2.jpg 1600w, https:\/\/agris.rs\/wordpress\/wp-content\/uploads\/2023\/10\/Picture2-ljubo2-300x126.jpg 300w, https:\/\/agris.rs\/wordpress\/wp-content\/uploads\/2023\/10\/Picture2-ljubo2-1024x431.jpg 1024w, https:\/\/agris.rs\/wordpress\/wp-content\/uploads\/2023\/10\/Picture2-ljubo2-768x324.jpg 768w, https:\/\/agris.rs\/wordpress\/wp-content\/uploads\/2023\/10\/Picture2-ljubo2-1536x647.jpg 1536w\" sizes=\"(max-width: 1600px) 100vw, 1600px\" \/><\/a><\/figure><div class=\"elementor-image-box-content\"><h2 class=\"elementor-image-box-title\"><a href=\"#\"><span><span dir=\"ltr\">Ljubomir Trnjakov iz Stapara<\/span><\/span><\/a><\/h2><p class=\"elementor-image-box-description\"><span><span dir=\"ltr\">Ljubomir Trnjakov radi dobru poljoprivrednu \npraksu u Staparu, analize zemlji\u0161ta i preporuke za \u0111ubrenje dobija na  Poljoprivrednom fakultetu u Novom Sadu. Jari usevi su odli\u010dni, p\u0161enica  od preko 8 do preko 9 t\/ha ove godine.<\/span><\/span><\/p><\/div><\/div>\t\t<\/div>\n\t\t\t\t<\/div>\n\t\t\t\t<div class=\"elementor-element elementor-element-59a891ff areas-box elementor-position-top elementor-widget elementor-widget-image-box\" data-id=\"59a891ff\" data-element_type=\"widget\" data-widget_type=\"image-box.default\">\n\t\t\t\t<div class=\"elementor-widget-container\">\n\t\t\t<div class=\"elementor-image-box-wrapper\"><figure class=\"elementor-image-box-img\"><a href=\"#\" tabindex=\"-1\"><img loading=\"lazy\" decoding=\"async\" width=\"884\" height=\"670\" src=\"https:\/\/agris.rs\/wordpress\/wp-content\/uploads\/2023\/10\/33333.jpg\" class=\"attachment-full size-full wp-image-1437\" alt=\"\" srcset=\"https:\/\/agris.rs\/wordpress\/wp-content\/uploads\/2023\/10\/33333.jpg 884w, https:\/\/agris.rs\/wordpress\/wp-content\/uploads\/2023\/10\/33333-300x227.jpg 300w, https:\/\/agris.rs\/wordpress\/wp-content\/uploads\/2023\/10\/33333-768x582.jpg 768w\" sizes=\"(max-width: 884px) 100vw, 884px\" \/><\/a><\/figure><div class=\"elementor-image-box-content\"><h2 class=\"elementor-image-box-title\"><a href=\"#\">Milo\u0161 i Vladimir Medi\u0107 iz Banata<\/a><\/h2><p class=\"elementor-image-box-description\"><span><span dir=\"ltr\">Se\u0107ate se Milo\u0161a i Vlade? <br>Evo ih u \u017eetvi. Uljana repica 4,7 t\/ha, p\u0161enica 9,5-10 t\/ha. <br>Vredne ruke + adekvatna obrada + analize zemlji\u0161ta + racionalno \u0111ubrenje = \ud83d\udcb0 <\/span><\/span><\/p><\/div><\/div>\t\t<\/div>\n\t\t\t\t<\/div>\n\t\t\t\t\t<\/div>\n\t\t<\/div>\n\t\t\t\t<div class=\"elementor-column elementor-col-33 elementor-top-column elementor-element elementor-element-33b01fc7\" data-id=\"33b01fc7\" data-element_type=\"column\">\n\t\t\t<div class=\"elementor-widget-wrap elementor-element-populated\">\n\t\t\t\t\t\t<div class=\"elementor-element elementor-element-13c2b126 areas-box elementor-position-top elementor-widget elementor-widget-image-box\" data-id=\"13c2b126\" data-element_type=\"widget\" data-widget_type=\"image-box.default\">\n\t\t\t\t<div class=\"elementor-widget-container\">\n\t\t\t<div class=\"elementor-image-box-wrapper\"><figure class=\"elementor-image-box-img\"><a href=\"#\" tabindex=\"-1\"><img loading=\"lazy\" decoding=\"async\" width=\"1136\" height=\"640\" src=\"https:\/\/agris.rs\/wordpress\/wp-content\/uploads\/2023\/11\/IMG-5a0b7a123b270722a4b13429804b26d9-V.jpg\" class=\"attachment-full size-full wp-image-3025\" alt=\"\" srcset=\"https:\/\/agris.rs\/wordpress\/wp-content\/uploads\/2023\/11\/IMG-5a0b7a123b270722a4b13429804b26d9-V.jpg 1136w, https:\/\/agris.rs\/wordpress\/wp-content\/uploads\/2023\/11\/IMG-5a0b7a123b270722a4b13429804b26d9-V-300x169.jpg 300w, https:\/\/agris.rs\/wordpress\/wp-content\/uploads\/2023\/11\/IMG-5a0b7a123b270722a4b13429804b26d9-V-1024x577.jpg 1024w, https:\/\/agris.rs\/wordpress\/wp-content\/uploads\/2023\/11\/IMG-5a0b7a123b270722a4b13429804b26d9-V-768x433.jpg 768w, https:\/\/agris.rs\/wordpress\/wp-content\/uploads\/2023\/11\/IMG-5a0b7a123b270722a4b13429804b26d9-V-800x450.jpg 800w\" sizes=\"(max-width: 1136px) 100vw, 1136px\" \/><\/a><\/figure><div class=\"elementor-image-box-content\"><h2 class=\"elementor-image-box-title\"><a href=\"#\">Kerkez Radovan<\/a><\/h2><p class=\"elementor-image-box-description\">Kerkez Radovan iz Mileti\u0107eva sa svojim sinovima proizvodi kukuruz, p\u0161enicu, soju i je\u010dam. Radovan primenjuje dobru poljoprivrednu praksu, \u0111ubri organskim i mineralnim \u0111ubrivima i racionalizuje \u0111ubrenje koriste\u0107i analize zemlji\u0161ta koje radi na Poljoprivrednom fakultetu u Novom sadu.<\/p><\/div><\/div>\t\t<\/div>\n\t\t\t\t<\/div>\n\t\t\t\t<div class=\"elementor-element elementor-element-707ffcb areas-box elementor-position-top elementor-widget elementor-widget-image-box\" data-id=\"707ffcb\" data-element_type=\"widget\" data-widget_type=\"image-box.default\">\n\t\t\t\t<div class=\"elementor-widget-container\">\n\t\t\t<div class=\"elementor-image-box-wrapper\"><figure class=\"elementor-image-box-img\"><a href=\"#\" tabindex=\"-1\"><img loading=\"lazy\" decoding=\"async\" width=\"1718\" height=\"804\" src=\"https:\/\/agris.rs\/wordpress\/wp-content\/uploads\/2023\/10\/mediciii3333.jpg\" class=\"attachment-full size-full wp-image-1436\" alt=\"\" srcset=\"https:\/\/agris.rs\/wordpress\/wp-content\/uploads\/2023\/10\/mediciii3333.jpg 1718w, https:\/\/agris.rs\/wordpress\/wp-content\/uploads\/2023\/10\/mediciii3333-300x140.jpg 300w, https:\/\/agris.rs\/wordpress\/wp-content\/uploads\/2023\/10\/mediciii3333-1024x479.jpg 1024w, https:\/\/agris.rs\/wordpress\/wp-content\/uploads\/2023\/10\/mediciii3333-768x359.jpg 768w, https:\/\/agris.rs\/wordpress\/wp-content\/uploads\/2023\/10\/mediciii3333-1536x719.jpg 1536w\" sizes=\"(max-width: 1718px) 100vw, 1718px\" \/><\/a><\/figure><div class=\"elementor-image-box-content\"><h2 class=\"elementor-image-box-title\"><a href=\"#\">Milo\u0161 i Vladimir Medi\u0107 iz Banata<\/a><\/h2><p class=\"elementor-image-box-description\"><span><span dir=\"ltr\">Na\u0161i studenti Milo\u0161 i Vladimir Medi\u0107 se bave \nratarskom proizvodnjom, primenjuju dobru poljoprivrednu praksu i rade  analize zemlji\u0161ta na Poljoprivrednom fakultetu u Novom Sadu. Iako smo na odre\u0111enim parcelama preporu\u010dili smanjene koli\u010dine \u0111ubriva, usevi izgledaju fantasti\u010dno.<\/span><\/span><\/p><\/div><\/div>\t\t<\/div>\n\t\t\t\t<\/div>\n\t\t\t\t<div class=\"elementor-element elementor-element-8f145c5 areas-box elementor-position-top elementor-widget elementor-widget-image-box\" data-id=\"8f145c5\" data-element_type=\"widget\" data-widget_type=\"image-box.default\">\n\t\t\t\t<div class=\"elementor-widget-container\">\n\t\t\t<div class=\"elementor-image-box-wrapper\"><figure class=\"elementor-image-box-img\"><a href=\"#\" tabindex=\"-1\"><img loading=\"lazy\" decoding=\"async\" width=\"1600\" height=\"1200\" src=\"https:\/\/agris.rs\/wordpress\/wp-content\/uploads\/2023\/12\/IMG-988ac548d27d9e78da233be96dc59d60-V-11.jpg\" class=\"attachment-full size-full wp-image-3372\" alt=\"\" srcset=\"https:\/\/agris.rs\/wordpress\/wp-content\/uploads\/2023\/12\/IMG-988ac548d27d9e78da233be96dc59d60-V-11.jpg 1600w, https:\/\/agris.rs\/wordpress\/wp-content\/uploads\/2023\/12\/IMG-988ac548d27d9e78da233be96dc59d60-V-11-300x225.jpg 300w, https:\/\/agris.rs\/wordpress\/wp-content\/uploads\/2023\/12\/IMG-988ac548d27d9e78da233be96dc59d60-V-11-1024x768.jpg 1024w, https:\/\/agris.rs\/wordpress\/wp-content\/uploads\/2023\/12\/IMG-988ac548d27d9e78da233be96dc59d60-V-11-768x576.jpg 768w, https:\/\/agris.rs\/wordpress\/wp-content\/uploads\/2023\/12\/IMG-988ac548d27d9e78da233be96dc59d60-V-11-1536x1152.jpg 1536w\" sizes=\"(max-width: 1600px) 100vw, 1600px\" \/><\/a><\/figure><div class=\"elementor-image-box-content\"><h2 class=\"elementor-image-box-title\"><a href=\"#\">Kristina \u0160trbac iz Nove Gajdobre<\/a><\/h2><p class=\"elementor-image-box-description\">Kristina \u0160trbac iz Nove Gajdobre planira ove jeseni da podigne zasad pista\u0107a. Za taj poduhvat ima veliku podr\u0161ku svog strica. Naravno, pre ove specifi\u010dne i veoma retke proizvodnje u na\u0161im krejevima, detaljno je analizirala zemlji\u0161te na Poljoprivrednom fakultetu u Novom Sadu. <\/p><\/div><\/div>\t\t<\/div>\n\t\t\t\t<\/div>\n\t\t\t\t<div class=\"elementor-element elementor-element-de8bc07 areas-box elementor-position-top elementor-widget elementor-widget-image-box\" data-id=\"de8bc07\" data-element_type=\"widget\" data-widget_type=\"image-box.default\">\n\t\t\t\t<div class=\"elementor-widget-container\">\n\t\t\t<div class=\"elementor-image-box-wrapper\"><figure class=\"elementor-image-box-img\"><a href=\"#\" tabindex=\"-1\"><img loading=\"lazy\" decoding=\"async\" width=\"1200\" height=\"1600\" src=\"https:\/\/agris.rs\/wordpress\/wp-content\/uploads\/2023\/12\/IMG-1fab6ed3175e9123b348994c261740e5-V.jpg\" class=\"attachment-full size-full wp-image-3468\" alt=\"\" srcset=\"https:\/\/agris.rs\/wordpress\/wp-content\/uploads\/2023\/12\/IMG-1fab6ed3175e9123b348994c261740e5-V.jpg 1200w, https:\/\/agris.rs\/wordpress\/wp-content\/uploads\/2023\/12\/IMG-1fab6ed3175e9123b348994c261740e5-V-225x300.jpg 225w, https:\/\/agris.rs\/wordpress\/wp-content\/uploads\/2023\/12\/IMG-1fab6ed3175e9123b348994c261740e5-V-768x1024.jpg 768w, https:\/\/agris.rs\/wordpress\/wp-content\/uploads\/2023\/12\/IMG-1fab6ed3175e9123b348994c261740e5-V-1152x1536.jpg 1152w\" sizes=\"(max-width: 1200px) 100vw, 1200px\" \/><\/a><\/figure><div class=\"elementor-image-box-content\"><h2 class=\"elementor-image-box-title\"><a href=\"#\">Branislav Kockar iz Kikinde<\/a><\/h2><p class=\"elementor-image-box-description\">Branislav Kockar iz Kikinde je direktor poljoprivredne fime \"Kaldarica\", koja je gra\u0111ena na temelju generacija porodice Kockar i bavi se ratarskom proizvodnjom i trgovinom poljoprivrednih proizvoda. Firma poseduje silose kapaciteta 5000t i su\u0161aru kapaciteta 10t.  Branislav radi analize zemlji\u0161ta na poljoprivrednom fakultetu u Novom Sadu. U svojoj firmi primenjuje VRA (Variable Rate Application) tehnologiju i na taj na\u010din ostvaruje u\u0161tedu \u0111ubriva i pove\u0107ava profitabilnost.<\/p><\/div><\/div>\t\t<\/div>\n\t\t\t\t<\/div>\n\t\t\t\t\t<\/div>\n\t\t<\/div>\n\t\t\t\t\t<\/div>\n\t\t<\/section>\n\t\t\t\t<\/div>\n\t\t","protected":false},"excerpt":{"rendered":"<p>Mili\u0107 Moldovan Mili\u0107 Moldovan, ekonomista iz \u017diti\u0161ta se bavi ratarskom proizvodnjom. Analize zemlji\u0161ta redovno radi na Poljoprivrednom fakultetu u Novom Sadu gde dobija i preporuke za \u0111ubrenje. Sam proces rasipanja mineralnih \u0111ubriva Mili\u0107 sprovodi kori\u0161\u0107enjem VRA (Variable Rate Application) tehnologije i na taj na\u010din racionalizuje proizvodnju i ostvaruje zna\u010dajne u\u0161tede \u0111ubriva. Aleksandar Grbi\u0107 iz \u017diti\u0161ta [&hellip;]<\/p>\n","protected":false},"author":3,"featured_media":0,"parent":0,"menu_order":0,"comment_status":"closed","ping_status":"closed","template":"","meta":{"_acf_changed":false,"footnotes":""},"acf":[],"_links":{"self":[{"href":"https:\/\/agris.rs\/wordpress\/index.php?rest_route=\/wp\/v2\/pages\/1348"}],"collection":[{"href":"https:\/\/agris.rs\/wordpress\/index.php?rest_route=\/wp\/v2\/pages"}],"about":[{"href":"https:\/\/agris.rs\/wordpress\/index.php?rest_route=\/wp\/v2\/types\/page"}],"author":[{"embeddable":true,"href":"https:\/\/agris.rs\/wordpress\/index.php?rest_route=\/wp\/v2\/users\/3"}],"replies":[{"embeddable":true,"href":"https:\/\/agris.rs\/wordpress\/index.php?rest_route=%2Fwp%2Fv2%2Fcomments&post=1348"}],"version-history":[{"count":56,"href":"https:\/\/agris.rs\/wordpress\/index.php?rest_route=\/wp\/v2\/pages\/1348\/revisions"}],"predecessor-version":[{"id":3471,"href":"https:\/\/agris.rs\/wordpress\/index.php?rest_route=\/wp\/v2\/pages\/1348\/revisions\/3471"}],"wp:attachment":[{"href":"https:\/\/agris.rs\/wordpress\/index.php?rest_route=%2Fwp%2Fv2%2Fmedia&parent=1348"}],"curies":[{"name":"wp","href":"https:\/\/api.w.org\/{rel}","templated":true}]}}